{"id":10628,"date":"2024-11-13T15:18:06","date_gmt":"2024-11-13T07:18:06","guid":{"rendered":"https:\/\/chemneo.com\/product\/10628.html"},"modified":"2024-11-13T15:18:06","modified_gmt":"2024-11-13T07:18:06","slug":"olive-oil-cas-8001-25-0-2","status":"publish","type":"product","link":"https:\/\/chemneo.com\/pt\/product\/10628.html","title":{"rendered":"Olive Oil Cas 8001-25-0"},"content":{"rendered":"<p>Descri\u00e7\u00e3o<\/p>\n<p>\tOlive oil Quick Details<br \/>\nChemical Name: Olive oilCAS No.: 8001-25-0Molecular Fomula: N\/A<br \/>\nTypical Properties<\/p>\n<p>ITEMS<br \/>\nSPECIFICATION<\/p>\n<p>Apar\u00eancia<br \/>\nYellow viscous liquid<\/p>\n<p>\u00cdndice de refra\u00e7\u00e3o<br \/>\n1.467-1.471<\/p>\n<p>Densidade<br \/>\n0.9135<\/p>\n<p>Ponto de inflama\u00e7\u00e3o<br \/>\n225 \u00b0C<\/p>\n<p>Application:<br \/>\nUsed in the preparation of ointments, liniments, special fabric soaps, laxatives and choleretics, and also as a friction reducer<br \/>\nPackaging and Shipping\u00a0<br \/>\nCustomized according to customer needs.<br \/>\nArmazenamento<br \/>\nStore in a cool, dry place, tightly sealed.<\/p>","protected":false},"excerpt":{"rendered":"<p>Chemical Name: Olive oil<br \/>\nCAS No.: 8001-25-0<br \/>\nMolecular Fomula: N\/A<\/p>","protected":false},"featured_media":7153,"comment_status":"open","ping_status":"closed","template":"","meta":[],"product_brand":[],"product_cat":[17],"product_tag":[],"class_list":{"0":"post-10628","1":"product","2":"type-product","3":"status-publish","4":"has-post-thumbnail","6":"product_cat-uncategorized","8":"first","9":"instock","10":"shipping-taxable","11":"product-type-simple"},"_links":{"self":[{"href":"https:\/\/chemneo.com\/pt\/wp-json\/wp\/v2\/product\/10628","targetHints":{"allow":["GET"]}}],"collection":[{"href":"https:\/\/chemneo.com\/pt\/wp-json\/wp\/v2\/product"}],"about":[{"href":"https:\/\/chemneo.com\/pt\/wp-json\/wp\/v2\/types\/product"}],"replies":[{"embeddable":true,"href":"https:\/\/chemneo.com\/pt\/wp-json\/wp\/v2\/comments?post=10628"}],"wp:featuredmedia":[{"embeddable":true,"href":"https:\/\/chemneo.com\/pt\/wp-json\/wp\/v2\/media\/7153"}],"wp:attachment":[{"href":"https:\/\/chemneo.com\/pt\/wp-json\/wp\/v2\/media?parent=10628"}],"wp:term":[{"taxonomy":"product_brand","embeddable":true,"href":"https:\/\/chemneo.com\/pt\/wp-json\/wp\/v2\/product_brand?post=10628"},{"taxonomy":"product_cat","embeddable":true,"href":"https:\/\/chemneo.com\/pt\/wp-json\/wp\/v2\/product_cat?post=10628"},{"taxonomy":"product_tag","embeddable":true,"href":"https:\/\/chemneo.com\/pt\/wp-json\/wp\/v2\/product_tag?post=10628"}],"curies":[{"name":"wp","href":"https:\/\/api.w.org\/{rel}","templated":true}]}}