{"id":10654,"date":"2024-11-13T15:18:11","date_gmt":"2024-11-13T07:18:11","guid":{"rendered":"https:\/\/chemneo.com\/product\/10654.html"},"modified":"2024-11-13T15:18:11","modified_gmt":"2024-11-13T07:18:11","slug":"tert-butylchlorodiphenylsilane-cas-58479-61-1-2","status":"publish","type":"product","link":"https:\/\/chemneo.com\/pt\/product\/10654.html","title":{"rendered":"tert-Butylchlorodiphenylsilane CAS 58479-61-1"},"content":{"rendered":"<p>Descri\u00e7\u00e3o<\/p>\n<p>\ttert-Butylchlorodiphenylsilane Details<br \/>\nChemical Name: tert-Butylchlorodiphenylsilane<br \/>\nSynonyms: tert-Butyldiphenylchlorosilane; tert-Butyldiphenylsilyl chloride<br \/>\nCAS No.: 58479-61-1<br \/>\nMolecular Formula: C16H19ClSi<br \/>\nMolecular Weight: 274.86<br \/>\nMolecular\u00a0Structure:<br \/>\nAspeto: L\u00edquido<br \/>\ntert-Butylchlorodiphenylsilane Typical Properties<\/p>\n<p>Ponto de ebuli\u00e7\u00e3o<br \/>\n90\u00a0\u00b0C0.01\u00a0mm Hg(lit.)<\/p>\n<p>\u00cdndice de refra\u00e7\u00e3o<br \/>\nn20\/D 1.568(lit.)<\/p>\n<p>Densidade<br \/>\n1.057\u00a0g\/mL\u00a0at 25\u00a0\u00b0C(lit.)<\/p>\n<p>Armazenamento<br \/>\nInert atmosphere,2-8\u00b0C<\/p>\n<p>Apar\u00eancia<br \/>\nL\u00edquido<\/p>\n<p>Colour<br \/>\nTransparent and colorless to yellow or slightly brown<\/p>\n<p>Ponto de inflama\u00e7\u00e3o<br \/>\n>230\u00a0\u00b0F<\/p>\n<p>\u00a0<br \/>\ntert-Butylchlorodiphenylsilane Usage<br \/>\nMainly used as silylation reagent and preparation of enol silyl ethers.<br \/>\ntert-Butylchlorodiphenylsilane Packaging and Shipping<br \/>\nPacking: 25KG\/Drum<br \/>\ntert-Butylchlorodiphenylsilane Storage<br \/>\nKeep in a well-closed,light-resistant, dry and cool place.<\/p>","protected":false},"excerpt":{"rendered":"<p>Chemical Name: tert-Butylchlorodiphenylsilane<br \/>\nSynonyms: tert-Butyldiphenylchlorosilane; tert-Butyldiphenylsilyl chloride<br \/>\nCAS No.: 58479-61-1<br \/>\nMolecular Formula: C16H19ClSi<br \/>\nMolecular Weight: 274.86<br \/>\nAspeto: L\u00edquido<\/p>","protected":false},"featured_media":7205,"comment_status":"open","ping_status":"closed","template":"","meta":[],"product_brand":[],"product_cat":[17],"product_tag":[],"class_list":{"0":"post-10654","1":"product","2":"type-product","3":"status-publish","4":"has-post-thumbnail","6":"product_cat-uncategorized","8":"first","9":"instock","10":"shipping-taxable","11":"product-type-simple"},"_links":{"self":[{"href":"https:\/\/chemneo.com\/pt\/wp-json\/wp\/v2\/product\/10654","targetHints":{"allow":["GET"]}}],"collection":[{"href":"https:\/\/chemneo.com\/pt\/wp-json\/wp\/v2\/product"}],"about":[{"href":"https:\/\/chemneo.com\/pt\/wp-json\/wp\/v2\/types\/product"}],"replies":[{"embeddable":true,"href":"https:\/\/chemneo.com\/pt\/wp-json\/wp\/v2\/comments?post=10654"}],"wp:featuredmedia":[{"embeddable":true,"href":"https:\/\/chemneo.com\/pt\/wp-json\/wp\/v2\/media\/7205"}],"wp:attachment":[{"href":"https:\/\/chemneo.com\/pt\/wp-json\/wp\/v2\/media?parent=10654"}],"wp:term":[{"taxonomy":"product_brand","embeddable":true,"href":"https:\/\/chemneo.com\/pt\/wp-json\/wp\/v2\/product_brand?post=10654"},{"taxonomy":"product_cat","embeddable":true,"href":"https:\/\/chemneo.com\/pt\/wp-json\/wp\/v2\/product_cat?post=10654"},{"taxonomy":"product_tag","embeddable":true,"href":"https:\/\/chemneo.com\/pt\/wp-json\/wp\/v2\/product_tag?post=10654"}],"curies":[{"name":"wp","href":"https:\/\/api.w.org\/{rel}","templated":true}]}}