{"id":10664,"date":"2024-11-13T15:18:13","date_gmt":"2024-11-13T07:18:13","guid":{"rendered":"https:\/\/chemneo.com\/product\/10664.html"},"modified":"2024-11-13T15:18:13","modified_gmt":"2024-11-13T07:18:13","slug":"oleoyl-chloride-cas-112-77-6-2","status":"publish","type":"product","link":"https:\/\/chemneo.com\/pt\/product\/10664.html","title":{"rendered":"Cloreto de oleo\u00edlo CAS 112-77-6"},"content":{"rendered":"<p>Descri\u00e7\u00e3o<\/p>\n<p>\tOleoyl Chloride Quick Details<br \/>\nChemical Name: Oleoyl Chloride<br \/>\nCAS No.: 112-77-6<br \/>\nMolecular Fomula: C18H33ClO<br \/>\nChemical Structure:<br \/>\nMolecular weight: 300.91<br \/>\nAppearance:\u00a0Transparent colorless to light beige\u00a0liquid<br \/>\nEnsaio: \u226599.0%<br \/>\nTypical Properties<\/p>\n<p>ITEMS<br \/>\nSPECIFICATION<\/p>\n<p>Densidade<br \/>\n0.91 g\/mL at 25 \u00b0C (lit.)<\/p>\n<p>Ponto de ebuli\u00e7\u00e3o<br \/>\n193 \u00b0C\/4 mmHg (lit.)<\/p>\n<p>Melt point<br \/>\n95-98 \u00b0C (lit.)<\/p>\n<p>Ponto de inflama\u00e7\u00e3o<br \/>\n>230\u00a0\u00b0F<\/p>\n<p>Oleoyl Chloride\u00a0application:<br \/>\nIt is a widely used organic synthesis intermediate. It can react with alcohols, phenols, amines and other compounds to synthesize various surfactant products. It can also be directly used in wool spinning, silk, synthetic fibers, printing and dyeing, machinery industry and other industries.<br \/>\nPackaging and Shipping\u00a0<br \/>\n200kg\/drum<br \/>\nOleoyl Chloride \u00a0Storage<br \/>\nIt should be stored in a clean, dry and cool place, preventing from sunlight, rain.<\/p>","protected":false},"excerpt":{"rendered":"<p>Chemical Name: Oleoyl Chloride<br \/>\nSynonyms: Oleic Acid Chloride;<br \/>\nCAS No.: 112-77-6<br \/>\nAppearance:\u00a0Transparent colorless to light beige\u00a0liquid<br \/>\nEnsaio: \u226599.0%<\/p>","protected":false},"featured_media":7224,"comment_status":"open","ping_status":"closed","template":"","meta":[],"product_brand":[],"product_cat":[17],"product_tag":[],"class_list":{"0":"post-10664","1":"product","2":"type-product","3":"status-publish","4":"has-post-thumbnail","6":"product_cat-uncategorized","8":"first","9":"instock","10":"shipping-taxable","11":"product-type-simple"},"_links":{"self":[{"href":"https:\/\/chemneo.com\/pt\/wp-json\/wp\/v2\/product\/10664","targetHints":{"allow":["GET"]}}],"collection":[{"href":"https:\/\/chemneo.com\/pt\/wp-json\/wp\/v2\/product"}],"about":[{"href":"https:\/\/chemneo.com\/pt\/wp-json\/wp\/v2\/types\/product"}],"replies":[{"embeddable":true,"href":"https:\/\/chemneo.com\/pt\/wp-json\/wp\/v2\/comments?post=10664"}],"wp:featuredmedia":[{"embeddable":true,"href":"https:\/\/chemneo.com\/pt\/wp-json\/wp\/v2\/media\/7224"}],"wp:attachment":[{"href":"https:\/\/chemneo.com\/pt\/wp-json\/wp\/v2\/media?parent=10664"}],"wp:term":[{"taxonomy":"product_brand","embeddable":true,"href":"https:\/\/chemneo.com\/pt\/wp-json\/wp\/v2\/product_brand?post=10664"},{"taxonomy":"product_cat","embeddable":true,"href":"https:\/\/chemneo.com\/pt\/wp-json\/wp\/v2\/product_cat?post=10664"},{"taxonomy":"product_tag","embeddable":true,"href":"https:\/\/chemneo.com\/pt\/wp-json\/wp\/v2\/product_tag?post=10664"}],"curies":[{"name":"wp","href":"https:\/\/api.w.org\/{rel}","templated":true}]}}