{"id":10666,"date":"2024-11-13T15:18:13","date_gmt":"2024-11-13T07:18:13","guid":{"rendered":"https:\/\/chemneo.com\/product\/10666.html"},"modified":"2024-11-13T15:18:13","modified_gmt":"2024-11-13T07:18:13","slug":"benzoyl-isothiocyanate-cas-532-55-8-2","status":"publish","type":"product","link":"https:\/\/chemneo.com\/pt\/product\/10666.html","title":{"rendered":"Isotiocianato de benzo\u00edlo CAS 532-55-8"},"content":{"rendered":"<p>Descri\u00e7\u00e3o<\/p>\n<p>\tBenzoyl isothiocyanate<br \/>\nBenzoyl isothiocyanate\u00a0Quick Details<br \/>\nChemical Name: Benzoyl isothiocyanate<br \/>\nCAS No.: 532-55-8<br \/>\nMolecular Fomula:\u00a0C8H5NOS<br \/>\nChemical Structure:<br \/>\nMolecular weight:163.2<br \/>\nAppearance: Transparent yellow to orange-brown liquid<br \/>\nEnsaio\uff1a\u226599.0%<br \/>\nBenzoyl isothiocyanate\u00a0Typical Properties<\/p>\n<p>Items<br \/>\nResult<\/p>\n<p>Apar\u00eancia<br \/>\nTransparent yellow to orange-brown liquid<\/p>\n<p>Conte\u00fado<br \/>\n98.0%min<\/p>\n<p>Benzoyl isothiocyanate\u00a0application:<br \/>\nUsed to synthesize pesticides, medicines, dyes, etc<br \/>\nBenzoyl isothiocyanate\u00a0Packaging and Shipping<br \/>\n200kg\/drum customized according to customer needs.<br \/>\nBenzoyl isothiocyanate\u00a0Storage<br \/>\nIt should be stored in a clean, dry and cool place, preventing from sunlight, rain.<\/p>","protected":false},"excerpt":{"rendered":"<p>Chemical Name: Benzoyl isothiocyanate<br \/>\nCAS No.: 532-55-8<br \/>\nAppearance: Transparent yellow to orange-brown liquid<br \/>\nEnsaio\uff1a\u226599.0%<\/p>","protected":false},"featured_media":7228,"comment_status":"open","ping_status":"closed","template":"","meta":[],"product_brand":[],"product_cat":[17],"product_tag":[],"class_list":{"0":"post-10666","1":"product","2":"type-product","3":"status-publish","4":"has-post-thumbnail","6":"product_cat-uncategorized","8":"first","9":"instock","10":"shipping-taxable","11":"product-type-simple"},"_links":{"self":[{"href":"https:\/\/chemneo.com\/pt\/wp-json\/wp\/v2\/product\/10666","targetHints":{"allow":["GET"]}}],"collection":[{"href":"https:\/\/chemneo.com\/pt\/wp-json\/wp\/v2\/product"}],"about":[{"href":"https:\/\/chemneo.com\/pt\/wp-json\/wp\/v2\/types\/product"}],"replies":[{"embeddable":true,"href":"https:\/\/chemneo.com\/pt\/wp-json\/wp\/v2\/comments?post=10666"}],"wp:featuredmedia":[{"embeddable":true,"href":"https:\/\/chemneo.com\/pt\/wp-json\/wp\/v2\/media\/7228"}],"wp:attachment":[{"href":"https:\/\/chemneo.com\/pt\/wp-json\/wp\/v2\/media?parent=10666"}],"wp:term":[{"taxonomy":"product_brand","embeddable":true,"href":"https:\/\/chemneo.com\/pt\/wp-json\/wp\/v2\/product_brand?post=10666"},{"taxonomy":"product_cat","embeddable":true,"href":"https:\/\/chemneo.com\/pt\/wp-json\/wp\/v2\/product_cat?post=10666"},{"taxonomy":"product_tag","embeddable":true,"href":"https:\/\/chemneo.com\/pt\/wp-json\/wp\/v2\/product_tag?post=10666"}],"curies":[{"name":"wp","href":"https:\/\/api.w.org\/{rel}","templated":true}]}}