{"id":10688,"date":"2024-11-13T15:18:16","date_gmt":"2024-11-13T07:18:16","guid":{"rendered":"https:\/\/chemneo.com\/product\/10688.html"},"modified":"2024-11-13T15:18:16","modified_gmt":"2024-11-13T07:18:16","slug":"2-amino-99-dimethylfluorene-cas-108714-73-4-2","status":"publish","type":"product","link":"https:\/\/chemneo.com\/pt\/product\/10688.html","title":{"rendered":"2-Amino-9,9-dimetilfluoreno CAS 108714-73-4"},"content":{"rendered":"<p>Descri\u00e7\u00e3o<\/p>\n<p>\t2-Amino-9,9-dimethylfluorene<br \/>\nDenomina\u00e7\u00e3o qu\u00edmica: 2-Amino-9,9-dimetilfluoreno<br \/>\nN.\u00ba CAS: 108714-73-4<br \/>\nF\u00f3rmula molecular: C15H15N<br \/>\nChemical Structure:<\/p>\n<p>Peso molecular: 209,29<br \/>\nAspeto: p\u00f3<br \/>\nTypical Properties<\/p>\n<p>CAS<br \/>\n108714-73-4<\/p>\n<p>Pureza<br \/>\n99%min<\/p>\n<p>Melting point<br \/>\n166-170\u00b0C<\/p>\n<p>Densidade<br \/>\n1.107<\/p>\n<p>Ponto de ebuli\u00e7\u00e3o<br \/>\n374.2\u00b121\u00b0C<\/p>\n<p>\u00a0<br \/>\n2-Amino-9,9-dimethylfluorene Application:<br \/>\nUsed as an intermediate for pharmaceutical, organic, and optoelectronic materials.<br \/>\n2-Amino-9,9-dimethylfluorene Package:\u00a0<br \/>\n25kg \/drum<br \/>\n2-Amino-9,9-dimethylfluorene Storage:<br \/>\nKeep in dark place,Inert atmosphere,Room temperature.<\/p>","protected":false},"excerpt":{"rendered":"<p>Denomina\u00e7\u00e3o qu\u00edmica: 2-Amino-9,9-dimetilfluoreno<br \/>\nN.\u00ba CAS: 108714-73-4<br \/>\nF\u00f3rmula molecular: C15H15N<br \/>\nPeso molecular: 209,29<br \/>\nAspeto: p\u00f3<\/p>","protected":false},"featured_media":7271,"comment_status":"open","ping_status":"closed","template":"","meta":[],"product_brand":[],"product_cat":[17],"product_tag":[],"class_list":{"0":"post-10688","1":"product","2":"type-product","3":"status-publish","4":"has-post-thumbnail","6":"product_cat-uncategorized","8":"first","9":"instock","10":"shipping-taxable","11":"product-type-simple"},"_links":{"self":[{"href":"https:\/\/chemneo.com\/pt\/wp-json\/wp\/v2\/product\/10688","targetHints":{"allow":["GET"]}}],"collection":[{"href":"https:\/\/chemneo.com\/pt\/wp-json\/wp\/v2\/product"}],"about":[{"href":"https:\/\/chemneo.com\/pt\/wp-json\/wp\/v2\/types\/product"}],"replies":[{"embeddable":true,"href":"https:\/\/chemneo.com\/pt\/wp-json\/wp\/v2\/comments?post=10688"}],"wp:featuredmedia":[{"embeddable":true,"href":"https:\/\/chemneo.com\/pt\/wp-json\/wp\/v2\/media\/7271"}],"wp:attachment":[{"href":"https:\/\/chemneo.com\/pt\/wp-json\/wp\/v2\/media?parent=10688"}],"wp:term":[{"taxonomy":"product_brand","embeddable":true,"href":"https:\/\/chemneo.com\/pt\/wp-json\/wp\/v2\/product_brand?post=10688"},{"taxonomy":"product_cat","embeddable":true,"href":"https:\/\/chemneo.com\/pt\/wp-json\/wp\/v2\/product_cat?post=10688"},{"taxonomy":"product_tag","embeddable":true,"href":"https:\/\/chemneo.com\/pt\/wp-json\/wp\/v2\/product_tag?post=10688"}],"curies":[{"name":"wp","href":"https:\/\/api.w.org\/{rel}","templated":true}]}}