{"id":10722,"date":"2024-11-13T15:18:22","date_gmt":"2024-11-13T07:18:22","guid":{"rendered":"https:\/\/chemneo.com\/product\/10722.html"},"modified":"2024-11-13T15:18:22","modified_gmt":"2024-11-13T07:18:22","slug":"disodium-laureth-sulfosuccinate-cas-36409-57-1-2","status":"publish","type":"product","link":"https:\/\/chemneo.com\/pt\/product\/10722.html","title":{"rendered":"Laureth sulfosuccinate diss\u00f3dico CAS 36409-57-1"},"content":{"rendered":"<p>Descri\u00e7\u00e3o<\/p>\n<p>\tDisodium laureth sulfosuccinate\u00a0Quick Details<br \/>\nNome qu\u00edmico: Laureth sulfosuccinate diss\u00f3dico<br \/>\nN.\u00ba CAS: 36409-57-1<br \/>\nF\u00f3rmula molecular: C16H28Na2O7S<br \/>\nChemical Structure:<\/p>\n<p>Peso molecular: 410,43<br \/>\nAspeto: P\u00f3 branco<br \/>\nEnsaio: \u226599.0%<br \/>\nTypical Properties<\/p>\n<p>ITEMS<br \/>\nSPECIFICATION<\/p>\n<p>Apar\u00eancia<br \/>\nP\u00f3 branco<\/p>\n<p>Pureza<br \/>\n\u226599.0%<\/p>\n<p>Heavy Metal<br \/>\n0 ppm<\/p>\n<p>\u00a0<br \/>\nDisodium laureth sulfosuccinate application:<br \/>\nIt can be used to manufacture shampoo, shower gel, hand soap and other daily chemical products, and can also be used as emulsifier, wetting agent, dispersant, foaming agent, etc. Widely used in coating, leather, paper, ink and other industries<br \/>\nPackaging and Shipping\u00a0<br \/>\n25kg\/bag<br \/>\nDisodium laureth sulfosuccinate\u00a0Storage<br \/>\nIt should be stored in a clean, dry and cool place, preventing from sunlight, rain.<\/p>","protected":false},"excerpt":{"rendered":"<p>Nome qu\u00edmico: Laureth sulfosuccinate diss\u00f3dico<br \/>\nN.\u00ba CAS: 36409-57-1<br \/>\nF\u00f3rmula molecular: C16H28Na2O7S<br \/>\nPeso molecular: 410,43<br \/>\nAspeto: P\u00f3 branco<br \/>\nEnsaio: \u226599.0%<\/p>","protected":false},"featured_media":7338,"comment_status":"open","ping_status":"closed","template":"","meta":[],"product_brand":[],"product_cat":[17],"product_tag":[],"class_list":{"0":"post-10722","1":"product","2":"type-product","3":"status-publish","4":"has-post-thumbnail","6":"product_cat-uncategorized","8":"first","9":"instock","10":"shipping-taxable","11":"product-type-simple"},"_links":{"self":[{"href":"https:\/\/chemneo.com\/pt\/wp-json\/wp\/v2\/product\/10722","targetHints":{"allow":["GET"]}}],"collection":[{"href":"https:\/\/chemneo.com\/pt\/wp-json\/wp\/v2\/product"}],"about":[{"href":"https:\/\/chemneo.com\/pt\/wp-json\/wp\/v2\/types\/product"}],"replies":[{"embeddable":true,"href":"https:\/\/chemneo.com\/pt\/wp-json\/wp\/v2\/comments?post=10722"}],"wp:featuredmedia":[{"embeddable":true,"href":"https:\/\/chemneo.com\/pt\/wp-json\/wp\/v2\/media\/7338"}],"wp:attachment":[{"href":"https:\/\/chemneo.com\/pt\/wp-json\/wp\/v2\/media?parent=10722"}],"wp:term":[{"taxonomy":"product_brand","embeddable":true,"href":"https:\/\/chemneo.com\/pt\/wp-json\/wp\/v2\/product_brand?post=10722"},{"taxonomy":"product_cat","embeddable":true,"href":"https:\/\/chemneo.com\/pt\/wp-json\/wp\/v2\/product_cat?post=10722"},{"taxonomy":"product_tag","embeddable":true,"href":"https:\/\/chemneo.com\/pt\/wp-json\/wp\/v2\/product_tag?post=10722"}],"curies":[{"name":"wp","href":"https:\/\/api.w.org\/{rel}","templated":true}]}}