{"id":10744,"date":"2024-11-13T15:18:25","date_gmt":"2024-11-13T07:18:25","guid":{"rendered":"https:\/\/chemneo.com\/product\/10744.html"},"modified":"2024-11-13T15:18:26","modified_gmt":"2024-11-13T07:18:26","slug":"titanium-propoxide-cas-3087-37-4-2","status":"publish","type":"product","link":"https:\/\/chemneo.com\/pt\/product\/10744.html","title":{"rendered":"Prop\u00f3xido de tit\u00e2nio CAS 3087-37-4"},"content":{"rendered":"<p>Descri\u00e7\u00e3o<\/p>\n<p>\tTitanium propoxide Quick Details<br \/>\nChemical Name: Titanium propoxide<br \/>\nCAS No.: 3087-37-4<br \/>\nMolecular Fomula: C3H8OTi<br \/>\nChemical Structure:<\/p>\n<p>Molecular weight: 107.96<br \/>\nAspeto: l\u00edquido incolor<br \/>\nEnsaio: 99%<br \/>\nTypical Properties<\/p>\n<p>ITEMS<br \/>\nSPECIFICATION<\/p>\n<p>Densidade<br \/>\n1.033\u00a0g\/mL\u00a0at 25\u00a0\u00b0C(lit.)<\/p>\n<p>melting point<br \/>\n20\u00b0C<\/p>\n<p>boiling point<br \/>\n170\u00a0\u00b0C3\u00a0mm Hg(lit.)<\/p>\n<p>\u00a0<br \/>\nTitanium propoxide\u00a0application:<br \/>\nTitanium propoxide is an ester organic matter, which is mainly used in oilfield, organic synthesis catalyst, analytical instrument coating and so on.<br \/>\nPackaging and Shipping<br \/>\n200kg\/drum<br \/>\nTitanium propoxide\u00a0Storage<br \/>\nThis product shall be airtight, out of the sun, moisture-proof and away from heat. The storage period is one year.<\/p>","protected":false},"excerpt":{"rendered":"<p>Chemical Name: Titanium propoxide<br \/>\nCAS No.: 3087-37-4<br \/>\nMolecular Fomula: C3H8OTi<br \/>\nMolecular weight: 107.96<br \/>\nAspeto: l\u00edquido incolor<br \/>\nEnsaio: 99%<\/p>","protected":false},"featured_media":7382,"comment_status":"open","ping_status":"closed","template":"","meta":[],"product_brand":[],"product_cat":[17],"product_tag":[],"class_list":{"0":"post-10744","1":"product","2":"type-product","3":"status-publish","4":"has-post-thumbnail","6":"product_cat-uncategorized","8":"first","9":"instock","10":"shipping-taxable","11":"product-type-simple"},"_links":{"self":[{"href":"https:\/\/chemneo.com\/pt\/wp-json\/wp\/v2\/product\/10744","targetHints":{"allow":["GET"]}}],"collection":[{"href":"https:\/\/chemneo.com\/pt\/wp-json\/wp\/v2\/product"}],"about":[{"href":"https:\/\/chemneo.com\/pt\/wp-json\/wp\/v2\/types\/product"}],"replies":[{"embeddable":true,"href":"https:\/\/chemneo.com\/pt\/wp-json\/wp\/v2\/comments?post=10744"}],"wp:featuredmedia":[{"embeddable":true,"href":"https:\/\/chemneo.com\/pt\/wp-json\/wp\/v2\/media\/7382"}],"wp:attachment":[{"href":"https:\/\/chemneo.com\/pt\/wp-json\/wp\/v2\/media?parent=10744"}],"wp:term":[{"taxonomy":"product_brand","embeddable":true,"href":"https:\/\/chemneo.com\/pt\/wp-json\/wp\/v2\/product_brand?post=10744"},{"taxonomy":"product_cat","embeddable":true,"href":"https:\/\/chemneo.com\/pt\/wp-json\/wp\/v2\/product_cat?post=10744"},{"taxonomy":"product_tag","embeddable":true,"href":"https:\/\/chemneo.com\/pt\/wp-json\/wp\/v2\/product_tag?post=10744"}],"curies":[{"name":"wp","href":"https:\/\/api.w.org\/{rel}","templated":true}]}}