{"id":10752,"date":"2024-11-13T15:18:27","date_gmt":"2024-11-13T07:18:27","guid":{"rendered":"https:\/\/chemneo.com\/product\/10752.html"},"modified":"2024-11-13T15:18:27","modified_gmt":"2024-11-13T07:18:27","slug":"hexanoic-acid-2-ethyl-2-oxopropyl-ester-cas-2417921-46-9-2","status":"publish","type":"product","link":"https:\/\/chemneo.com\/pt\/product\/10752.html","title":{"rendered":"\u00c1cido hexan\u00f3ico, 2-etil-, \u00e9ster 2-oxoprop\u00edlico CAS 2417921-46-9"},"content":{"rendered":"<p>Descri\u00e7\u00e3o<\/p>\n<p>\tHexanoic acid, 2-ethyl-, 2-oxopropyl ester\u00a0Quick Details<br \/>\nDenomina\u00e7\u00e3o qu\u00edmica: \u00c1cido hexan\u00f3ico, 2-etil-, \u00e9ster 2-oxoprop\u00edlico<br \/>\nN.\u00ba CAS: 2417921-46-9<br \/>\nF\u00f3rmula molecular: C11H20O3<br \/>\nChemical Structure:<br \/>\nPeso molecular: 200,27<br \/>\nPureza: \u226595%<br \/>\nHexanoic acid, 2-ethyl-, 2-oxopropyl ester Typical Properties<\/p>\n<p>ITEMS<br \/>\nSPECIFICATION<\/p>\n<p>Purity, %<br \/>\n\u226595.0<\/p>\n<p>Hexanoic acid, 2-ethyl-, 2-oxopropyl ester application:<br \/>\nReagent.<br \/>\nHexanoic acid, 2-ethyl-, 2-oxopropyl ester Packaging and Shipping\u00a0<br \/>\n25kg\/drum<br \/>\ncustomized according to customer needs.<br \/>\nHexanoic acid, 2-ethyl-, 2-oxopropyl ester\u00a0Storage<br \/>\nIt should be stored in a clean, dry and cool place, preventing from sunlight, rain.<\/p>","protected":false},"excerpt":{"rendered":"<p>Denomina\u00e7\u00e3o qu\u00edmica: \u00c1cido hexan\u00f3ico, 2-etil-, \u00e9ster 2-oxoprop\u00edlico<br \/>\nN.\u00ba CAS: 2417921-46-9<br \/>\nF\u00f3rmula molecular: C11H20O3<br \/>\nPeso molecular: 200,27<br \/>\nPureza: \u226595%<\/p>","protected":false},"featured_media":7398,"comment_status":"open","ping_status":"closed","template":"","meta":[],"product_brand":[],"product_cat":[17],"product_tag":[],"class_list":{"0":"post-10752","1":"product","2":"type-product","3":"status-publish","4":"has-post-thumbnail","6":"product_cat-uncategorized","8":"first","9":"instock","10":"shipping-taxable","11":"product-type-simple"},"_links":{"self":[{"href":"https:\/\/chemneo.com\/pt\/wp-json\/wp\/v2\/product\/10752","targetHints":{"allow":["GET"]}}],"collection":[{"href":"https:\/\/chemneo.com\/pt\/wp-json\/wp\/v2\/product"}],"about":[{"href":"https:\/\/chemneo.com\/pt\/wp-json\/wp\/v2\/types\/product"}],"replies":[{"embeddable":true,"href":"https:\/\/chemneo.com\/pt\/wp-json\/wp\/v2\/comments?post=10752"}],"wp:featuredmedia":[{"embeddable":true,"href":"https:\/\/chemneo.com\/pt\/wp-json\/wp\/v2\/media\/7398"}],"wp:attachment":[{"href":"https:\/\/chemneo.com\/pt\/wp-json\/wp\/v2\/media?parent=10752"}],"wp:term":[{"taxonomy":"product_brand","embeddable":true,"href":"https:\/\/chemneo.com\/pt\/wp-json\/wp\/v2\/product_brand?post=10752"},{"taxonomy":"product_cat","embeddable":true,"href":"https:\/\/chemneo.com\/pt\/wp-json\/wp\/v2\/product_cat?post=10752"},{"taxonomy":"product_tag","embeddable":true,"href":"https:\/\/chemneo.com\/pt\/wp-json\/wp\/v2\/product_tag?post=10752"}],"curies":[{"name":"wp","href":"https:\/\/api.w.org\/{rel}","templated":true}]}}