{"id":10758,"date":"2024-11-13T15:18:28","date_gmt":"2024-11-13T07:18:28","guid":{"rendered":"https:\/\/chemneo.com\/product\/10758.html"},"modified":"2024-11-13T15:18:28","modified_gmt":"2024-11-13T07:18:28","slug":"nalpha-cbz-l-arginine-cas-1234-35-1-2","status":"publish","type":"product","link":"https:\/\/chemneo.com\/pt\/product\/10758.html","title":{"rendered":"Nalpha-Cbz-L-Arginine CAS 1234-35-1"},"content":{"rendered":"<p>Descri\u00e7\u00e3o<\/p>\n<p>\tNalpha-Cbz-L-Arginine\u00a0Quick Details<br \/>\nChemical Name: Nalpha-Cbz-L-Arginine<br \/>\nSynonyms: Nalpha-Carbobenzyloxy-L-arginine<br \/>\nCAS No.: 1234-35-1<br \/>\nMolecular Fomula: C14H20N4O4<br \/>\nChemical Structure:<br \/>\nMolecular weight: 308.33<br \/>\nAspeto: S\u00f3lido branco<br \/>\nEnsaio: \u226599.0%<br \/>\nNalpha-Cbz-L-Arginine Typical Properties<\/p>\n<p>ITEMS<br \/>\nSPECIFICATION<\/p>\n<p>Apar\u00eancia<br \/>\nwhite solid<\/p>\n<p>Pureza<br \/>\n99%min<\/p>\n<p>Densidade<br \/>\n1.1765\/cm3<\/p>\n<p>\u00cdndice de refra\u00e7\u00e3o<br \/>\n-10 \u00b0<\/p>\n<p>Nalpha-Cbz-L-Arginine application:<br \/>\nCan be used for biochemical reagents and peptide synthesis.<br \/>\nNalpha-Cbz-L-Arginine Packaging and Shipping\u00a0<br \/>\nCustomized according to customer needs.<br \/>\nNalpha-Cbz-L-Arginine\u00a0Storage<br \/>\nIt should be stored in a clean, dry and cool place, preventing from sunlight, rain.<\/p>","protected":false},"excerpt":{"rendered":"<p>Chemical Name: Nalpha-Cbz-L-Arginine<br \/>\nSynonyms: Nalpha-Carbobenzyloxy-L-arginine<br \/>\nCAS No.: 1234-35-1<br \/>\nMolecular Fomula: C14H20N4O4<br \/>\nMolecular weight: 308.33<br \/>\nAspeto: S\u00f3lido branco<br \/>\nEnsaio: \u226599.0%<\/p>","protected":false},"featured_media":7410,"comment_status":"open","ping_status":"closed","template":"","meta":[],"product_brand":[],"product_cat":[17],"product_tag":[],"class_list":{"0":"post-10758","1":"product","2":"type-product","3":"status-publish","4":"has-post-thumbnail","6":"product_cat-uncategorized","8":"first","9":"instock","10":"shipping-taxable","11":"product-type-simple"},"_links":{"self":[{"href":"https:\/\/chemneo.com\/pt\/wp-json\/wp\/v2\/product\/10758","targetHints":{"allow":["GET"]}}],"collection":[{"href":"https:\/\/chemneo.com\/pt\/wp-json\/wp\/v2\/product"}],"about":[{"href":"https:\/\/chemneo.com\/pt\/wp-json\/wp\/v2\/types\/product"}],"replies":[{"embeddable":true,"href":"https:\/\/chemneo.com\/pt\/wp-json\/wp\/v2\/comments?post=10758"}],"wp:featuredmedia":[{"embeddable":true,"href":"https:\/\/chemneo.com\/pt\/wp-json\/wp\/v2\/media\/7410"}],"wp:attachment":[{"href":"https:\/\/chemneo.com\/pt\/wp-json\/wp\/v2\/media?parent=10758"}],"wp:term":[{"taxonomy":"product_brand","embeddable":true,"href":"https:\/\/chemneo.com\/pt\/wp-json\/wp\/v2\/product_brand?post=10758"},{"taxonomy":"product_cat","embeddable":true,"href":"https:\/\/chemneo.com\/pt\/wp-json\/wp\/v2\/product_cat?post=10758"},{"taxonomy":"product_tag","embeddable":true,"href":"https:\/\/chemneo.com\/pt\/wp-json\/wp\/v2\/product_tag?post=10758"}],"curies":[{"name":"wp","href":"https:\/\/api.w.org\/{rel}","templated":true}]}}