{"id":10760,"date":"2024-11-13T15:18:28","date_gmt":"2024-11-13T07:18:28","guid":{"rendered":"https:\/\/chemneo.com\/product\/10760.html"},"modified":"2024-11-13T15:18:28","modified_gmt":"2024-11-13T07:18:28","slug":"s-tert-butylmercapto-l-cysteine-cas-30044-51-0-2","status":"publish","type":"product","link":"https:\/\/chemneo.com\/pt\/product\/10760.html","title":{"rendered":"S-tert-butilmercapto-l-ciste\u00edna CAS 30044-51-0"},"content":{"rendered":"<p>Descri\u00e7\u00e3o<\/p>\n<p>\tS-tert-Butylmercapto-l-cysteine\u00a0Quick Details<br \/>\nChemical Name: S-tert-Butylmercapto-l-cysteine<br \/>\nCAS No.: 30044-51-0<br \/>\nMolecular Fomula: C7H15NO2S2<br \/>\nChemical Structure:<br \/>\nMolecular weight: 209.33<br \/>\nAppearance: Assay: \u226598.0%<br \/>\nS-tert-Butylmercapto-l-cysteine Typical Properties<\/p>\n<p>ITEMS<br \/>\nSPECIFICATION<\/p>\n<p>Densidade<br \/>\n1.225<\/p>\n<p>Ponto de ebuli\u00e7\u00e3o<br \/>\n177\u00a0\u00b0C<\/p>\n<p>Melt point<br \/>\n324.7\u00b137.0 \u00b0C<\/p>\n<p>Pureza<br \/>\n\u226598.0%<\/p>\n<p>S-tert-Butylmercapto-l-cysteine application:<br \/>\nAmino acid derivatives<br \/>\nS-tert-Butylmercapto-l-cysteine Packaging and Shipping\u00a0<br \/>\ncustomized according to customer needs.<br \/>\nS-tert-Butylmercapto-l-cysteine\u00a0Storage<br \/>\nIt should be stored in a clean, dry and cool place, preventing from sunlight, rain.<\/p>","protected":false},"excerpt":{"rendered":"<p>Chemical Name: S-tert-Butylmercapto-l-cysteine<br \/>\nCAS No.: 30044-51-0<br \/>\nMolecular Fomula: C7H15NO2S2<br \/>\nMolecular weight: 209.33<br \/>\nAppearance: Assay: \u226598.0%<\/p>","protected":false},"featured_media":7414,"comment_status":"open","ping_status":"closed","template":"","meta":[],"product_brand":[],"product_cat":[17],"product_tag":[],"class_list":{"0":"post-10760","1":"product","2":"type-product","3":"status-publish","4":"has-post-thumbnail","6":"product_cat-uncategorized","8":"first","9":"instock","10":"shipping-taxable","11":"product-type-simple"},"_links":{"self":[{"href":"https:\/\/chemneo.com\/pt\/wp-json\/wp\/v2\/product\/10760","targetHints":{"allow":["GET"]}}],"collection":[{"href":"https:\/\/chemneo.com\/pt\/wp-json\/wp\/v2\/product"}],"about":[{"href":"https:\/\/chemneo.com\/pt\/wp-json\/wp\/v2\/types\/product"}],"replies":[{"embeddable":true,"href":"https:\/\/chemneo.com\/pt\/wp-json\/wp\/v2\/comments?post=10760"}],"wp:featuredmedia":[{"embeddable":true,"href":"https:\/\/chemneo.com\/pt\/wp-json\/wp\/v2\/media\/7414"}],"wp:attachment":[{"href":"https:\/\/chemneo.com\/pt\/wp-json\/wp\/v2\/media?parent=10760"}],"wp:term":[{"taxonomy":"product_brand","embeddable":true,"href":"https:\/\/chemneo.com\/pt\/wp-json\/wp\/v2\/product_brand?post=10760"},{"taxonomy":"product_cat","embeddable":true,"href":"https:\/\/chemneo.com\/pt\/wp-json\/wp\/v2\/product_cat?post=10760"},{"taxonomy":"product_tag","embeddable":true,"href":"https:\/\/chemneo.com\/pt\/wp-json\/wp\/v2\/product_tag?post=10760"}],"curies":[{"name":"wp","href":"https:\/\/api.w.org\/{rel}","templated":true}]}}