{"id":10761,"date":"2024-11-13T15:18:28","date_gmt":"2024-11-13T07:18:28","guid":{"rendered":"https:\/\/chemneo.com\/product\/10761.html"},"modified":"2024-11-13T15:18:28","modified_gmt":"2024-11-13T07:18:28","slug":"20-tert-butoxy-20-oxoicosanoic-acid-cas-683239-16-9-2","status":"publish","type":"product","link":"https:\/\/chemneo.com\/pt\/product\/10761.html","title":{"rendered":"\u00c1cido 20-(tert-butoxi)-20-oxoicosan\u00f3ico CAS 683239-16-9"},"content":{"rendered":"<p>Descri\u00e7\u00e3o<\/p>\n<p>\t20-(tert-Butoxy)-20-oxoicosanoic acid Quick Details<br \/>\nChemical Name: 20-(tert-Butoxy)-20-oxoicosanoic acid<br \/>\nCAS No.: 683239-16-9<br \/>\nMolecular Fomula: C24H46O4<br \/>\nChemical Structure:<br \/>\nMolecular weight: 398.62<br \/>\n20-(tert-Butoxy)-20-oxoicosanoic acid Typical Properties<\/p>\n<p>ITEMS<br \/>\nSPECIFICATION<\/p>\n<p>Apar\u00eancia<br \/>\nP\u00f3 branco<\/p>\n<p>Ensaio<br \/>\n\u226598%<\/p>\n<p>Densidade<br \/>\n0.942\u00b10.06 g\/cm3(Predicted)<\/p>\n<p>Ponto de ebuli\u00e7\u00e3o<br \/>\n496.0\u00b118.0 \u00b0C(Predicted)<\/p>\n<p>20-(tert-Butoxy)-20-oxoicosanoic acid Application:<br \/>\nUsed in pharmaceutical intermediates<br \/>\n20-(tert-Butoxy)-20-oxoicosanoic acid Packaging and Shipping\u00a0<br \/>\nCustomized according to customer needs.<br \/>\n20-(tert-Butoxy)-20-oxoicosanoic acid Storage<br \/>\nSealed in dry,Room Temperature<\/p>","protected":false},"excerpt":{"rendered":"<p>Chemical Name: 20-(tert-Butoxy)-20-oxoicosanoic acid<br \/>\nCAS No.: 683239-16-9<br \/>\nMolecular Fomula: C24H46O4<br \/>\nMolecular weight: 398.62<\/p>","protected":false},"featured_media":7416,"comment_status":"open","ping_status":"closed","template":"","meta":[],"product_brand":[],"product_cat":[17],"product_tag":[],"class_list":{"0":"post-10761","1":"product","2":"type-product","3":"status-publish","4":"has-post-thumbnail","6":"product_cat-uncategorized","8":"first","9":"instock","10":"shipping-taxable","11":"product-type-simple"},"_links":{"self":[{"href":"https:\/\/chemneo.com\/pt\/wp-json\/wp\/v2\/product\/10761","targetHints":{"allow":["GET"]}}],"collection":[{"href":"https:\/\/chemneo.com\/pt\/wp-json\/wp\/v2\/product"}],"about":[{"href":"https:\/\/chemneo.com\/pt\/wp-json\/wp\/v2\/types\/product"}],"replies":[{"embeddable":true,"href":"https:\/\/chemneo.com\/pt\/wp-json\/wp\/v2\/comments?post=10761"}],"wp:featuredmedia":[{"embeddable":true,"href":"https:\/\/chemneo.com\/pt\/wp-json\/wp\/v2\/media\/7416"}],"wp:attachment":[{"href":"https:\/\/chemneo.com\/pt\/wp-json\/wp\/v2\/media?parent=10761"}],"wp:term":[{"taxonomy":"product_brand","embeddable":true,"href":"https:\/\/chemneo.com\/pt\/wp-json\/wp\/v2\/product_brand?post=10761"},{"taxonomy":"product_cat","embeddable":true,"href":"https:\/\/chemneo.com\/pt\/wp-json\/wp\/v2\/product_cat?post=10761"},{"taxonomy":"product_tag","embeddable":true,"href":"https:\/\/chemneo.com\/pt\/wp-json\/wp\/v2\/product_tag?post=10761"}],"curies":[{"name":"wp","href":"https:\/\/api.w.org\/{rel}","templated":true}]}}