{"id":10762,"date":"2024-11-13T15:18:29","date_gmt":"2024-11-13T07:18:29","guid":{"rendered":"https:\/\/chemneo.com\/product\/10762.html"},"modified":"2024-11-13T15:18:29","modified_gmt":"2024-11-13T07:18:29","slug":"16-tert-butoxy-16-oxohexadecanoic-acid-cas-843666-27-3-2","status":"publish","type":"product","link":"https:\/\/chemneo.com\/pt\/product\/10762.html","title":{"rendered":"\u00c1cido 16-(terc-butoxi)-16-oxohexadecan\u00f3ico CAS 843666-27-3"},"content":{"rendered":"<p>Descri\u00e7\u00e3o<\/p>\n<p>\t16-(Tert-butoxy)-16-oxohexadecanoic acid Quick Details<br \/>\nChemical Name: 16-(Tert-butoxy)-16-oxohexadecanoic acid<br \/>\nSynonyms: tert-Butyl hydrogen hexadecanedioate; Hexadecanedioic acid mono(1,1-dimethylethyl) ester<br \/>\nCAS No.: 843666-27-3<br \/>\nMolecular Fomula: C20H38O4<br \/>\nChemical Structure:<br \/>\nMolecular weight: 342.51<br \/>\nTypical Properties<\/p>\n<p>ITEMS<br \/>\nSPECIFICATION<\/p>\n<p>Apar\u00eancia<br \/>\nP\u00f3 branco<\/p>\n<p>Ponto de ebuli\u00e7\u00e3o<br \/>\n444.6\u00b118.0 \u00b0C(Predicted)<\/p>\n<p>Densidade<br \/>\n0.959\u00b10.06 g\/cm3(Predicted)<\/p>\n<p>Melting point<br \/>\n60 \u00b0C<\/p>\n<p>Application:<br \/>\nUsed in laboratory research and development and chemical and pharmaceutical synthesis processes<br \/>\nPackaging and Shipping\u00a0<br \/>\nCustomized according to customer needs.<br \/>\nArmazenamento<br \/>\nSealed in dry, Room Temperature<\/p>","protected":false},"excerpt":{"rendered":"<p>Chemical Name: 16-(Tert-butoxy)-16-oxohexadecanoic acid<br \/>\nSynonyms: tert-Butyl hydrogen hexadecanedioate; Hexadecanedioic acid mono(1,1-dimethylethyl) ester<br \/>\nCAS No.: 843666-27-3<br \/>\nMolecular Fomula: C20H38O4<br \/>\nMolecular weight: 342.51<\/p>","protected":false},"featured_media":7418,"comment_status":"open","ping_status":"closed","template":"","meta":[],"product_brand":[],"product_cat":[17],"product_tag":[],"class_list":{"0":"post-10762","1":"product","2":"type-product","3":"status-publish","4":"has-post-thumbnail","6":"product_cat-uncategorized","8":"first","9":"instock","10":"shipping-taxable","11":"product-type-simple"},"_links":{"self":[{"href":"https:\/\/chemneo.com\/pt\/wp-json\/wp\/v2\/product\/10762","targetHints":{"allow":["GET"]}}],"collection":[{"href":"https:\/\/chemneo.com\/pt\/wp-json\/wp\/v2\/product"}],"about":[{"href":"https:\/\/chemneo.com\/pt\/wp-json\/wp\/v2\/types\/product"}],"replies":[{"embeddable":true,"href":"https:\/\/chemneo.com\/pt\/wp-json\/wp\/v2\/comments?post=10762"}],"wp:featuredmedia":[{"embeddable":true,"href":"https:\/\/chemneo.com\/pt\/wp-json\/wp\/v2\/media\/7418"}],"wp:attachment":[{"href":"https:\/\/chemneo.com\/pt\/wp-json\/wp\/v2\/media?parent=10762"}],"wp:term":[{"taxonomy":"product_brand","embeddable":true,"href":"https:\/\/chemneo.com\/pt\/wp-json\/wp\/v2\/product_brand?post=10762"},{"taxonomy":"product_cat","embeddable":true,"href":"https:\/\/chemneo.com\/pt\/wp-json\/wp\/v2\/product_cat?post=10762"},{"taxonomy":"product_tag","embeddable":true,"href":"https:\/\/chemneo.com\/pt\/wp-json\/wp\/v2\/product_tag?post=10762"}],"curies":[{"name":"wp","href":"https:\/\/api.w.org\/{rel}","templated":true}]}}