{"id":10763,"date":"2024-11-13T15:18:29","date_gmt":"2024-11-13T07:18:29","guid":{"rendered":"https:\/\/chemneo.com\/product\/10763.html"},"modified":"2024-11-13T15:18:29","modified_gmt":"2024-11-13T07:18:29","slug":"sodium-stearoyl-glycine-cas-6333-54-6-2","status":"publish","type":"product","link":"https:\/\/chemneo.com\/pt\/product\/10763.html","title":{"rendered":"Estearoilglicina de s\u00f3dio CAS 6333-54-6"},"content":{"rendered":"<p>Descri\u00e7\u00e3o<\/p>\n<p>\tSodium Stearoyl Glycine Quick Details<br \/>\nChemical Name: Sodium Stearoyl Glycine<br \/>\nSynonyms: STE-GLY-OH<br \/>\nCAS No.: 6333-54-6<br \/>\nMolecular Fomula: C20H39NO3<br \/>\nChemical Structure:<br \/>\nMolecular weight: 341.53<br \/>\nAspeto: p\u00f3 branco<br \/>\nEnsaio: 90%<br \/>\nSodium Stearoyl Glycine\u00a0Typical Properties<\/p>\n<p>ITEMS<br \/>\nSPECIFICATION<\/p>\n<p>Apar\u00eancia<br \/>\nwhite powder<\/p>\n<p>Ensaio<br \/>\n90%<\/p>\n<p>Sodium Stearoyl Glycine application:<br \/>\nSurface active agent<br \/>\nSodium Stearoyl Glycine\u00a0Packaging and Shipping\u00a0<br \/>\ncustomized according to customer needs.<br \/>\nSodium Stearoyl Glycine Storage<br \/>\nIt should be stored in a clean, dry and cool place, preventing from sunlight, rain.<\/p>","protected":false},"excerpt":{"rendered":"<p>Chemical Name: Sodium Stearoyl Glycine<br \/>\nSynonyms: STE-GLY-OH<br \/>\nCAS No.: 6333-54-6<br \/>\nMolecular Fomula: C20H39NO3<br \/>\nMolecular weight: 341.53<br \/>\nAspeto: p\u00f3 branco<br \/>\nEnsaio: 90%<\/p>","protected":false},"featured_media":7420,"comment_status":"open","ping_status":"closed","template":"","meta":[],"product_brand":[],"product_cat":[17],"product_tag":[],"class_list":{"0":"post-10763","1":"product","2":"type-product","3":"status-publish","4":"has-post-thumbnail","6":"product_cat-uncategorized","8":"first","9":"instock","10":"shipping-taxable","11":"product-type-simple"},"_links":{"self":[{"href":"https:\/\/chemneo.com\/pt\/wp-json\/wp\/v2\/product\/10763","targetHints":{"allow":["GET"]}}],"collection":[{"href":"https:\/\/chemneo.com\/pt\/wp-json\/wp\/v2\/product"}],"about":[{"href":"https:\/\/chemneo.com\/pt\/wp-json\/wp\/v2\/types\/product"}],"replies":[{"embeddable":true,"href":"https:\/\/chemneo.com\/pt\/wp-json\/wp\/v2\/comments?post=10763"}],"wp:featuredmedia":[{"embeddable":true,"href":"https:\/\/chemneo.com\/pt\/wp-json\/wp\/v2\/media\/7420"}],"wp:attachment":[{"href":"https:\/\/chemneo.com\/pt\/wp-json\/wp\/v2\/media?parent=10763"}],"wp:term":[{"taxonomy":"product_brand","embeddable":true,"href":"https:\/\/chemneo.com\/pt\/wp-json\/wp\/v2\/product_brand?post=10763"},{"taxonomy":"product_cat","embeddable":true,"href":"https:\/\/chemneo.com\/pt\/wp-json\/wp\/v2\/product_cat?post=10763"},{"taxonomy":"product_tag","embeddable":true,"href":"https:\/\/chemneo.com\/pt\/wp-json\/wp\/v2\/product_tag?post=10763"}],"curies":[{"name":"wp","href":"https:\/\/api.w.org\/{rel}","templated":true}]}}