{"id":10764,"date":"2024-11-13T15:18:29","date_gmt":"2024-11-13T07:18:29","guid":{"rendered":"https:\/\/chemneo.com\/product\/10764.html"},"modified":"2024-11-13T15:18:29","modified_gmt":"2024-11-13T07:18:29","slug":"2-amino-3456-tetrahydropyrimidine-cas-41078-65-3-2","status":"publish","type":"product","link":"https:\/\/chemneo.com\/pt\/product\/10764.html","title":{"rendered":"2-amino-3,4,5,6-tetrahidropirimidina CAS 41078-65-3"},"content":{"rendered":"<p>Descri\u00e7\u00e3o<\/p>\n<p>\t2-amino-3,4,5,6-tetrahydropyrimidine Quick Details<br \/>\nDenomina\u00e7\u00e3o qu\u00edmica: 2-amino-3,4,5,6-tetrahidropirimidina<br \/>\nSin\u00f3nimos: 2-Amino-1,4,5,6-tetrahidropirimidina; 1,4,5,6-Tetrahidropirimidina-2-ilamina<br \/>\nN.\u00ba CAS: 41078-65-3<br \/>\nF\u00f3rmula molecular: C4H9N3<br \/>\nChemical Structure:<br \/>\nPeso molecular: 99,13<br \/>\nAspeto: P\u00f3 cristalino branco<br \/>\nEnsaio: 99%<br \/>\n2-amino-3,4,5,6-tetrahydropyrimidine\u00a0Typical Properties<\/p>\n<p>ITEMS<br \/>\nSPECIFICATION<\/p>\n<p>Apar\u00eancia<br \/>\nP\u00f3 cristalino branco<\/p>\n<p>Ensaio<br \/>\n99%<\/p>\n<p>\u00a0<br \/>\n2-amino-3,4,5,6-tetrahydropyrimidine application:<br \/>\nPharmaceutical intermediates<br \/>\n2-amino-3,4,5,6-tetrahydropyrimidine Packaging and Shipping\u00a0<br \/>\ncustomized according to customer needs.<br \/>\n2-amino-3,4,5,6-tetrahydropyrimidine Storage<br \/>\nIt should be stored in a clean, dry and cool place, preventing from sunlight, rain.<\/p>","protected":false},"excerpt":{"rendered":"<p>Denomina\u00e7\u00e3o qu\u00edmica: 2-amino-3,4,5,6-tetrahidropirimidina<br \/>\nSin\u00f3nimos: 2-Amino-1,4,5,6-tetrahidropirimidina; 1,4,5,6-Tetrahidropirimidina-2-ilamina<br \/>\nN.\u00ba CAS: 41078-65-3<br \/>\nF\u00f3rmula molecular: C4H9N3<br \/>\nPeso molecular: 99,13<br \/>\nAspeto: P\u00f3 cristalino branco<br \/>\nEnsaio: 99%<\/p>","protected":false},"featured_media":7422,"comment_status":"open","ping_status":"closed","template":"","meta":[],"product_brand":[],"product_cat":[17],"product_tag":[],"class_list":{"0":"post-10764","1":"product","2":"type-product","3":"status-publish","4":"has-post-thumbnail","6":"product_cat-uncategorized","8":"first","9":"instock","10":"shipping-taxable","11":"product-type-simple"},"_links":{"self":[{"href":"https:\/\/chemneo.com\/pt\/wp-json\/wp\/v2\/product\/10764","targetHints":{"allow":["GET"]}}],"collection":[{"href":"https:\/\/chemneo.com\/pt\/wp-json\/wp\/v2\/product"}],"about":[{"href":"https:\/\/chemneo.com\/pt\/wp-json\/wp\/v2\/types\/product"}],"replies":[{"embeddable":true,"href":"https:\/\/chemneo.com\/pt\/wp-json\/wp\/v2\/comments?post=10764"}],"wp:featuredmedia":[{"embeddable":true,"href":"https:\/\/chemneo.com\/pt\/wp-json\/wp\/v2\/media\/7422"}],"wp:attachment":[{"href":"https:\/\/chemneo.com\/pt\/wp-json\/wp\/v2\/media?parent=10764"}],"wp:term":[{"taxonomy":"product_brand","embeddable":true,"href":"https:\/\/chemneo.com\/pt\/wp-json\/wp\/v2\/product_brand?post=10764"},{"taxonomy":"product_cat","embeddable":true,"href":"https:\/\/chemneo.com\/pt\/wp-json\/wp\/v2\/product_cat?post=10764"},{"taxonomy":"product_tag","embeddable":true,"href":"https:\/\/chemneo.com\/pt\/wp-json\/wp\/v2\/product_tag?post=10764"}],"curies":[{"name":"wp","href":"https:\/\/api.w.org\/{rel}","templated":true}]}}