{"id":10778,"date":"2024-11-13T15:18:31","date_gmt":"2024-11-13T07:18:31","guid":{"rendered":"https:\/\/chemneo.com\/product\/10778.html"},"modified":"2024-11-13T15:18:31","modified_gmt":"2024-11-13T07:18:31","slug":"4-methoxymethyl-2356-tetrafluorobenzyl-alcohol-cas-83282-91-1-2","status":"publish","type":"product","link":"https:\/\/chemneo.com\/pt\/product\/10778.html","title":{"rendered":"\u00c1lcool 4-metoximetil-2,3,5,6-tetrafluorobenz\u00edlico CAS 83282-91-1"},"content":{"rendered":"<p>Descri\u00e7\u00e3o<\/p>\n<p>\t4-Methoxymethyl-2,3,5,6-tetrafluorobenzyl alcohol Quick Details<br \/>\nChemical Name: 4-Methoxymethyl-2,3,5,6-tetrafluorobenzyl alcohol<br \/>\nCAS No.: 83282-91-1<br \/>\nMolecular Fomula: C9H8F4O2<br \/>\nChemical Structure:<br \/>\nMolecular weight: 224.15<br \/>\nAppearance:\u00a0White crystalline solid<br \/>\nEnsaio\uff1a\u226599.0%<br \/>\n4-Methoxymethyl-2,3,5,6-tetrafluorobenzyl alcohol\u00a0Typical Properties<\/p>\n<p>ITEMS<br \/>\nSPECIFICATION<\/p>\n<p>Densidade<br \/>\n1.407<\/p>\n<p>Ponto de ebuli\u00e7\u00e3o<br \/>\n214 \u00baC<\/p>\n<p>Melting point<br \/>\n51-53\u00b0C<\/p>\n<p>solubility<br \/>\nSoluble in chloroform and methanol<\/p>\n<p>4-Methoxymethyl-2,3,5,6-tetrafluorobenzyl alcohol\u00a0application:<br \/>\nPharmaceutical intermediates, health product additives<br \/>\n4-Methoxymethyl-2,3,5,6-tetrafluorobenzyl alcohol\u00a0Packaging and Shipping\u00a0<br \/>\n25kg\/drum<br \/>\n4-Methoxymethyl-2,3,5,6-tetrafluorobenzyl alcohol\u00a0Storage<br \/>\nIt should be stored in a clean, dry and cool place, preventing from sunlight, rain.<\/p>","protected":false},"excerpt":{"rendered":"<p>Chemical Name: 4-Methoxymethyl-2,3,5,6-tetrafluorobenzyl alcohol<br \/>\nCAS No.: 83282-91-1<br \/>\nAppearance:\u00a0White crystalline solid<br \/>\nEnsaio\uff1a\u226599.0%<\/p>","protected":false},"featured_media":0,"comment_status":"open","ping_status":"closed","template":"","meta":[],"product_brand":[],"product_cat":[17],"product_tag":[],"class_list":{"0":"post-10778","1":"product","2":"type-product","3":"status-publish","5":"product_cat-uncategorized","7":"first","8":"instock","9":"shipping-taxable","10":"product-type-simple"},"_links":{"self":[{"href":"https:\/\/chemneo.com\/pt\/wp-json\/wp\/v2\/product\/10778","targetHints":{"allow":["GET"]}}],"collection":[{"href":"https:\/\/chemneo.com\/pt\/wp-json\/wp\/v2\/product"}],"about":[{"href":"https:\/\/chemneo.com\/pt\/wp-json\/wp\/v2\/types\/product"}],"replies":[{"embeddable":true,"href":"https:\/\/chemneo.com\/pt\/wp-json\/wp\/v2\/comments?post=10778"}],"wp:attachment":[{"href":"https:\/\/chemneo.com\/pt\/wp-json\/wp\/v2\/media?parent=10778"}],"wp:term":[{"taxonomy":"product_brand","embeddable":true,"href":"https:\/\/chemneo.com\/pt\/wp-json\/wp\/v2\/product_brand?post=10778"},{"taxonomy":"product_cat","embeddable":true,"href":"https:\/\/chemneo.com\/pt\/wp-json\/wp\/v2\/product_cat?post=10778"},{"taxonomy":"product_tag","embeddable":true,"href":"https:\/\/chemneo.com\/pt\/wp-json\/wp\/v2\/product_tag?post=10778"}],"curies":[{"name":"wp","href":"https:\/\/api.w.org\/{rel}","templated":true}]}}