{"id":10779,"date":"2024-11-13T15:18:31","date_gmt":"2024-11-13T07:18:31","guid":{"rendered":"https:\/\/chemneo.com\/product\/10779.html"},"modified":"2024-11-13T15:18:31","modified_gmt":"2024-11-13T07:18:31","slug":"samarium-oxide-cas-12060-58-1-2","status":"publish","type":"product","link":"https:\/\/chemneo.com\/pt\/product\/10779.html","title":{"rendered":"\u00d3xido de sam\u00e1rio CAS 12060-58-1"},"content":{"rendered":"<p>Descri\u00e7\u00e3o<\/p>\n<p>\tSamarium Oxide Details<br \/>\nChemical Name: Samarium Oxide<br \/>\nSynonyms: Samarium(III) oxide<br \/>\nCAS No.: 12060-58-1<br \/>\nMolecular Formula: O3Sm2<br \/>\nMolecular Weight: 348.72<br \/>\nMolecular\u00a0Structure:<br \/>\nAspeto: P\u00f3<br \/>\nSamarium Oxide Typical Properties<\/p>\n<p>Ponto de fus\u00e3o<br \/>\n2325 \u00b0C<\/p>\n<p>Densidade<br \/>\n8.35\u00a0g\/mL\u00a0at 25\u00a0\u00b0C(lit.)<\/p>\n<p>Armazenamento<br \/>\nInert atmosphere,Room Temperature<\/p>\n<p>Apar\u00eancia<br \/>\nP\u00f3<\/p>\n<p>Colour<br \/>\nLight yellow<\/p>\n<p>Solubilidade<br \/>\nInsoluble in water<\/p>\n<p>\u00a0<br \/>\nSamarium Oxide Usage<br \/>\nIt is widely used in fields such as optoelectronic devices, magnetic materials and display devices. Can be used as a color agent for control rod coatings and pyrotechnics in nuclear reactors.<br \/>\nSamarium Oxide Packaging and Shipping<br \/>\nPacking: 25KG\/Drum<br \/>\nSamarium Oxide Storage<br \/>\nKeep in a well-closed,light-resistant, dry and cool place.<\/p>","protected":false},"excerpt":{"rendered":"<p>Chemical Name: Samarium Oxide<br \/>\nSynonyms: Samarium(III) oxide<br \/>\nCAS No.: 12060-58-1<br \/>\nMolecular Formula: O3Sm2<br \/>\nMolecular Weight: 348.72<br \/>\nAspeto: P\u00f3<\/p>","protected":false},"featured_media":7449,"comment_status":"open","ping_status":"closed","template":"","meta":[],"product_brand":[],"product_cat":[17],"product_tag":[],"class_list":{"0":"post-10779","1":"product","2":"type-product","3":"status-publish","4":"has-post-thumbnail","6":"product_cat-uncategorized","8":"first","9":"instock","10":"shipping-taxable","11":"product-type-simple"},"_links":{"self":[{"href":"https:\/\/chemneo.com\/pt\/wp-json\/wp\/v2\/product\/10779","targetHints":{"allow":["GET"]}}],"collection":[{"href":"https:\/\/chemneo.com\/pt\/wp-json\/wp\/v2\/product"}],"about":[{"href":"https:\/\/chemneo.com\/pt\/wp-json\/wp\/v2\/types\/product"}],"replies":[{"embeddable":true,"href":"https:\/\/chemneo.com\/pt\/wp-json\/wp\/v2\/comments?post=10779"}],"wp:featuredmedia":[{"embeddable":true,"href":"https:\/\/chemneo.com\/pt\/wp-json\/wp\/v2\/media\/7449"}],"wp:attachment":[{"href":"https:\/\/chemneo.com\/pt\/wp-json\/wp\/v2\/media?parent=10779"}],"wp:term":[{"taxonomy":"product_brand","embeddable":true,"href":"https:\/\/chemneo.com\/pt\/wp-json\/wp\/v2\/product_brand?post=10779"},{"taxonomy":"product_cat","embeddable":true,"href":"https:\/\/chemneo.com\/pt\/wp-json\/wp\/v2\/product_cat?post=10779"},{"taxonomy":"product_tag","embeddable":true,"href":"https:\/\/chemneo.com\/pt\/wp-json\/wp\/v2\/product_tag?post=10779"}],"curies":[{"name":"wp","href":"https:\/\/api.w.org\/{rel}","templated":true}]}}