{"id":10780,"date":"2024-11-13T15:18:31","date_gmt":"2024-11-13T07:18:31","guid":{"rendered":"https:\/\/chemneo.com\/product\/10780.html"},"modified":"2024-11-13T15:18:31","modified_gmt":"2024-11-13T07:18:31","slug":"tea-cocoyl-alaninate-2","status":"publish","type":"product","link":"https:\/\/chemneo.com\/pt\/product\/10780.html","title":{"rendered":"Alaninato de TEA-Coco\u00edlo"},"content":{"rendered":"<p>Descri\u00e7\u00e3o<\/p>\n<p>\tTEA-Cocoyl Alaninate\u00a0Quick Details<br \/>\nNome qu\u00edmico: Alaninato de TEA-Coco\u00edlo<br \/>\nCAS No.: \u2014<br \/>\nProperty: TEA-Cocoyl Alaninate\u00a0is an anionic surfactant synthesized from naturally derived alanine and fatty acids through acylation and neutralization reactions. This product is a colorless or light yellow liquid. Cocoic acid and alanine provide a source of guarantee for its mildness. At the same time, it has good solubility, making this product an ideal raw material for mild toiletries.<br \/>\nTEA-Cocoyl Alaninate application:<br \/>\nIt can improve the foaming amount of general surfactants and has excellent synergistic foaming effect;<br \/>\nIn a slightly acidic to neutral environment, it has high foaming power, elastic foam, smooth washing feeling, and moisturizing feeling after washing; it still has good foaming ability under slightly oily conditions;<br \/>\nShows good solubility properties under moderately alkaline conditions;<br \/>\nIt has very high foaming power when used in non-crystalline formulas such as shampoos. It also has a high foaming effect when used as an additive, making blow-dried hair smooth and moisturized.<br \/>\nTEA-Cocoyl Alaninate Packaging and Shipping\u00a0<br \/>\n200 kg\u00a0PE Drum.<br \/>\nThe term of validity: Two years.<br \/>\nTEA-Cocoyl Alaninate\u00a0Storage<br \/>\nPack and preserve the product in a sealed, cool and dry condition, and avoid contacting strong oxidants.<\/p>","protected":false},"excerpt":{"rendered":"<p>Nome qu\u00edmico: Alaninato de TEA-Coco\u00edlo<br \/>\nAmostra: dispon\u00edvel<\/p>","protected":false},"featured_media":0,"comment_status":"open","ping_status":"closed","template":"","meta":[],"product_brand":[],"product_cat":[17],"product_tag":[],"class_list":{"0":"post-10780","1":"product","2":"type-product","3":"status-publish","5":"product_cat-uncategorized","7":"first","8":"instock","9":"shipping-taxable","10":"product-type-simple"},"_links":{"self":[{"href":"https:\/\/chemneo.com\/pt\/wp-json\/wp\/v2\/product\/10780","targetHints":{"allow":["GET"]}}],"collection":[{"href":"https:\/\/chemneo.com\/pt\/wp-json\/wp\/v2\/product"}],"about":[{"href":"https:\/\/chemneo.com\/pt\/wp-json\/wp\/v2\/types\/product"}],"replies":[{"embeddable":true,"href":"https:\/\/chemneo.com\/pt\/wp-json\/wp\/v2\/comments?post=10780"}],"wp:attachment":[{"href":"https:\/\/chemneo.com\/pt\/wp-json\/wp\/v2\/media?parent=10780"}],"wp:term":[{"taxonomy":"product_brand","embeddable":true,"href":"https:\/\/chemneo.com\/pt\/wp-json\/wp\/v2\/product_brand?post=10780"},{"taxonomy":"product_cat","embeddable":true,"href":"https:\/\/chemneo.com\/pt\/wp-json\/wp\/v2\/product_cat?post=10780"},{"taxonomy":"product_tag","embeddable":true,"href":"https:\/\/chemneo.com\/pt\/wp-json\/wp\/v2\/product_tag?post=10780"}],"curies":[{"name":"wp","href":"https:\/\/api.w.org\/{rel}","templated":true}]}}