{"id":10785,"date":"2024-11-13T15:18:32","date_gmt":"2024-11-13T07:18:32","guid":{"rendered":"https:\/\/chemneo.com\/product\/10785.html"},"modified":"2024-11-13T15:18:32","modified_gmt":"2024-11-13T07:18:32","slug":"lithium-stearate-cas-4485-12-5-2","status":"publish","type":"product","link":"https:\/\/chemneo.com\/pt\/product\/10785.html","title":{"rendered":"Estearato de l\u00edtio CAS 4485-12-5"},"content":{"rendered":"<p>Descri\u00e7\u00e3o<\/p>\n<p>\tLithium Stearate Details<br \/>\nNome qu\u00edmico: Estearato de l\u00edtio<br \/>\nSin\u00f3nimos: Sal de l\u00edtio do \u00e1cido este\u00e1rico<br \/>\nN.\u00ba CAS: 4485-12-5<br \/>\nF\u00f3rmula molecular: C18H35LiO2<br \/>\nPeso molecular: 290,41<br \/>\nMolecular\u00a0Structure:<br \/>\nAspeto: P\u00f3 branco<br \/>\nLithium Stearate Typical Properties<\/p>\n<p>Ponto de fus\u00e3o<br \/>\n220 \u00b0C<\/p>\n<p>Densidade<br \/>\n1.025<\/p>\n<p>Armazenamento<br \/>\nInert atmosphere,Room Temperature<\/p>\n<p>Apar\u00eancia<br \/>\nP\u00f3<\/p>\n<p>Colour<br \/>\nBranco<\/p>\n<p>Solubilidade<br \/>\nInsoluble in water<\/p>\n<p>\u00a0<br \/>\nLithium Stearate Usage<br \/>\nMainly used as high temperature lubricant and stabilizer.<br \/>\nLithium Stearate Packaging and Shipping<br \/>\nPacking: 25KG\/Drum<br \/>\nLithium Stearate Storage<br \/>\nKeep in a well-closed,light-resistant, dry and cool place.<\/p>","protected":false},"excerpt":{"rendered":"<p>Nome qu\u00edmico: Estearato de l\u00edtio<br \/>\nSin\u00f3nimos: Sal de l\u00edtio do \u00e1cido este\u00e1rico<br \/>\nN.\u00ba CAS: 4485-12-5<br \/>\nF\u00f3rmula molecular: C18H35LiO2<br \/>\nPeso molecular: 290,41<br \/>\nAspeto: P\u00f3 branco<\/p>","protected":false},"featured_media":7459,"comment_status":"open","ping_status":"closed","template":"","meta":[],"product_brand":[],"product_cat":[17],"product_tag":[],"class_list":{"0":"post-10785","1":"product","2":"type-product","3":"status-publish","4":"has-post-thumbnail","6":"product_cat-uncategorized","8":"first","9":"instock","10":"shipping-taxable","11":"product-type-simple"},"_links":{"self":[{"href":"https:\/\/chemneo.com\/pt\/wp-json\/wp\/v2\/product\/10785","targetHints":{"allow":["GET"]}}],"collection":[{"href":"https:\/\/chemneo.com\/pt\/wp-json\/wp\/v2\/product"}],"about":[{"href":"https:\/\/chemneo.com\/pt\/wp-json\/wp\/v2\/types\/product"}],"replies":[{"embeddable":true,"href":"https:\/\/chemneo.com\/pt\/wp-json\/wp\/v2\/comments?post=10785"}],"wp:featuredmedia":[{"embeddable":true,"href":"https:\/\/chemneo.com\/pt\/wp-json\/wp\/v2\/media\/7459"}],"wp:attachment":[{"href":"https:\/\/chemneo.com\/pt\/wp-json\/wp\/v2\/media?parent=10785"}],"wp:term":[{"taxonomy":"product_brand","embeddable":true,"href":"https:\/\/chemneo.com\/pt\/wp-json\/wp\/v2\/product_brand?post=10785"},{"taxonomy":"product_cat","embeddable":true,"href":"https:\/\/chemneo.com\/pt\/wp-json\/wp\/v2\/product_cat?post=10785"},{"taxonomy":"product_tag","embeddable":true,"href":"https:\/\/chemneo.com\/pt\/wp-json\/wp\/v2\/product_tag?post=10785"}],"curies":[{"name":"wp","href":"https:\/\/api.w.org\/{rel}","templated":true}]}}