{"id":10787,"date":"2024-11-13T15:18:32","date_gmt":"2024-11-13T07:18:32","guid":{"rendered":"https:\/\/chemneo.com\/product\/10787.html"},"modified":"2024-11-13T15:18:32","modified_gmt":"2024-11-13T07:18:32","slug":"butyl-lactate-cas-138-22-7-2","status":"publish","type":"product","link":"https:\/\/chemneo.com\/pt\/product\/10787.html","title":{"rendered":"Lactato de butilo CAS 138-22-7"},"content":{"rendered":"<p>Descri\u00e7\u00e3o<\/p>\n<p>\tButyl lactate Details<br \/>\nNome qu\u00edmico: Lactato de butilo<br \/>\nSin\u00f3nimos: Lactato de n-butilo; 2-hidroxipropanoato de butilo<br \/>\nN.\u00ba CAS: 138-22-7<br \/>\nF\u00f3rmula molecular: C7H14O3<br \/>\nPeso molecular: 146,18<br \/>\nMolecular\u00a0Structure:<br \/>\nAspeto: L\u00edquido<br \/>\nButyl lactate Typical Properties<\/p>\n<p>Ponto de fus\u00e3o<br \/>\n-28 \u00b0C (lit.)<\/p>\n<p>Ponto de ebuli\u00e7\u00e3o<br \/>\n185-187 \u00b0C (lit.)<\/p>\n<p>Densidade<br \/>\n0.984 g\/mL at 25 \u00b0C (lit.)<\/p>\n<p>Vapor Density<br \/>\n5.04 (vs air)<\/p>\n<p>Vapor\u00a0Pressure<br \/>\n0.4 mm Hg ( 20 \u00b0C)<\/p>\n<p>Armazenamento<br \/>\nSealed in dry,Room Temperature<\/p>\n<p>\u00cdndice de refra\u00e7\u00e3o<br \/>\nn20\/D 1.421(lit.)<\/p>\n<p>Ponto de inflama\u00e7\u00e3o<br \/>\n157\u00a0\u00b0F<\/p>\n<p>Apar\u00eancia<br \/>\nL\u00edquido<\/p>\n<p>Colour<br \/>\nColorless<\/p>\n<p>Solubilidade<br \/>\nSoluble in water<\/p>\n<p>\u00a0<br \/>\nButyl lactate Usage<br \/>\nMainly used as food additives and cosmetic raw materials.<br \/>\nButyl lactate Packaging and Shipping<br \/>\nPacking: 25KG\/Drum<br \/>\nButyl lactate Storage<br \/>\nThe warehouse should be ventilated, away from open flames and high temperatures, and stored separately from oxidants.<\/p>","protected":false},"excerpt":{"rendered":"<p>Nome qu\u00edmico: Lactato de butilo<br \/>\nSin\u00f3nimos: Lactato de n-butilo; 2-hidroxipropanoato de butilo<br \/>\nN.\u00ba CAS: 138-22-7<br \/>\nF\u00f3rmula molecular: C7H14O3<br \/>\nPeso molecular: 146,18<br \/>\nAspeto: L\u00edquido<\/p>","protected":false},"featured_media":7462,"comment_status":"open","ping_status":"closed","template":"","meta":[],"product_brand":[],"product_cat":[17],"product_tag":[],"class_list":{"0":"post-10787","1":"product","2":"type-product","3":"status-publish","4":"has-post-thumbnail","6":"product_cat-uncategorized","8":"first","9":"instock","10":"shipping-taxable","11":"product-type-simple"},"_links":{"self":[{"href":"https:\/\/chemneo.com\/pt\/wp-json\/wp\/v2\/product\/10787","targetHints":{"allow":["GET"]}}],"collection":[{"href":"https:\/\/chemneo.com\/pt\/wp-json\/wp\/v2\/product"}],"about":[{"href":"https:\/\/chemneo.com\/pt\/wp-json\/wp\/v2\/types\/product"}],"replies":[{"embeddable":true,"href":"https:\/\/chemneo.com\/pt\/wp-json\/wp\/v2\/comments?post=10787"}],"wp:featuredmedia":[{"embeddable":true,"href":"https:\/\/chemneo.com\/pt\/wp-json\/wp\/v2\/media\/7462"}],"wp:attachment":[{"href":"https:\/\/chemneo.com\/pt\/wp-json\/wp\/v2\/media?parent=10787"}],"wp:term":[{"taxonomy":"product_brand","embeddable":true,"href":"https:\/\/chemneo.com\/pt\/wp-json\/wp\/v2\/product_brand?post=10787"},{"taxonomy":"product_cat","embeddable":true,"href":"https:\/\/chemneo.com\/pt\/wp-json\/wp\/v2\/product_cat?post=10787"},{"taxonomy":"product_tag","embeddable":true,"href":"https:\/\/chemneo.com\/pt\/wp-json\/wp\/v2\/product_tag?post=10787"}],"curies":[{"name":"wp","href":"https:\/\/api.w.org\/{rel}","templated":true}]}}