{"id":10788,"date":"2024-11-13T15:18:32","date_gmt":"2024-11-13T07:18:32","guid":{"rendered":"https:\/\/chemneo.com\/product\/10788.html"},"modified":"2024-11-13T15:18:33","modified_gmt":"2024-11-13T07:18:33","slug":"diisopropylbenzene-cas-25321-09-9-2","status":"publish","type":"product","link":"https:\/\/chemneo.com\/pt\/product\/10788.html","title":{"rendered":"Diisopropilbenzeno CAS 25321-09-9"},"content":{"rendered":"<p>Descri\u00e7\u00e3o<\/p>\n<p>\tDiisopropylbenzene Details<br \/>\nNome qu\u00edmico: Diisopropilbenzeno<br \/>\nSin\u00f3nimos: 1,2-Bis(1-Metiletil)Benzeno<br \/>\nN.\u00ba CAS: 25321-09-9<br \/>\nF\u00f3rmula molecular: C12H18<br \/>\nPeso molecular: 162,27<br \/>\nMolecular\u00a0Structure:<br \/>\nAspeto: L\u00edquido<br \/>\nDiisopropylbenzene Typical Properties<\/p>\n<p>Ponto de fus\u00e3o<br \/>\n-25.43\u00b0C (estimate)<\/p>\n<p>Ponto de ebuli\u00e7\u00e3o<br \/>\n77-82 \u00b0C (10 mmHg)<\/p>\n<p>Densidade<br \/>\n0.85<\/p>\n<p>Armazenamento<br \/>\nSealed in dry,Room Temperature<\/p>\n<p>\u00cdndice de refra\u00e7\u00e3o<br \/>\n1.488-1.491<\/p>\n<p>Ponto de inflama\u00e7\u00e3o<br \/>\n71 \u00b0C<\/p>\n<p>Apar\u00eancia<br \/>\nL\u00edquido<\/p>\n<p>Colour<br \/>\nColorless<\/p>\n<p>Diisopropylbenzene Usage<br \/>\nMainly used as solvent in organic synthesis.<br \/>\nDiisopropylbenzene Packaging and Shipping<br \/>\nPacking: 25KG\/Drum<br \/>\nDiisopropylbenzene Storage<br \/>\nKeep in a well-closed,light-resistant, dry and cool place.<\/p>","protected":false},"excerpt":{"rendered":"<p>Nome qu\u00edmico: Diisopropilbenzeno<br \/>\nSin\u00f3nimos: 1,2-Bis(1-Metiletil)Benzeno<br \/>\nN.\u00ba CAS: 25321-09-9<br \/>\nF\u00f3rmula molecular: C12H18<br \/>\nPeso molecular: 162,27<br \/>\nAspeto: L\u00edquido<\/p>","protected":false},"featured_media":7464,"comment_status":"open","ping_status":"closed","template":"","meta":[],"product_brand":[],"product_cat":[17],"product_tag":[],"class_list":{"0":"post-10788","1":"product","2":"type-product","3":"status-publish","4":"has-post-thumbnail","6":"product_cat-uncategorized","8":"first","9":"instock","10":"shipping-taxable","11":"product-type-simple"},"_links":{"self":[{"href":"https:\/\/chemneo.com\/pt\/wp-json\/wp\/v2\/product\/10788","targetHints":{"allow":["GET"]}}],"collection":[{"href":"https:\/\/chemneo.com\/pt\/wp-json\/wp\/v2\/product"}],"about":[{"href":"https:\/\/chemneo.com\/pt\/wp-json\/wp\/v2\/types\/product"}],"replies":[{"embeddable":true,"href":"https:\/\/chemneo.com\/pt\/wp-json\/wp\/v2\/comments?post=10788"}],"wp:featuredmedia":[{"embeddable":true,"href":"https:\/\/chemneo.com\/pt\/wp-json\/wp\/v2\/media\/7464"}],"wp:attachment":[{"href":"https:\/\/chemneo.com\/pt\/wp-json\/wp\/v2\/media?parent=10788"}],"wp:term":[{"taxonomy":"product_brand","embeddable":true,"href":"https:\/\/chemneo.com\/pt\/wp-json\/wp\/v2\/product_brand?post=10788"},{"taxonomy":"product_cat","embeddable":true,"href":"https:\/\/chemneo.com\/pt\/wp-json\/wp\/v2\/product_cat?post=10788"},{"taxonomy":"product_tag","embeddable":true,"href":"https:\/\/chemneo.com\/pt\/wp-json\/wp\/v2\/product_tag?post=10788"}],"curies":[{"name":"wp","href":"https:\/\/api.w.org\/{rel}","templated":true}]}}