{"id":10794,"date":"2024-11-13T15:18:33","date_gmt":"2024-11-13T07:18:33","guid":{"rendered":"https:\/\/chemneo.com\/product\/10794.html"},"modified":"2024-11-13T15:18:33","modified_gmt":"2024-11-13T07:18:33","slug":"butanoic-acid-2-hydroxy-4-methylthio-1-methylethyl-ester-cas-57296-04-5-2","status":"publish","type":"product","link":"https:\/\/chemneo.com\/pt\/product\/10794.html","title":{"rendered":"\u00c1cido butan\u00f3ico, 2-hidroxi-4-(metiltio)-, \u00e9ster 1-metiletilo CAS 57296-04-5"},"content":{"rendered":"<p>Descri\u00e7\u00e3o<\/p>\n<p>\tButanoic acid, 2-hydroxy-4-(methylthio)-, 1-methylethyl ester\u00a0Quick Details<br \/>\nChemical Name: Butanoic acid, 2-hydroxy-4-(methylthio)-, 1-methylethyl ester<br \/>\nN.\u00ba CAS: 57296-04-5<br \/>\nF\u00f3rmula molecular: C8H16O3S<br \/>\nPeso molecular: 192,28<br \/>\nMolecular\u00a0Structure:<br \/>\nAspeto: P\u00f3 branco<br \/>\nButanoic acid, 2-hydroxy-4-(methylthio)-, 1-methylethyl ester\u00a0Typical\u00a0Properties<\/p>\n<p>ITEMS<br \/>\nSPECIFICATION<\/p>\n<p>Assay, %<br \/>\n99%min<\/p>\n<p>Apar\u00eancia<br \/>\nP\u00f3 branco<\/p>\n<p>\u00a0<br \/>\nButanoic acid, 2-hydroxy-4-(methylthio)-, 1-methylethyl ester\u00a0application:<br \/>\nUsed as pharmaceutical raw materials\u00a0and intermediate<br \/>\nButanoic acid, 2-hydroxy-4-(methylthio)-, 1-methylethyl ester\u00a0Packaging and Shipping\u00a0<br \/>\n25kg\/drum<br \/>\nButanoic acid, 2-hydroxy-4-(methylthio)-, 1-methylethyl ester\u00a0Storage<br \/>\nKeep closed and store in a dry and ventilated place.<\/p>","protected":false},"excerpt":{"rendered":"<p>Nome qu\u00edmico: \u00c1cido butan\u00f3ico, 2-hidroxi-4-(metiltio)-, \u00e9ster 1-metiletilo<br \/>\nN.\u00ba CAS: 57296-04-5<br \/>\nF\u00f3rmula molecular: C8H16O3S<br \/>\nPeso molecular: 192,28<br \/>\nAspeto: P\u00f3 branco<\/p>","protected":false},"featured_media":7476,"comment_status":"open","ping_status":"closed","template":"","meta":[],"product_brand":[],"product_cat":[17],"product_tag":[],"class_list":{"0":"post-10794","1":"product","2":"type-product","3":"status-publish","4":"has-post-thumbnail","6":"product_cat-uncategorized","8":"first","9":"instock","10":"shipping-taxable","11":"product-type-simple"},"_links":{"self":[{"href":"https:\/\/chemneo.com\/pt\/wp-json\/wp\/v2\/product\/10794","targetHints":{"allow":["GET"]}}],"collection":[{"href":"https:\/\/chemneo.com\/pt\/wp-json\/wp\/v2\/product"}],"about":[{"href":"https:\/\/chemneo.com\/pt\/wp-json\/wp\/v2\/types\/product"}],"replies":[{"embeddable":true,"href":"https:\/\/chemneo.com\/pt\/wp-json\/wp\/v2\/comments?post=10794"}],"wp:featuredmedia":[{"embeddable":true,"href":"https:\/\/chemneo.com\/pt\/wp-json\/wp\/v2\/media\/7476"}],"wp:attachment":[{"href":"https:\/\/chemneo.com\/pt\/wp-json\/wp\/v2\/media?parent=10794"}],"wp:term":[{"taxonomy":"product_brand","embeddable":true,"href":"https:\/\/chemneo.com\/pt\/wp-json\/wp\/v2\/product_brand?post=10794"},{"taxonomy":"product_cat","embeddable":true,"href":"https:\/\/chemneo.com\/pt\/wp-json\/wp\/v2\/product_cat?post=10794"},{"taxonomy":"product_tag","embeddable":true,"href":"https:\/\/chemneo.com\/pt\/wp-json\/wp\/v2\/product_tag?post=10794"}],"curies":[{"name":"wp","href":"https:\/\/api.w.org\/{rel}","templated":true}]}}