{"id":10797,"date":"2024-11-13T15:18:34","date_gmt":"2024-11-13T07:18:34","guid":{"rendered":"https:\/\/chemneo.com\/product\/10797.html"},"modified":"2024-11-13T15:18:34","modified_gmt":"2024-11-13T07:18:34","slug":"sodium-urate-cas-1198-77-2-2","status":"publish","type":"product","link":"https:\/\/chemneo.com\/pt\/product\/10797.html","title":{"rendered":"Urato de s\u00f3dio CAS 1198-77-2"},"content":{"rendered":"<p>Descri\u00e7\u00e3o<\/p>\n<p>\tSodium Urate Details<br \/>\nNome qu\u00edmico: Urato de s\u00f3dio<br \/>\nSin\u00f3nimos: Sal de s\u00f3dio de \u00e1cido \u00farico<br \/>\nN.\u00ba CAS: 1198-77-2<br \/>\nF\u00f3rmula molecular: C5H5N4NaO3<br \/>\nPeso molecular: 192,11<br \/>\nMolecular\u00a0Structure:<br \/>\nAspeto: L\u00edquido<br \/>\nSodium Urate Typical Properties<\/p>\n<p>Solubilidade<br \/>\n1 M NaOH\uff1a25 mg\/ml<\/p>\n<p>Apar\u00eancia<br \/>\nL\u00edquido<\/p>\n<p>Colour<br \/>\nLight yellow<\/p>\n<p>Armazenamento<br \/>\nStore at -20\u00b0C<\/p>\n<p>Estabilidade<br \/>\nStable<\/p>\n<p>\u00a0<br \/>\nSodium Urate Usage<br \/>\nMainly used as a scavenger and antioxidant.<br \/>\nSodium Urate Packaging and Shipping<br \/>\nPacking: 25KG\/Drum<br \/>\nSodium Urate Storage<br \/>\nKeep in a well-closed,light-resistant, dry and cool place.<\/p>","protected":false},"excerpt":{"rendered":"<p>Nome qu\u00edmico: Urato de s\u00f3dio<br \/>\nSin\u00f3nimos: Sal de s\u00f3dio de \u00e1cido \u00farico<br \/>\nN.\u00ba CAS: 1198-77-2<br \/>\nF\u00f3rmula molecular: C5H5N4NaO3<br \/>\nPeso molecular: 192,11<br \/>\nAspeto: L\u00edquido<\/p>","protected":false},"featured_media":7482,"comment_status":"open","ping_status":"closed","template":"","meta":[],"product_brand":[],"product_cat":[17],"product_tag":[],"class_list":{"0":"post-10797","1":"product","2":"type-product","3":"status-publish","4":"has-post-thumbnail","6":"product_cat-uncategorized","8":"first","9":"instock","10":"shipping-taxable","11":"product-type-simple"},"_links":{"self":[{"href":"https:\/\/chemneo.com\/pt\/wp-json\/wp\/v2\/product\/10797","targetHints":{"allow":["GET"]}}],"collection":[{"href":"https:\/\/chemneo.com\/pt\/wp-json\/wp\/v2\/product"}],"about":[{"href":"https:\/\/chemneo.com\/pt\/wp-json\/wp\/v2\/types\/product"}],"replies":[{"embeddable":true,"href":"https:\/\/chemneo.com\/pt\/wp-json\/wp\/v2\/comments?post=10797"}],"wp:featuredmedia":[{"embeddable":true,"href":"https:\/\/chemneo.com\/pt\/wp-json\/wp\/v2\/media\/7482"}],"wp:attachment":[{"href":"https:\/\/chemneo.com\/pt\/wp-json\/wp\/v2\/media?parent=10797"}],"wp:term":[{"taxonomy":"product_brand","embeddable":true,"href":"https:\/\/chemneo.com\/pt\/wp-json\/wp\/v2\/product_brand?post=10797"},{"taxonomy":"product_cat","embeddable":true,"href":"https:\/\/chemneo.com\/pt\/wp-json\/wp\/v2\/product_cat?post=10797"},{"taxonomy":"product_tag","embeddable":true,"href":"https:\/\/chemneo.com\/pt\/wp-json\/wp\/v2\/product_tag?post=10797"}],"curies":[{"name":"wp","href":"https:\/\/api.w.org\/{rel}","templated":true}]}}