{"id":10799,"date":"2024-11-13T15:18:34","date_gmt":"2024-11-13T07:18:34","guid":{"rendered":"https:\/\/chemneo.com\/product\/10799.html"},"modified":"2024-11-13T15:18:34","modified_gmt":"2024-11-13T07:18:34","slug":"benzyltriethylammonium-hydroxide-cas-1836-42-6-2","status":"publish","type":"product","link":"https:\/\/chemneo.com\/pt\/product\/10799.html","title":{"rendered":"Hidr\u00f3xido de benziltrietilam\u00f3nio CAS 1836-42-6"},"content":{"rendered":"<p>Descri\u00e7\u00e3o<\/p>\n<p>\tBenzyltriethylammonium Hydroxide\u00a0Quick Details<br \/>\nNome qu\u00edmico: Hidr\u00f3xido de benziltrietilam\u00f3nio<br \/>\nN.\u00ba CAS: 1836-42-6<br \/>\nF\u00f3rmula molecular: C13H23NO<br \/>\nChemical Structure:<br \/>\nPeso molecular: 209,33<br \/>\nAspeto: L\u00edquido transparente incolor<br \/>\nBenzyltriethylammonium Hydroxide Typical Properties<\/p>\n<p>Item<br \/>\nSpecifications<\/p>\n<p>Apar\u00eancia<br \/>\nColorless transparent liquid<\/p>\n<p>Ensaio<br \/>\n25%<\/p>\n<p>Benzyltriethylammonium Hydroxide Application:<br \/>\nThis product is used as the main component of high-efficiency liquid crude oil chlorine transfer agent.<br \/>\nSilicone rubber and other silicone products, polymerization catalysts for polycarbonate synthesis<br \/>\nBenzyltriethylammonium Hydroxide Packaging and Shipping\u00a0<br \/>\nDrum, 25kg or 200kg\u00a0drum<br \/>\nBenzyltriethylammonium Hydroxide Storage<br \/>\nIt should be stored in a clean, dry and cool place, preventing from sunlight, rain.<\/p>","protected":false},"excerpt":{"rendered":"<p>Nome qu\u00edmico: Hidr\u00f3xido de benziltrietilam\u00f3nio<br \/>\nN.\u00ba CAS: 1836-42-6<br \/>\nF\u00f3rmula molecular: C13H23NO<br \/>\nPeso molecular: 209,33<br \/>\nAspeto: L\u00edquido transparente incolor<\/p>","protected":false},"featured_media":7486,"comment_status":"open","ping_status":"closed","template":"","meta":[],"product_brand":[],"product_cat":[17],"product_tag":[],"class_list":{"0":"post-10799","1":"product","2":"type-product","3":"status-publish","4":"has-post-thumbnail","6":"product_cat-uncategorized","8":"first","9":"instock","10":"shipping-taxable","11":"product-type-simple"},"_links":{"self":[{"href":"https:\/\/chemneo.com\/pt\/wp-json\/wp\/v2\/product\/10799","targetHints":{"allow":["GET"]}}],"collection":[{"href":"https:\/\/chemneo.com\/pt\/wp-json\/wp\/v2\/product"}],"about":[{"href":"https:\/\/chemneo.com\/pt\/wp-json\/wp\/v2\/types\/product"}],"replies":[{"embeddable":true,"href":"https:\/\/chemneo.com\/pt\/wp-json\/wp\/v2\/comments?post=10799"}],"wp:featuredmedia":[{"embeddable":true,"href":"https:\/\/chemneo.com\/pt\/wp-json\/wp\/v2\/media\/7486"}],"wp:attachment":[{"href":"https:\/\/chemneo.com\/pt\/wp-json\/wp\/v2\/media?parent=10799"}],"wp:term":[{"taxonomy":"product_brand","embeddable":true,"href":"https:\/\/chemneo.com\/pt\/wp-json\/wp\/v2\/product_brand?post=10799"},{"taxonomy":"product_cat","embeddable":true,"href":"https:\/\/chemneo.com\/pt\/wp-json\/wp\/v2\/product_cat?post=10799"},{"taxonomy":"product_tag","embeddable":true,"href":"https:\/\/chemneo.com\/pt\/wp-json\/wp\/v2\/product_tag?post=10799"}],"curies":[{"name":"wp","href":"https:\/\/api.w.org\/{rel}","templated":true}]}}