{"id":10801,"date":"2024-11-13T15:18:34","date_gmt":"2024-11-13T07:18:34","guid":{"rendered":"https:\/\/chemneo.com\/product\/10801.html"},"modified":"2024-11-13T15:18:34","modified_gmt":"2024-11-13T07:18:34","slug":"1-propanaminium-nn-dimethyl-n-propyl-hydroxide-cas-836597-65-0-2","status":"publish","type":"product","link":"https:\/\/chemneo.com\/pt\/product\/10801.html","title":{"rendered":"1-Propanam\u00ednio, N,N-dimetil-N-propil-, hidr\u00f3xido CAS 836597-65-0"},"content":{"rendered":"<p>Descri\u00e7\u00e3o<\/p>\n<p>\t1-Propanaminium, N,N-dimethyl-N-propyl-, hydroxide Quick Details<br \/>\nChemical Name:\u00a01-Propanaminium, N,N-dimethyl-N-propyl-, hydroxide<br \/>\nCAS No.: 836597-65-0<br \/>\nMolecular Fomula: C8H21NO<br \/>\nChemical Structure:<br \/>\nMolecular weight:\u00a0147.26<br \/>\nAspeto: L\u00edquido transparente incolor<br \/>\n1-Propanaminium, N,N-dimethyl-N-propyl-, hydroxide Typical Properties<\/p>\n<p>Item<br \/>\nSpecifications<\/p>\n<p>Apar\u00eancia<br \/>\nColorless transparent liquid<\/p>\n<p>Ensaio<br \/>\n25%<\/p>\n<p>\u00a0<br \/>\n1-Propanaminium, N,N-dimethyl-N-propyl-, hydroxide Application:<br \/>\nCleaning agent in the electronics industry (such as PCB browning solution).<br \/>\nSilicone rubber and other silicone products, polymerization catalysts for polycarbonate synthesis, and molecular sieve templates.<br \/>\n1-Propanaminium, N,N-dimethyl-N-propyl-, hydroxide Packaging and Shipping\u00a0<br \/>\nDrum, 25kg or 200kg\u00a0drum<br \/>\n1-Propanaminium, N,N-dimethyl-N-propyl-, hydroxide Storage<br \/>\nKeep in dark place,\u00a0Inert atmosphere,Room temperature, 1 year<\/p>","protected":false},"excerpt":{"rendered":"<p>Chemical Name:\u00a01-Propanaminium, N,N-dimethyl-N-propyl-, hydroxide<br \/>\nCAS No.: 836597-65-0<br \/>\nMolecular Fomula: C8H21NO<br \/>\nMolecular weight:\u00a0147.26<br \/>\nAspeto: L\u00edquido transparente incolor<\/p>","protected":false},"featured_media":7490,"comment_status":"open","ping_status":"closed","template":"","meta":[],"product_brand":[],"product_cat":[17],"product_tag":[],"class_list":{"0":"post-10801","1":"product","2":"type-product","3":"status-publish","4":"has-post-thumbnail","6":"product_cat-uncategorized","8":"first","9":"instock","10":"shipping-taxable","11":"product-type-simple"},"_links":{"self":[{"href":"https:\/\/chemneo.com\/pt\/wp-json\/wp\/v2\/product\/10801","targetHints":{"allow":["GET"]}}],"collection":[{"href":"https:\/\/chemneo.com\/pt\/wp-json\/wp\/v2\/product"}],"about":[{"href":"https:\/\/chemneo.com\/pt\/wp-json\/wp\/v2\/types\/product"}],"replies":[{"embeddable":true,"href":"https:\/\/chemneo.com\/pt\/wp-json\/wp\/v2\/comments?post=10801"}],"wp:featuredmedia":[{"embeddable":true,"href":"https:\/\/chemneo.com\/pt\/wp-json\/wp\/v2\/media\/7490"}],"wp:attachment":[{"href":"https:\/\/chemneo.com\/pt\/wp-json\/wp\/v2\/media?parent=10801"}],"wp:term":[{"taxonomy":"product_brand","embeddable":true,"href":"https:\/\/chemneo.com\/pt\/wp-json\/wp\/v2\/product_brand?post=10801"},{"taxonomy":"product_cat","embeddable":true,"href":"https:\/\/chemneo.com\/pt\/wp-json\/wp\/v2\/product_cat?post=10801"},{"taxonomy":"product_tag","embeddable":true,"href":"https:\/\/chemneo.com\/pt\/wp-json\/wp\/v2\/product_tag?post=10801"}],"curies":[{"name":"wp","href":"https:\/\/api.w.org\/{rel}","templated":true}]}}