{"id":10802,"date":"2024-11-13T15:18:34","date_gmt":"2024-11-13T07:18:34","guid":{"rendered":"https:\/\/chemneo.com\/product\/10802.html"},"modified":"2024-11-13T15:18:34","modified_gmt":"2024-11-13T07:18:34","slug":"1-isopropylimidazole-cas-4532-96-1-2","status":"publish","type":"product","link":"https:\/\/chemneo.com\/pt\/product\/10802.html","title":{"rendered":"1-Isopropilimidazol CAS 4532-96-1"},"content":{"rendered":"<p>Descri\u00e7\u00e3o<\/p>\n<p>\t1-Isopropylimidazole\u00a0Quick Details<br \/>\nDenomina\u00e7\u00e3o qu\u00edmica: 1-Isopropilimidazol<br \/>\nSin\u00f3nimos: 1-Isopropil-1H-imidazol<br \/>\nN.\u00ba CAS: 4532-96-1<br \/>\nF\u00f3rmula molecular: C6H10N2<br \/>\nChemical Structure:<br \/>\nPeso molecular: 110,16<br \/>\nAspeto: P\u00f3 cristalino branco<br \/>\nEnsaio: \u226599.0%<br \/>\n1-Isopropylimidazole\u00a0Typical Properties<\/p>\n<p>ITEMS<br \/>\nSPECIFICATION<\/p>\n<p>Densidade<br \/>\n0.97<\/p>\n<p>Ponto de ebuli\u00e7\u00e3o<br \/>\n104\u00b0C<\/p>\n<p>Melt point<br \/>\n108.6\u00b0<\/p>\n<p>Ponto de inflama\u00e7\u00e3o<br \/>\n229\u00a0\u00b0F<\/p>\n<p>1-Isopropylimidazole\u00a0application:<br \/>\n1-Isopropylimidazole\u00a0was used Chemical intermediates; Pharmaceutical intermediate<br \/>\n1-Isopropylimidazole\u00a0Packaging and Shipping\u00a0<br \/>\ncustomized according to customer needs.<br \/>\n1-Isopropylimidazole\u00a0Storage<br \/>\nIt should be stored in a clean, dry and cool place, preventing from sunlight, rain.<\/p>","protected":false},"excerpt":{"rendered":"<p>Denomina\u00e7\u00e3o qu\u00edmica: 1-Isopropilimidazol<br \/>\nSin\u00f3nimos: 1-Isopropil-1H-imidazol<br \/>\nN.\u00ba CAS: 4532-96-1<br \/>\nF\u00f3rmula molecular: C6H10N2<br \/>\nPeso molecular: 110,16<br \/>\nAspeto: P\u00f3 cristalino branco<br \/>\nEnsaio: \u226599.0%<\/p>","protected":false},"featured_media":7492,"comment_status":"open","ping_status":"closed","template":"","meta":[],"product_brand":[],"product_cat":[17],"product_tag":[],"class_list":{"0":"post-10802","1":"product","2":"type-product","3":"status-publish","4":"has-post-thumbnail","6":"product_cat-uncategorized","8":"first","9":"instock","10":"shipping-taxable","11":"product-type-simple"},"_links":{"self":[{"href":"https:\/\/chemneo.com\/pt\/wp-json\/wp\/v2\/product\/10802","targetHints":{"allow":["GET"]}}],"collection":[{"href":"https:\/\/chemneo.com\/pt\/wp-json\/wp\/v2\/product"}],"about":[{"href":"https:\/\/chemneo.com\/pt\/wp-json\/wp\/v2\/types\/product"}],"replies":[{"embeddable":true,"href":"https:\/\/chemneo.com\/pt\/wp-json\/wp\/v2\/comments?post=10802"}],"wp:featuredmedia":[{"embeddable":true,"href":"https:\/\/chemneo.com\/pt\/wp-json\/wp\/v2\/media\/7492"}],"wp:attachment":[{"href":"https:\/\/chemneo.com\/pt\/wp-json\/wp\/v2\/media?parent=10802"}],"wp:term":[{"taxonomy":"product_brand","embeddable":true,"href":"https:\/\/chemneo.com\/pt\/wp-json\/wp\/v2\/product_brand?post=10802"},{"taxonomy":"product_cat","embeddable":true,"href":"https:\/\/chemneo.com\/pt\/wp-json\/wp\/v2\/product_cat?post=10802"},{"taxonomy":"product_tag","embeddable":true,"href":"https:\/\/chemneo.com\/pt\/wp-json\/wp\/v2\/product_tag?post=10802"}],"curies":[{"name":"wp","href":"https:\/\/api.w.org\/{rel}","templated":true}]}}