{"id":10804,"date":"2024-11-13T15:18:35","date_gmt":"2024-11-13T07:18:35","guid":{"rendered":"https:\/\/chemneo.com\/product\/10804.html"},"modified":"2024-11-13T15:18:35","modified_gmt":"2024-11-13T07:18:35","slug":"sodium-palmitoyl-sarcosinate-cas-4028-10-8-2","status":"publish","type":"product","link":"https:\/\/chemneo.com\/pt\/product\/10804.html","title":{"rendered":"Palmitoil Sarcosinato de S\u00f3dio CAS 4028-10-8"},"content":{"rendered":"<p>Descri\u00e7\u00e3o<\/p>\n<p>\tSodium Palmitoyl Sarcosinate\u00a0Quick Details<br \/>\nNome qu\u00edmico: Palmitoil Sarcosinato de S\u00f3dio<br \/>\nN.\u00ba CAS: 4028-10-8<br \/>\nF\u00f3rmula molecular: C19H38NNaO3<br \/>\nChemical Structure:<br \/>\nPeso molecular: 351,51<br \/>\nSodium Palmitoyl Sarcosinate Typical Properties<\/p>\n<p>ITEMS<br \/>\nSPECIFICATION<\/p>\n<p>Purity, %<br \/>\n\u226595.0<\/p>\n<p>Sodium Palmitoyl Sarcosinate application:<br \/>\nsurfactant.<br \/>\nSodium Palmitoyl Sarcosinate Packaging and Shipping\u00a0<br \/>\ncustomized according to customer needs.<br \/>\nSodium Palmitoyl Sarcosinate\u00a0Storage<br \/>\nIt should be stored in a clean, dry and cool place, preventing from sunlight, rain.<\/p>","protected":false},"excerpt":{"rendered":"<p>Nome qu\u00edmico: Palmitoil Sarcosinato de S\u00f3dio<br \/>\nN.\u00ba CAS: 4028-10-8<br \/>\nF\u00f3rmula molecular: C19H38NNaO3<br \/>\nPeso molecular: 351,51<\/p>","protected":false},"featured_media":7496,"comment_status":"open","ping_status":"closed","template":"","meta":[],"product_brand":[],"product_cat":[17],"product_tag":[],"class_list":{"0":"post-10804","1":"product","2":"type-product","3":"status-publish","4":"has-post-thumbnail","6":"product_cat-uncategorized","8":"first","9":"instock","10":"shipping-taxable","11":"product-type-simple"},"_links":{"self":[{"href":"https:\/\/chemneo.com\/pt\/wp-json\/wp\/v2\/product\/10804","targetHints":{"allow":["GET"]}}],"collection":[{"href":"https:\/\/chemneo.com\/pt\/wp-json\/wp\/v2\/product"}],"about":[{"href":"https:\/\/chemneo.com\/pt\/wp-json\/wp\/v2\/types\/product"}],"replies":[{"embeddable":true,"href":"https:\/\/chemneo.com\/pt\/wp-json\/wp\/v2\/comments?post=10804"}],"wp:featuredmedia":[{"embeddable":true,"href":"https:\/\/chemneo.com\/pt\/wp-json\/wp\/v2\/media\/7496"}],"wp:attachment":[{"href":"https:\/\/chemneo.com\/pt\/wp-json\/wp\/v2\/media?parent=10804"}],"wp:term":[{"taxonomy":"product_brand","embeddable":true,"href":"https:\/\/chemneo.com\/pt\/wp-json\/wp\/v2\/product_brand?post=10804"},{"taxonomy":"product_cat","embeddable":true,"href":"https:\/\/chemneo.com\/pt\/wp-json\/wp\/v2\/product_cat?post=10804"},{"taxonomy":"product_tag","embeddable":true,"href":"https:\/\/chemneo.com\/pt\/wp-json\/wp\/v2\/product_tag?post=10804"}],"curies":[{"name":"wp","href":"https:\/\/api.w.org\/{rel}","templated":true}]}}