{"id":10807,"date":"2024-11-13T15:18:35","date_gmt":"2024-11-13T07:18:35","guid":{"rendered":"https:\/\/chemneo.com\/product\/10807.html"},"modified":"2024-11-13T15:18:35","modified_gmt":"2024-11-13T07:18:35","slug":"l-alanine-n-coco-acyl-derivs-sodium-salts-cas-90170-45-9-2","status":"publish","type":"product","link":"https:\/\/chemneo.com\/pt\/product\/10807.html","title":{"rendered":"l-Alanina, derivados N-cocoac\u00edlicos, sais de s\u00f3dio CAS 90170-45-9"},"content":{"rendered":"<p>Descri\u00e7\u00e3o<\/p>\n<p>\tl-Alanine, N-coco acyl derivs., sodium salts\u00a0Quick Details<br \/>\nNome qu\u00edmico: l-Alanina, derivados N-coco ac\u00edlicos, sais de s\u00f3dio<br \/>\nN.\u00ba CAS: 90170-45-9<br \/>\nMolecular Fomula: N\/A<br \/>\nPeso molecular: N\/A<br \/>\nAspeto: l\u00edquido incolor a amarelo claro<br \/>\nEnsaio\uff1a30%min<br \/>\nl-Alanine, N-coco acyl derivs., sodium salts\u00a0Typical Properties<\/p>\n<p>ITEMS<br \/>\nSPECIFICATION<\/p>\n<p>Assay, %<br \/>\n\u226530.0<\/p>\n<p>Apar\u00eancia<br \/>\ncolorless to light yellow liquid<\/p>\n<p>l-Alanine, N-coco acyl derivs., sodium salts\u00a0application:<br \/>\nUsed in personal care products, household detergents, industrial cleaning agents,<br \/>\nl-Alanine, N-coco acyl derivs., sodium salts\u00a0Packaging and Shipping\u00a0<br \/>\nBag, 25kg<br \/>\nl-Alanine, N-coco acyl derivs., sodium salts\u00a0Storage<br \/>\nKeep closed and store in a dry and ventilated place.<\/p>","protected":false},"excerpt":{"rendered":"<p>Nome qu\u00edmico: l-Alanina, derivados N-coco ac\u00edlicos, sais de s\u00f3dio<br \/>\nN.\u00ba CAS: 90170-45-9<br \/>\nAspeto: l\u00edquido incolor a amarelo claro<br \/>\nEnsaio\uff1a30%min<\/p>","protected":false},"featured_media":0,"comment_status":"open","ping_status":"closed","template":"","meta":[],"product_brand":[],"product_cat":[17],"product_tag":[],"class_list":{"0":"post-10807","1":"product","2":"type-product","3":"status-publish","5":"product_cat-uncategorized","7":"first","8":"instock","9":"shipping-taxable","10":"product-type-simple"},"_links":{"self":[{"href":"https:\/\/chemneo.com\/pt\/wp-json\/wp\/v2\/product\/10807","targetHints":{"allow":["GET"]}}],"collection":[{"href":"https:\/\/chemneo.com\/pt\/wp-json\/wp\/v2\/product"}],"about":[{"href":"https:\/\/chemneo.com\/pt\/wp-json\/wp\/v2\/types\/product"}],"replies":[{"embeddable":true,"href":"https:\/\/chemneo.com\/pt\/wp-json\/wp\/v2\/comments?post=10807"}],"wp:attachment":[{"href":"https:\/\/chemneo.com\/pt\/wp-json\/wp\/v2\/media?parent=10807"}],"wp:term":[{"taxonomy":"product_brand","embeddable":true,"href":"https:\/\/chemneo.com\/pt\/wp-json\/wp\/v2\/product_brand?post=10807"},{"taxonomy":"product_cat","embeddable":true,"href":"https:\/\/chemneo.com\/pt\/wp-json\/wp\/v2\/product_cat?post=10807"},{"taxonomy":"product_tag","embeddable":true,"href":"https:\/\/chemneo.com\/pt\/wp-json\/wp\/v2\/product_tag?post=10807"}],"curies":[{"name":"wp","href":"https:\/\/api.w.org\/{rel}","templated":true}]}}