{"id":10808,"date":"2024-11-13T15:18:35","date_gmt":"2024-11-13T07:18:35","guid":{"rendered":"https:\/\/chemneo.com\/product\/10808.html"},"modified":"2024-11-13T15:18:35","modified_gmt":"2024-11-13T07:18:35","slug":"glycolic-acid-ethoxylate-lauryl-ether-cas-27306-90-7-2","status":"publish","type":"product","link":"https:\/\/chemneo.com\/pt\/product\/10808.html","title":{"rendered":"\u00c9ter Laur\u00edlico de Etoxilato de \u00c1cido Glic\u00f3lico CAS 27306-90-7"},"content":{"rendered":"<p>Descri\u00e7\u00e3o<\/p>\n<p>\tGlycolic Acid Ethoxylate Lauryl Ether Quick Details<br \/>\nNome qu\u00edmico: \u00c9ter Laur\u00edlico Etoxilado de \u00c1cido Glic\u00f3lico<br \/>\nN.\u00ba CAS: 27306-90-7<br \/>\nF\u00f3rmula molecular: C16H32O4<br \/>\nChemical Structure:<br \/>\nPeso molecular: N\/A<br \/>\nAspeto: l\u00edquido incolor e transparente<br \/>\nEnsaio: 90,0%min<br \/>\nGlycolic Acid Ethoxylate Lauryl Ether Typical Properties<\/p>\n<p>ITEMS<br \/>\nSPECIFICATION<\/p>\n<p>Apar\u00eancia<br \/>\ncolorless clear liquid<\/p>\n<p>Pureza<br \/>\n\u226590%<\/p>\n<p>\u00a0<br \/>\nGlycolic Acid Ethoxylate Lauryl Ether application:<br \/>\nThe mildest surfactant for cosmetics. Hard water application, emulsification, solubility, in the hypochlorite solution to dissolve the aromatic agent.<br \/>\nGlycolic Acid Ethoxylate Lauryl Ether Packaging and Shipping\u00a0<br \/>\n50kg\/drum.<br \/>\nGlycolic Acid Ethoxylate Lauryl Ether Storage<br \/>\nStore in a cool, dry place<\/p>","protected":false},"excerpt":{"rendered":"<p>Nome qu\u00edmico: \u00c9ter Laur\u00edlico Etoxilado de \u00c1cido Glic\u00f3lico<br \/>\nN.\u00ba CAS: 27306-90-7<br \/>\nF\u00f3rmula molecular: C16H32O4<br \/>\nPeso molecular: N\/A<br \/>\nAspeto: l\u00edquido incolor e transparente<br \/>\nEnsaio: 90,0%min<\/p>","protected":false},"featured_media":7502,"comment_status":"open","ping_status":"closed","template":"","meta":[],"product_brand":[],"product_cat":[17],"product_tag":[],"class_list":{"0":"post-10808","1":"product","2":"type-product","3":"status-publish","4":"has-post-thumbnail","6":"product_cat-uncategorized","8":"first","9":"instock","10":"shipping-taxable","11":"product-type-simple"},"_links":{"self":[{"href":"https:\/\/chemneo.com\/pt\/wp-json\/wp\/v2\/product\/10808","targetHints":{"allow":["GET"]}}],"collection":[{"href":"https:\/\/chemneo.com\/pt\/wp-json\/wp\/v2\/product"}],"about":[{"href":"https:\/\/chemneo.com\/pt\/wp-json\/wp\/v2\/types\/product"}],"replies":[{"embeddable":true,"href":"https:\/\/chemneo.com\/pt\/wp-json\/wp\/v2\/comments?post=10808"}],"wp:featuredmedia":[{"embeddable":true,"href":"https:\/\/chemneo.com\/pt\/wp-json\/wp\/v2\/media\/7502"}],"wp:attachment":[{"href":"https:\/\/chemneo.com\/pt\/wp-json\/wp\/v2\/media?parent=10808"}],"wp:term":[{"taxonomy":"product_brand","embeddable":true,"href":"https:\/\/chemneo.com\/pt\/wp-json\/wp\/v2\/product_brand?post=10808"},{"taxonomy":"product_cat","embeddable":true,"href":"https:\/\/chemneo.com\/pt\/wp-json\/wp\/v2\/product_cat?post=10808"},{"taxonomy":"product_tag","embeddable":true,"href":"https:\/\/chemneo.com\/pt\/wp-json\/wp\/v2\/product_tag?post=10808"}],"curies":[{"name":"wp","href":"https:\/\/api.w.org\/{rel}","templated":true}]}}