{"id":10809,"date":"2024-11-13T15:18:35","date_gmt":"2024-11-13T07:18:35","guid":{"rendered":"https:\/\/chemneo.com\/product\/10809.html"},"modified":"2024-11-13T15:18:35","modified_gmt":"2024-11-13T07:18:35","slug":"5-methyl-2-pyrazinecarboxylic-acid-cas-5521-55-1-2","status":"publish","type":"product","link":"https:\/\/chemneo.com\/pt\/product\/10809.html","title":{"rendered":"\u00c1cido 5-metil-2-pirazinocarbox\u00edlico CAS 5521-55-1"},"content":{"rendered":"<p>Descri\u00e7\u00e3o<\/p>\n<p>\t5-Methyl-2-pyrazinecarboxylic Acid Quick Details<br \/>\nDenomina\u00e7\u00e3o qu\u00edmica: \u00c1cido 5-metil-2-pirazinocarbox\u00edlico<br \/>\nSin\u00f3nimos: \u00c1cido 5-metilpirazina-2-carbox\u00edlico<br \/>\nN.\u00ba CAS: 5521-55-1<br \/>\nF\u00f3rmula molecular: C6H6N2O2<br \/>\nChemical Structure:<br \/>\nPeso molecular: 138,12<br \/>\nAppearance: Amorphous powder<br \/>\nEnsaio: \u226599.0%<br \/>\n5-Methyl-2-pyrazinecarboxylic Acid Typical Properties<\/p>\n<p>ITEMS<br \/>\nSPECIFICATION<\/p>\n<p>Densidade<br \/>\n0.97<\/p>\n<p>Ponto de ebuli\u00e7\u00e3o<br \/>\n253.51\u00b0C<\/p>\n<p>Melt point<br \/>\n167-171\u00a0\u00b0C<\/p>\n<p>Ponto de inflama\u00e7\u00e3o<br \/>\n229\u00a0\u00b0F<\/p>\n<p>\u00a0<br \/>\n5-Methyl-2-pyrazinecarboxylic Acid application:<br \/>\n5-Methyl-2-pyrazinecarboxylic acid is the intermediates of the blood lipid drug amosius.<br \/>\n5-Methyl-2-pyrazinecarboxylic Acid\u00a0Packaging and Shipping\u00a0<br \/>\ncustomized according to customer needs.<br \/>\n5-Methyl-2-pyrazinecarboxylic Acid\u00a0Storage<br \/>\nIt should be stored in a clean, dry and cool place, preventing from sunlight, rain.<\/p>","protected":false},"excerpt":{"rendered":"<p>Denomina\u00e7\u00e3o qu\u00edmica: \u00c1cido 5-metil-2-pirazinocarbox\u00edlico<br \/>\nSin\u00f3nimos: \u00c1cido 5-metilpirazina-2-carbox\u00edlico<br \/>\nN.\u00ba CAS: 5521-55-1<br \/>\nF\u00f3rmula molecular: C6H6N2O2<br \/>\nPeso molecular: 138,12<br \/>\nAspeto:P\u00f3 amorfo<br \/>\nEnsaio: \u226599.0%<\/p>","protected":false},"featured_media":7504,"comment_status":"open","ping_status":"closed","template":"","meta":[],"product_brand":[],"product_cat":[17],"product_tag":[],"class_list":{"0":"post-10809","1":"product","2":"type-product","3":"status-publish","4":"has-post-thumbnail","6":"product_cat-uncategorized","8":"first","9":"instock","10":"shipping-taxable","11":"product-type-simple"},"_links":{"self":[{"href":"https:\/\/chemneo.com\/pt\/wp-json\/wp\/v2\/product\/10809","targetHints":{"allow":["GET"]}}],"collection":[{"href":"https:\/\/chemneo.com\/pt\/wp-json\/wp\/v2\/product"}],"about":[{"href":"https:\/\/chemneo.com\/pt\/wp-json\/wp\/v2\/types\/product"}],"replies":[{"embeddable":true,"href":"https:\/\/chemneo.com\/pt\/wp-json\/wp\/v2\/comments?post=10809"}],"wp:featuredmedia":[{"embeddable":true,"href":"https:\/\/chemneo.com\/pt\/wp-json\/wp\/v2\/media\/7504"}],"wp:attachment":[{"href":"https:\/\/chemneo.com\/pt\/wp-json\/wp\/v2\/media?parent=10809"}],"wp:term":[{"taxonomy":"product_brand","embeddable":true,"href":"https:\/\/chemneo.com\/pt\/wp-json\/wp\/v2\/product_brand?post=10809"},{"taxonomy":"product_cat","embeddable":true,"href":"https:\/\/chemneo.com\/pt\/wp-json\/wp\/v2\/product_cat?post=10809"},{"taxonomy":"product_tag","embeddable":true,"href":"https:\/\/chemneo.com\/pt\/wp-json\/wp\/v2\/product_tag?post=10809"}],"curies":[{"name":"wp","href":"https:\/\/api.w.org\/{rel}","templated":true}]}}