{"id":10811,"date":"2024-11-13T15:18:36","date_gmt":"2024-11-13T07:18:36","guid":{"rendered":"https:\/\/chemneo.com\/product\/10811.html"},"modified":"2024-11-13T15:18:36","modified_gmt":"2024-11-13T07:18:36","slug":"acid-blue-40-cas-6424-85-7-2","status":"publish","type":"product","link":"https:\/\/chemneo.com\/pt\/product\/10811.html","title":{"rendered":"Azul \u00e1cido 40 CAS 6424-85-7"},"content":{"rendered":"<p>Descri\u00e7\u00e3o<\/p>\n<p>\tAcid Blue 40 Quick Details<br \/>\nNome qu\u00edmico: Azul \u00e1cido 40<br \/>\nN.\u00ba CAS: 6424-85-7<br \/>\nF\u00f3rmula molecular: C22H16N3NaO6S<br \/>\nChemical Structure:<br \/>\nPeso molecular: 473,43<br \/>\nAspeto: P\u00f3 azul castanho<br \/>\nEnsaio: \u226599.0%<br \/>\nAcid Blue 40 Typical Properties<\/p>\n<p>ITEMS<br \/>\nSPECIFICATION<\/p>\n<p>Apar\u00eancia<br \/>\nBrown Blue Powder<\/p>\n<p>Pureza<br \/>\n\u226599.0%<\/p>\n<p>Melt point<br \/>\n>300 \u00b0C<\/p>\n<p>\u00a0<br \/>\nAcid Blue 40 application:<br \/>\nUsed for dyeing silk, wool, etc.<br \/>\nAcid Blue 40 Packaging and Shipping\u00a0<br \/>\n25KG\/drum<br \/>\nAcid Blue 40 Storage<br \/>\nIt should be stored in a clean, dry and cool place, preventing from sunlight, rain.<\/p>","protected":false},"excerpt":{"rendered":"<p>Nome qu\u00edmico: Azul \u00e1cido 40<br \/>\nN.\u00ba CAS: 6424-85-7<br \/>\nF\u00f3rmula molecular: C22H16N3NaO6S<br \/>\nPeso molecular: 473,43<br \/>\nAspeto: P\u00f3 azul castanho<br \/>\nEnsaio: \u226599.0%<\/p>","protected":false},"featured_media":7508,"comment_status":"open","ping_status":"closed","template":"","meta":[],"product_brand":[],"product_cat":[17],"product_tag":[],"class_list":{"0":"post-10811","1":"product","2":"type-product","3":"status-publish","4":"has-post-thumbnail","6":"product_cat-uncategorized","8":"first","9":"instock","10":"shipping-taxable","11":"product-type-simple"},"_links":{"self":[{"href":"https:\/\/chemneo.com\/pt\/wp-json\/wp\/v2\/product\/10811","targetHints":{"allow":["GET"]}}],"collection":[{"href":"https:\/\/chemneo.com\/pt\/wp-json\/wp\/v2\/product"}],"about":[{"href":"https:\/\/chemneo.com\/pt\/wp-json\/wp\/v2\/types\/product"}],"replies":[{"embeddable":true,"href":"https:\/\/chemneo.com\/pt\/wp-json\/wp\/v2\/comments?post=10811"}],"wp:featuredmedia":[{"embeddable":true,"href":"https:\/\/chemneo.com\/pt\/wp-json\/wp\/v2\/media\/7508"}],"wp:attachment":[{"href":"https:\/\/chemneo.com\/pt\/wp-json\/wp\/v2\/media?parent=10811"}],"wp:term":[{"taxonomy":"product_brand","embeddable":true,"href":"https:\/\/chemneo.com\/pt\/wp-json\/wp\/v2\/product_brand?post=10811"},{"taxonomy":"product_cat","embeddable":true,"href":"https:\/\/chemneo.com\/pt\/wp-json\/wp\/v2\/product_cat?post=10811"},{"taxonomy":"product_tag","embeddable":true,"href":"https:\/\/chemneo.com\/pt\/wp-json\/wp\/v2\/product_tag?post=10811"}],"curies":[{"name":"wp","href":"https:\/\/api.w.org\/{rel}","templated":true}]}}