{"id":10813,"date":"2024-11-13T15:18:36","date_gmt":"2024-11-13T07:18:36","guid":{"rendered":"https:\/\/chemneo.com\/product\/10813.html"},"modified":"2024-11-13T15:18:36","modified_gmt":"2024-11-13T07:18:36","slug":"dodecyl-methyl-sulfide-cas-3698-89-3-2","status":"publish","type":"product","link":"https:\/\/chemneo.com\/pt\/product\/10813.html","title":{"rendered":"Sulfureto de dodecilmetilo CAS 3698-89-3"},"content":{"rendered":"<p>Descri\u00e7\u00e3o<\/p>\n<p>\tDodecyl Methyl Sulfide Quick Details<br \/>\nNome qu\u00edmico: Sulfureto de dodecilmetilo<br \/>\nN.\u00ba CAS: 3698-89-3<br \/>\nF\u00f3rmula molecular: C13H28S<br \/>\nChemical Structure:<br \/>\nMassa molecular: 216,43<br \/>\nAspeto: L\u00edquido incolor<br \/>\nEnsaio: \u226598.0%<br \/>\nDodecyl Methyl Sulfide Typical Properties<\/p>\n<p>ITEMS<br \/>\nSPECIFICATION<\/p>\n<p>Apar\u00eancia<br \/>\nL\u00edquido incolor<\/p>\n<p>Pureza<br \/>\n\u226598.0%<\/p>\n<p>Densidade<br \/>\n0.816 g\/mL at 25 \u00b0C (lit.)<\/p>\n<p>\u00edndice de refra\u00e7\u00e3o<br \/>\nn20\/D 1.4610(lit.)<\/p>\n<p>\u00a0<br \/>\nDodecyl Methyl Sulfide application:<br \/>\nchemical reagents<br \/>\nDodecyl Methyl Sulfide Packaging and Shipping\u00a0<br \/>\ncustomized according to customer needs.<br \/>\nDodecyl Methyl Sulfide Storage<br \/>\nIt should be stored in a clean, dry and cool place, preventing from sunlight, rain.<\/p>","protected":false},"excerpt":{"rendered":"<p>Nome qu\u00edmico: Sulfureto de dodecilmetilo<br \/>\nN.\u00ba CAS: 3698-89-3<br \/>\nF\u00f3rmula molecular: C13H28S<br \/>\nMassa molecular: 216,43<br \/>\nAspeto: L\u00edquido incolor<br \/>\nEnsaio: \u226598.0%<\/p>","protected":false},"featured_media":7512,"comment_status":"open","ping_status":"closed","template":"","meta":[],"product_brand":[],"product_cat":[17],"product_tag":[],"class_list":{"0":"post-10813","1":"product","2":"type-product","3":"status-publish","4":"has-post-thumbnail","6":"product_cat-uncategorized","8":"first","9":"instock","10":"shipping-taxable","11":"product-type-simple"},"_links":{"self":[{"href":"https:\/\/chemneo.com\/pt\/wp-json\/wp\/v2\/product\/10813","targetHints":{"allow":["GET"]}}],"collection":[{"href":"https:\/\/chemneo.com\/pt\/wp-json\/wp\/v2\/product"}],"about":[{"href":"https:\/\/chemneo.com\/pt\/wp-json\/wp\/v2\/types\/product"}],"replies":[{"embeddable":true,"href":"https:\/\/chemneo.com\/pt\/wp-json\/wp\/v2\/comments?post=10813"}],"wp:featuredmedia":[{"embeddable":true,"href":"https:\/\/chemneo.com\/pt\/wp-json\/wp\/v2\/media\/7512"}],"wp:attachment":[{"href":"https:\/\/chemneo.com\/pt\/wp-json\/wp\/v2\/media?parent=10813"}],"wp:term":[{"taxonomy":"product_brand","embeddable":true,"href":"https:\/\/chemneo.com\/pt\/wp-json\/wp\/v2\/product_brand?post=10813"},{"taxonomy":"product_cat","embeddable":true,"href":"https:\/\/chemneo.com\/pt\/wp-json\/wp\/v2\/product_cat?post=10813"},{"taxonomy":"product_tag","embeddable":true,"href":"https:\/\/chemneo.com\/pt\/wp-json\/wp\/v2\/product_tag?post=10813"}],"curies":[{"name":"wp","href":"https:\/\/api.w.org\/{rel}","templated":true}]}}