{"id":10833,"date":"2024-11-13T15:18:39","date_gmt":"2024-11-13T07:18:39","guid":{"rendered":"https:\/\/chemneo.com\/product\/10833.html"},"modified":"2024-11-13T15:18:39","modified_gmt":"2024-11-13T07:18:39","slug":"17-heptanediol-cas-629-30-1-2","status":"publish","type":"product","link":"https:\/\/chemneo.com\/pt\/product\/10833.html","title":{"rendered":"1,7-Heptanodiol Cas 629-30-1"},"content":{"rendered":"<p>Descri\u00e7\u00e3o<\/p>\n<p>\t1,7-Heptanediol \u00a0Quick Details<br \/>\nChemical Name:\u00a01,7-Heptanediol<br \/>\nCAS No.:629-30-1Molecular Fomula: C7H16O2<br \/>\nChemical Structure:<\/p>\n<p>Molecular weight:\u00a0132.2<br \/>\nAspeto: l\u00edquido incolor<br \/>\n1,7-Heptanediol \u00a0Typical Properties<\/p>\n<p>Melting point<br \/>\n17-19 \u00b0C (lit.)<\/p>\n<p>Ponto de ebuli\u00e7\u00e3o<br \/>\n259 \u00b0C (lit.)<\/p>\n<p>densidade<br \/>\n0.951 g\/mL at 25 \u00b0C (lit.)<\/p>\n<p>\u00edndice de refra\u00e7\u00e3o<br \/>\nn20\/D\u00a01.455(lit.)<\/p>\n<p>Fp<br \/>\n>230\u00a0\u00b0F<\/p>\n<p>storage temp.<br \/>\nInert atmosphere,Room Temperature<\/p>\n<p>solubility<br \/>\nChloroform (Slightly), Methanol (Slightly)<\/p>\n<p>forma<br \/>\nLiquid After Melting<\/p>\n<p>1,7-Heptanediol \u00a0\u00a0application:<br \/>\nSynthetic additives<br \/>\n.1,7-Heptanediol \u00a0Packaging and Shipping\u00a0<br \/>\ncustomized according to customer needs.<br \/>\n1,7-Heptanediol \u00a0Storage<br \/>\nIt should be stored in a clean, dry and cool place, preventing from sunlight, rain.<\/p>","protected":false},"excerpt":{"rendered":"<p>Chemical Name:\u00a01,7-Heptanediol<br \/>\nCAS No.:629-30-1<br \/>\nMolecular Fomula: C7H16O2<br \/>\nMolecular weight:\u00a0132.2<br \/>\nAspeto: l\u00edquido incolor<\/p>","protected":false},"featured_media":7551,"comment_status":"open","ping_status":"closed","template":"","meta":[],"product_brand":[],"product_cat":[17],"product_tag":[],"class_list":{"0":"post-10833","1":"product","2":"type-product","3":"status-publish","4":"has-post-thumbnail","6":"product_cat-uncategorized","8":"first","9":"instock","10":"shipping-taxable","11":"product-type-simple"},"_links":{"self":[{"href":"https:\/\/chemneo.com\/pt\/wp-json\/wp\/v2\/product\/10833","targetHints":{"allow":["GET"]}}],"collection":[{"href":"https:\/\/chemneo.com\/pt\/wp-json\/wp\/v2\/product"}],"about":[{"href":"https:\/\/chemneo.com\/pt\/wp-json\/wp\/v2\/types\/product"}],"replies":[{"embeddable":true,"href":"https:\/\/chemneo.com\/pt\/wp-json\/wp\/v2\/comments?post=10833"}],"wp:featuredmedia":[{"embeddable":true,"href":"https:\/\/chemneo.com\/pt\/wp-json\/wp\/v2\/media\/7551"}],"wp:attachment":[{"href":"https:\/\/chemneo.com\/pt\/wp-json\/wp\/v2\/media?parent=10833"}],"wp:term":[{"taxonomy":"product_brand","embeddable":true,"href":"https:\/\/chemneo.com\/pt\/wp-json\/wp\/v2\/product_brand?post=10833"},{"taxonomy":"product_cat","embeddable":true,"href":"https:\/\/chemneo.com\/pt\/wp-json\/wp\/v2\/product_cat?post=10833"},{"taxonomy":"product_tag","embeddable":true,"href":"https:\/\/chemneo.com\/pt\/wp-json\/wp\/v2\/product_tag?post=10833"}],"curies":[{"name":"wp","href":"https:\/\/api.w.org\/{rel}","templated":true}]}}