{"id":10836,"date":"2024-11-13T15:18:40","date_gmt":"2024-11-13T07:18:40","guid":{"rendered":"https:\/\/chemneo.com\/product\/10836.html"},"modified":"2024-11-13T15:18:40","modified_gmt":"2024-11-13T07:18:40","slug":"112-dodecanediol-cas-5675-51-4-2","status":"publish","type":"product","link":"https:\/\/chemneo.com\/pt\/product\/10836.html","title":{"rendered":"1,12-Dodecanediol Cas 5675-51-4"},"content":{"rendered":"<p>Descri\u00e7\u00e3o<\/p>\n<p>\t1,12-Dodecanediol\u00a0\u00a0Quick Details<br \/>\nNome qu\u00edmico: 1,12-Dodecanodiol<br \/>\nSin\u00f3nimos: Dodecametilenoglicol; Dodecano-1,12-diol<br \/>\nN.\u00ba CAS: 5675-51-4<br \/>\nF\u00f3rmula molecular: C12H26O2<br \/>\nChemical Structure:<\/p>\n<p>Molecular weight:\u00a0202.33<br \/>\nAppearance: White\u00a0Powder<br \/>\n1,12-Dodecanediol\u00a0\u00a0Typical Properties<\/p>\n<p>Melting point<br \/>\n79-81 \u00b0C (lit.)<\/p>\n<p>Ponto de ebuli\u00e7\u00e3o<br \/>\n189 \u00b0C\/12 mmHg (lit.)<\/p>\n<p>densidade<br \/>\n0.9216 (rough estimate)<\/p>\n<p>vapor pressure<br \/>\n0Pa at 20\u2103<\/p>\n<p>\u00edndice de refra\u00e7\u00e3o<br \/>\n1.4656 (estimate)<\/p>\n<p>Fp<br \/>\n176\u00b0C<\/p>\n<p>storage temp.<br \/>\nStore below +30\u00b0C.<\/p>\n<p>solubility<br \/>\n<1g>","protected":false},"excerpt":{"rendered":"<p>Nome qu\u00edmico: 1,12-Dodecanodiol<br \/>\nSin\u00f3nimos: Dodecametilenoglicol; Dodecano-1,12-diol<br \/>\nN.\u00ba CAS: 5675-51-4<br \/>\nF\u00f3rmula molecular: C12H26O2<\/p>","protected":false},"featured_media":7557,"comment_status":"open","ping_status":"closed","template":"","meta":[],"product_brand":[],"product_cat":[17],"product_tag":[],"class_list":{"0":"post-10836","1":"product","2":"type-product","3":"status-publish","4":"has-post-thumbnail","6":"product_cat-uncategorized","8":"first","9":"instock","10":"shipping-taxable","11":"product-type-simple"},"_links":{"self":[{"href":"https:\/\/chemneo.com\/pt\/wp-json\/wp\/v2\/product\/10836","targetHints":{"allow":["GET"]}}],"collection":[{"href":"https:\/\/chemneo.com\/pt\/wp-json\/wp\/v2\/product"}],"about":[{"href":"https:\/\/chemneo.com\/pt\/wp-json\/wp\/v2\/types\/product"}],"replies":[{"embeddable":true,"href":"https:\/\/chemneo.com\/pt\/wp-json\/wp\/v2\/comments?post=10836"}],"wp:featuredmedia":[{"embeddable":true,"href":"https:\/\/chemneo.com\/pt\/wp-json\/wp\/v2\/media\/7557"}],"wp:attachment":[{"href":"https:\/\/chemneo.com\/pt\/wp-json\/wp\/v2\/media?parent=10836"}],"wp:term":[{"taxonomy":"product_brand","embeddable":true,"href":"https:\/\/chemneo.com\/pt\/wp-json\/wp\/v2\/product_brand?post=10836"},{"taxonomy":"product_cat","embeddable":true,"href":"https:\/\/chemneo.com\/pt\/wp-json\/wp\/v2\/product_cat?post=10836"},{"taxonomy":"product_tag","embeddable":true,"href":"https:\/\/chemneo.com\/pt\/wp-json\/wp\/v2\/product_tag?post=10836"}],"curies":[{"name":"wp","href":"https:\/\/api.w.org\/{rel}","templated":true}]}}