{"id":10839,"date":"2024-11-13T15:18:40","date_gmt":"2024-11-13T07:18:40","guid":{"rendered":"https:\/\/chemneo.com\/product\/10839.html"},"modified":"2024-11-13T15:18:40","modified_gmt":"2024-11-13T07:18:40","slug":"methyl-octanoate-cas-111-11-5-2","status":"publish","type":"product","link":"https:\/\/chemneo.com\/pt\/product\/10839.html","title":{"rendered":"Octanoato de metilo CAS 111-11-5"},"content":{"rendered":"<p>Descri\u00e7\u00e3o<\/p>\n<p>\tMethyl Octanoate Details<br \/>\nNome qu\u00edmico: Octanoato de metilo<br \/>\nSin\u00f3nimos: Caprilato de metilo; \u00e9ster met\u00edlico do \u00e1cido capr\u00edlico<br \/>\nN.\u00ba CAS: 111-11-5<br \/>\nF\u00f3rmula molecular: C9H18O2<br \/>\nPeso molecular: 158,24<br \/>\nMolecular\u00a0Structure:<br \/>\nAspeto: L\u00edquido<br \/>\nMethyl Octanoate Typical Properties<\/p>\n<p>Ponto de fus\u00e3o<br \/>\n-40\u00b0C<\/p>\n<p>Ponto de ebuli\u00e7\u00e3o<br \/>\n79 \u00b0C<\/p>\n<p>Densidade<br \/>\n0.878<\/p>\n<p>\u00cdndice de refra\u00e7\u00e3o<br \/>\nn20\/D 1.418<\/p>\n<p>Ponto de inflama\u00e7\u00e3o<br \/>\n163\u00a0\u00b0F<\/p>\n<p>Armazenamento<br \/>\nStore below +30\u00b0C.<\/p>\n<p>Solubilidade<br \/>\nInsoluble in water<\/p>\n<p>Apar\u00eancia<br \/>\nL\u00edquido<\/p>\n<p>Colour<br \/>\nColorless<\/p>\n<p>\u00a0<br \/>\nMethyl Octanoate Usage<br \/>\nMainly used as synthetic flavors and food additives.<br \/>\nMethyl Octanoate Packaging and Shipping<br \/>\nPacking: 25KG\/Drum<br \/>\nMethyl Octanoate Storage<br \/>\nKeep in a well-closed,light-resistant, dry and cool place.<\/p>","protected":false},"excerpt":{"rendered":"<p>Nome qu\u00edmico: Octanoato de metilo<br \/>\nSin\u00f3nimos: Caprilato de metilo; \u00e9ster met\u00edlico do \u00e1cido capr\u00edlico<br \/>\nN.\u00ba CAS: 111-11-5<br \/>\nF\u00f3rmula molecular: C9H18O2<br \/>\nPeso molecular: 158,24<br \/>\nAspeto: L\u00edquido<\/p>","protected":false},"featured_media":7563,"comment_status":"open","ping_status":"closed","template":"","meta":[],"product_brand":[],"product_cat":[17],"product_tag":[],"class_list":{"0":"post-10839","1":"product","2":"type-product","3":"status-publish","4":"has-post-thumbnail","6":"product_cat-uncategorized","8":"first","9":"instock","10":"shipping-taxable","11":"product-type-simple"},"_links":{"self":[{"href":"https:\/\/chemneo.com\/pt\/wp-json\/wp\/v2\/product\/10839","targetHints":{"allow":["GET"]}}],"collection":[{"href":"https:\/\/chemneo.com\/pt\/wp-json\/wp\/v2\/product"}],"about":[{"href":"https:\/\/chemneo.com\/pt\/wp-json\/wp\/v2\/types\/product"}],"replies":[{"embeddable":true,"href":"https:\/\/chemneo.com\/pt\/wp-json\/wp\/v2\/comments?post=10839"}],"wp:featuredmedia":[{"embeddable":true,"href":"https:\/\/chemneo.com\/pt\/wp-json\/wp\/v2\/media\/7563"}],"wp:attachment":[{"href":"https:\/\/chemneo.com\/pt\/wp-json\/wp\/v2\/media?parent=10839"}],"wp:term":[{"taxonomy":"product_brand","embeddable":true,"href":"https:\/\/chemneo.com\/pt\/wp-json\/wp\/v2\/product_brand?post=10839"},{"taxonomy":"product_cat","embeddable":true,"href":"https:\/\/chemneo.com\/pt\/wp-json\/wp\/v2\/product_cat?post=10839"},{"taxonomy":"product_tag","embeddable":true,"href":"https:\/\/chemneo.com\/pt\/wp-json\/wp\/v2\/product_tag?post=10839"}],"curies":[{"name":"wp","href":"https:\/\/api.w.org\/{rel}","templated":true}]}}