{"id":10849,"date":"2024-11-13T15:18:42","date_gmt":"2024-11-13T07:18:42","guid":{"rendered":"https:\/\/chemneo.com\/product\/10849.html"},"modified":"2024-11-13T15:18:42","modified_gmt":"2024-11-13T07:18:42","slug":"acetovanillone-cas-498-02-2-2","status":"publish","type":"product","link":"https:\/\/chemneo.com\/pt\/product\/10849.html","title":{"rendered":"Acetovanilona CAS 498-02-2"},"content":{"rendered":"<p>Descri\u00e7\u00e3o<\/p>\n<p>\tAcetovanillone Details<br \/>\nChemical Name: Acetovanillone<br \/>\nSynonyms: Apocynin<br \/>\nCAS No.: 498-02-2<br \/>\nMolecular Formula: C9H10O3<br \/>\nPeso molecular: 166,17<br \/>\nMolecular\u00a0Structure:<br \/>\nAspeto: P\u00f3 amarelo<br \/>\nAcetovanillone Typical Properties<\/p>\n<p>Ponto de fus\u00e3o<br \/>\n112-115 \u00b0C (lit.)<\/p>\n<p>Ponto de ebuli\u00e7\u00e3o<br \/>\n263-265 \u00b0C\/17 mmHg (lit.)<\/p>\n<p>Densidade<br \/>\n1.1708 (rough estimate)<\/p>\n<p>\u00cdndice de refra\u00e7\u00e3o<br \/>\n1.5101 (estimate)<\/p>\n<p>Ponto de inflama\u00e7\u00e3o<br \/>\n>230\u00a0\u00b0F<\/p>\n<p>Armazenamento<br \/>\nSealed in dry,Room Temperature<\/p>\n<p>Solubilidade<br \/>\nSoluble in hot water<\/p>\n<p>Apar\u00eancia<br \/>\nP\u00f3<\/p>\n<p>Colour<br \/>\nYellow<\/p>\n<p>\u00a0<br \/>\nAcetovanillone Usage<br \/>\nUsed as food additives and organic synthesis intermediates.<br \/>\nAcetovanillone Packaging and Shipping<br \/>\nPacking: 25KG\/Drum<br \/>\nAcetovanillone Storage<br \/>\nUsed as food additives and organic synthesis intermediates.<\/p>","protected":false},"excerpt":{"rendered":"<p>Chemical Name: Acetovanillone<br \/>\nSynonyms: Apocynin<br \/>\nCAS No.: 498-02-2<br \/>\nMolecular Formula: C9H10O3<br \/>\nPeso molecular: 166,17<br \/>\nAspeto: P\u00f3 amarelo<\/p>","protected":false},"featured_media":7583,"comment_status":"open","ping_status":"closed","template":"","meta":[],"product_brand":[],"product_cat":[17],"product_tag":[],"class_list":{"0":"post-10849","1":"product","2":"type-product","3":"status-publish","4":"has-post-thumbnail","6":"product_cat-uncategorized","8":"first","9":"instock","10":"shipping-taxable","11":"product-type-simple"},"_links":{"self":[{"href":"https:\/\/chemneo.com\/pt\/wp-json\/wp\/v2\/product\/10849","targetHints":{"allow":["GET"]}}],"collection":[{"href":"https:\/\/chemneo.com\/pt\/wp-json\/wp\/v2\/product"}],"about":[{"href":"https:\/\/chemneo.com\/pt\/wp-json\/wp\/v2\/types\/product"}],"replies":[{"embeddable":true,"href":"https:\/\/chemneo.com\/pt\/wp-json\/wp\/v2\/comments?post=10849"}],"wp:featuredmedia":[{"embeddable":true,"href":"https:\/\/chemneo.com\/pt\/wp-json\/wp\/v2\/media\/7583"}],"wp:attachment":[{"href":"https:\/\/chemneo.com\/pt\/wp-json\/wp\/v2\/media?parent=10849"}],"wp:term":[{"taxonomy":"product_brand","embeddable":true,"href":"https:\/\/chemneo.com\/pt\/wp-json\/wp\/v2\/product_brand?post=10849"},{"taxonomy":"product_cat","embeddable":true,"href":"https:\/\/chemneo.com\/pt\/wp-json\/wp\/v2\/product_cat?post=10849"},{"taxonomy":"product_tag","embeddable":true,"href":"https:\/\/chemneo.com\/pt\/wp-json\/wp\/v2\/product_tag?post=10849"}],"curies":[{"name":"wp","href":"https:\/\/api.w.org\/{rel}","templated":true}]}}