{"id":10855,"date":"2024-11-13T15:18:43","date_gmt":"2024-11-13T07:18:43","guid":{"rendered":"https:\/\/chemneo.com\/product\/10855.html"},"modified":"2024-11-13T15:18:43","modified_gmt":"2024-11-13T07:18:43","slug":"diglycidyl-ether-cas-2238-07-5-2","status":"publish","type":"product","link":"https:\/\/chemneo.com\/pt\/product\/10855.html","title":{"rendered":"\u00c9ter diglicid\u00edlico Cas 2238-07-5"},"content":{"rendered":"<p>Descri\u00e7\u00e3o<\/p>\n<p>\tDiglycidyl Ether Details<br \/>\nChemical Name: Diglycidyl Ether<br \/>\nSynonyms: Bis(2,3-epoxypropyl) ether; diallyletherdioxide; oxydedediglycidyle; glycidylether<br \/>\nCAS No.: 2238-07-5<br \/>\nMolecular Formula: C6H10O3<br \/>\nMolecular Weight: 130.14<br \/>\nMolecular\u00a0Structure:<\/p>\n<p>Aspeto: L\u00edquido<br \/>\nDiglycidyl Ether Typical Properties<\/p>\n<p>Melting point<br \/>\n260 \u00b0C<\/p>\n<p>Densidade<br \/>\n1.12<\/p>\n<p>Apar\u00eancia<br \/>\nliquid<\/p>\n<p>Colour<br \/>\nTransparent colorless to light brown<\/p>\n<p>Ponto de inflama\u00e7\u00e3o<br \/>\n64 \u00b0C<\/p>\n<p>Refractive index<br \/>\n1.446-1.448<\/p>\n<p>Diglycidyl Ether Usage<br \/>\nUsed as solvents, adhesives and anti-corrosion coatings<br \/>\nDiglycidyl Ether Packaging and Shipping<br \/>\nPacking: 25KG\/Drum<br \/>\nDiglycidyl Ether Storage<br \/>\nKeep in a well-closed, light-resistant, dry and cool place.<\/p>","protected":false},"excerpt":{"rendered":"<p>Chemical Name: Diglycidyl Ether<br \/>\nSynonyms: Bis(2,3-epoxypropyl) ether; diallyletherdioxide; oxydedediglycidyle; glycidylether<br \/>\nCAS No.: 2238-07-5<br \/>\nMolecular Formula: C6H10O3<\/p>","protected":false},"featured_media":7595,"comment_status":"open","ping_status":"closed","template":"","meta":[],"product_brand":[],"product_cat":[17],"product_tag":[],"class_list":{"0":"post-10855","1":"product","2":"type-product","3":"status-publish","4":"has-post-thumbnail","6":"product_cat-uncategorized","8":"first","9":"instock","10":"shipping-taxable","11":"product-type-simple"},"_links":{"self":[{"href":"https:\/\/chemneo.com\/pt\/wp-json\/wp\/v2\/product\/10855","targetHints":{"allow":["GET"]}}],"collection":[{"href":"https:\/\/chemneo.com\/pt\/wp-json\/wp\/v2\/product"}],"about":[{"href":"https:\/\/chemneo.com\/pt\/wp-json\/wp\/v2\/types\/product"}],"replies":[{"embeddable":true,"href":"https:\/\/chemneo.com\/pt\/wp-json\/wp\/v2\/comments?post=10855"}],"wp:featuredmedia":[{"embeddable":true,"href":"https:\/\/chemneo.com\/pt\/wp-json\/wp\/v2\/media\/7595"}],"wp:attachment":[{"href":"https:\/\/chemneo.com\/pt\/wp-json\/wp\/v2\/media?parent=10855"}],"wp:term":[{"taxonomy":"product_brand","embeddable":true,"href":"https:\/\/chemneo.com\/pt\/wp-json\/wp\/v2\/product_brand?post=10855"},{"taxonomy":"product_cat","embeddable":true,"href":"https:\/\/chemneo.com\/pt\/wp-json\/wp\/v2\/product_cat?post=10855"},{"taxonomy":"product_tag","embeddable":true,"href":"https:\/\/chemneo.com\/pt\/wp-json\/wp\/v2\/product_tag?post=10855"}],"curies":[{"name":"wp","href":"https:\/\/api.w.org\/{rel}","templated":true}]}}