{"id":10865,"date":"2024-11-13T15:18:44","date_gmt":"2024-11-13T07:18:44","guid":{"rendered":"https:\/\/chemneo.com\/product\/10865.html"},"modified":"2024-11-13T15:18:44","modified_gmt":"2024-11-13T07:18:44","slug":"dihydrogenated-tallow-phthalic-acid-amide-cas-127733-92-0-2","status":"publish","type":"product","link":"https:\/\/chemneo.com\/pt\/product\/10865.html","title":{"rendered":"AMIDA DO \u00c1CIDO FT\u00c1LICO DE SEBO DI-HIDROGENADO CAS 127733-92-0"},"content":{"rendered":"<p>Descri\u00e7\u00e3o<\/p>\n<p>\tDIHYDROGENATED TALLOW PHTHALIC ACID AMIDE Quick Details<br \/>\nChemical Name: DIHYDROGENATED TALLOW PHTHALIC ACID AMIDE<br \/>\nCAS No.: 127733-92-0<br \/>\nMolecular Fomula: C44H79NO3<br \/>\nChemical Structure:<\/p>\n<p>Molecular weight: 670.112<br \/>\nAspeto: P\u00f3 branco<br \/>\nTypical Properties<\/p>\n<p>ITEMS<br \/>\nSPECIFICATION<\/p>\n<p>Apar\u00eancia<br \/>\nP\u00f3 branco<\/p>\n<p>\u00a0<br \/>\nDIHYDROGENATED TALLOW PHTHALIC ACID AMIDE application:<br \/>\nUsed in cosmetic formulations as a conditioning agent and to reduce the viscosity of a formulation.<br \/>\nIt can also be used in detergent compositions as an acid complexing agent.<br \/>\nPackaging and Shipping\u00a0<br \/>\n180KG drum.<br \/>\nDIHYDROGENATED TALLOW PHTHALIC ACID AMIDE Storage<br \/>\nThe warehouse needs to be low-temperature, ventilated, and dry.<\/p>","protected":false},"excerpt":{"rendered":"<p>Chemical Name: DIHYDROGENATED TALLOW PHTHALIC ACID AMIDE<br \/>\nCAS No.: 127733-92-0<br \/>\nMolecular Fomula: C44H79NO3<br \/>\nMolecular weight: 670.112<br \/>\nAspeto: P\u00f3 branco<\/p>","protected":false},"featured_media":7615,"comment_status":"open","ping_status":"closed","template":"","meta":[],"product_brand":[],"product_cat":[17],"product_tag":[],"class_list":{"0":"post-10865","1":"product","2":"type-product","3":"status-publish","4":"has-post-thumbnail","6":"product_cat-uncategorized","8":"first","9":"instock","10":"shipping-taxable","11":"product-type-simple"},"_links":{"self":[{"href":"https:\/\/chemneo.com\/pt\/wp-json\/wp\/v2\/product\/10865","targetHints":{"allow":["GET"]}}],"collection":[{"href":"https:\/\/chemneo.com\/pt\/wp-json\/wp\/v2\/product"}],"about":[{"href":"https:\/\/chemneo.com\/pt\/wp-json\/wp\/v2\/types\/product"}],"replies":[{"embeddable":true,"href":"https:\/\/chemneo.com\/pt\/wp-json\/wp\/v2\/comments?post=10865"}],"wp:featuredmedia":[{"embeddable":true,"href":"https:\/\/chemneo.com\/pt\/wp-json\/wp\/v2\/media\/7615"}],"wp:attachment":[{"href":"https:\/\/chemneo.com\/pt\/wp-json\/wp\/v2\/media?parent=10865"}],"wp:term":[{"taxonomy":"product_brand","embeddable":true,"href":"https:\/\/chemneo.com\/pt\/wp-json\/wp\/v2\/product_brand?post=10865"},{"taxonomy":"product_cat","embeddable":true,"href":"https:\/\/chemneo.com\/pt\/wp-json\/wp\/v2\/product_cat?post=10865"},{"taxonomy":"product_tag","embeddable":true,"href":"https:\/\/chemneo.com\/pt\/wp-json\/wp\/v2\/product_tag?post=10865"}],"curies":[{"name":"wp","href":"https:\/\/api.w.org\/{rel}","templated":true}]}}