{"id":10867,"date":"2024-11-13T15:18:44","date_gmt":"2024-11-13T07:18:44","guid":{"rendered":"https:\/\/chemneo.com\/product\/10867.html"},"modified":"2024-11-13T15:18:44","modified_gmt":"2024-11-13T07:18:44","slug":"sodium-2-ethylhexyl-sulfate-cas-126-92-1-2","status":"publish","type":"product","link":"https:\/\/chemneo.com\/pt\/product\/10867.html","title":{"rendered":"Sulfato de s\u00f3dio e 2-etil-hexilo CAS 126-92-1"},"content":{"rendered":"<p>Descri\u00e7\u00e3o<\/p>\n<p>\tSodium 2-ethylhexyl sulfate Quick Details<br \/>\nChemical Name: Sodium 2-ethylhexyl sulfate<br \/>\nCAS No.: 126-92-1<br \/>\nMolecular Fomula: C8H17NaO4S<br \/>\nChemical Structure:<\/p>\n<p>Molecular weight: 232.27<br \/>\nAspeto: L\u00edquido incolor<br \/>\nTypical Properties<\/p>\n<p>ITEMS<br \/>\nSPECIFICATION<\/p>\n<p>Apar\u00eancia<br \/>\ncolorless liquid<\/p>\n<p>Melting point<br \/>\n148-149 \u00b0C<\/p>\n<p>Densidade<br \/>\n1.12 g\/mL at 20 \u00b0C (lit.)<\/p>\n<p>Vapor pressure<br \/>\n\u00a01.2Pa at 20\u2103<\/p>\n<p>\u00a0<br \/>\nSodium 2-ethylhexyl sulfate application:<br \/>\nLow foaming wetting agent, suitable for air mixing<br \/>\nUsed to prepare nickel plating brightener<br \/>\nPackaging and Shipping\u00a0<br \/>\n180KG drum.<br \/>\nSodium 2-ethylhexyl sulfate Storage<br \/>\nThe warehouse needs to be low-temperature, ventilated, and dry.<\/p>","protected":false},"excerpt":{"rendered":"<p>Chemical Name: Sodium 2-ethylhexyl sulfate<br \/>\nCAS No.: 126-92-1<br \/>\nMolecular Fomula: C8H17NaO4S<br \/>\nMolecular weight: 232.27<br \/>\nAspeto: L\u00edquido incolor<\/p>","protected":false},"featured_media":7619,"comment_status":"open","ping_status":"closed","template":"","meta":[],"product_brand":[],"product_cat":[17],"product_tag":[],"class_list":{"0":"post-10867","1":"product","2":"type-product","3":"status-publish","4":"has-post-thumbnail","6":"product_cat-uncategorized","8":"first","9":"instock","10":"shipping-taxable","11":"product-type-simple"},"_links":{"self":[{"href":"https:\/\/chemneo.com\/pt\/wp-json\/wp\/v2\/product\/10867","targetHints":{"allow":["GET"]}}],"collection":[{"href":"https:\/\/chemneo.com\/pt\/wp-json\/wp\/v2\/product"}],"about":[{"href":"https:\/\/chemneo.com\/pt\/wp-json\/wp\/v2\/types\/product"}],"replies":[{"embeddable":true,"href":"https:\/\/chemneo.com\/pt\/wp-json\/wp\/v2\/comments?post=10867"}],"wp:featuredmedia":[{"embeddable":true,"href":"https:\/\/chemneo.com\/pt\/wp-json\/wp\/v2\/media\/7619"}],"wp:attachment":[{"href":"https:\/\/chemneo.com\/pt\/wp-json\/wp\/v2\/media?parent=10867"}],"wp:term":[{"taxonomy":"product_brand","embeddable":true,"href":"https:\/\/chemneo.com\/pt\/wp-json\/wp\/v2\/product_brand?post=10867"},{"taxonomy":"product_cat","embeddable":true,"href":"https:\/\/chemneo.com\/pt\/wp-json\/wp\/v2\/product_cat?post=10867"},{"taxonomy":"product_tag","embeddable":true,"href":"https:\/\/chemneo.com\/pt\/wp-json\/wp\/v2\/product_tag?post=10867"}],"curies":[{"name":"wp","href":"https:\/\/api.w.org\/{rel}","templated":true}]}}