{"id":10868,"date":"2024-11-13T15:18:44","date_gmt":"2024-11-13T07:18:44","guid":{"rendered":"https:\/\/chemneo.com\/product\/10868.html"},"modified":"2024-11-13T15:18:45","modified_gmt":"2024-11-13T07:18:45","slug":"polyhydroxystearic-acid-cas-58128-22-6-2","status":"publish","type":"product","link":"https:\/\/chemneo.com\/pt\/product\/10868.html","title":{"rendered":"\u00c1CIDO POLI-HIDROXIESTE\u00c1RICO CAS 58128-22-6"},"content":{"rendered":"<p>Descri\u00e7\u00e3o<\/p>\n<p>\tPOLYHYDROXYSTEARIC ACID Quick Details<br \/>\nNome qu\u00edmico: \u00c1CIDO POLIHIDROXIESTE\u00c1RICO<br \/>\nN.\u00ba CAS: 58128-22-6<br \/>\nF\u00f3rmula molecular: C36H72O5<br \/>\nChemical Structure:<\/p>\n<p>Peso molecular: 584,97<br \/>\nAspeto: L\u00edquido incolor amarelo<br \/>\nTypical Properties<\/p>\n<p>ITEMS<br \/>\nSPECIFICATION<\/p>\n<p>Apar\u00eancia<br \/>\ncolorless liquid<\/p>\n<p>POLYHYDROXYSTEARIC ACID application:<br \/>\nIt acts as a texturizing agent, thickener, emollient and film former in lotions and creams and color cosmetics<br \/>\nPackaging and Shipping\u00a0<br \/>\n180KG drum.<br \/>\nPOLYHYDROXYSTEARIC ACID Storage<br \/>\nThe warehouse needs to be low-temperature, ventilated, and dry.<\/p>","protected":false},"excerpt":{"rendered":"<p>Nome qu\u00edmico: \u00c1CIDO POLIHIDROXIESTE\u00c1RICO<br \/>\nN.\u00ba CAS: 58128-22-6<br \/>\nF\u00f3rmula molecular: C36H72O5<br \/>\nPeso molecular: 584,97<br \/>\nAspeto: L\u00edquido incolor amarelo<\/p>","protected":false},"featured_media":7621,"comment_status":"open","ping_status":"closed","template":"","meta":[],"product_brand":[],"product_cat":[17],"product_tag":[],"class_list":{"0":"post-10868","1":"product","2":"type-product","3":"status-publish","4":"has-post-thumbnail","6":"product_cat-uncategorized","8":"first","9":"instock","10":"shipping-taxable","11":"product-type-simple"},"_links":{"self":[{"href":"https:\/\/chemneo.com\/pt\/wp-json\/wp\/v2\/product\/10868","targetHints":{"allow":["GET"]}}],"collection":[{"href":"https:\/\/chemneo.com\/pt\/wp-json\/wp\/v2\/product"}],"about":[{"href":"https:\/\/chemneo.com\/pt\/wp-json\/wp\/v2\/types\/product"}],"replies":[{"embeddable":true,"href":"https:\/\/chemneo.com\/pt\/wp-json\/wp\/v2\/comments?post=10868"}],"wp:featuredmedia":[{"embeddable":true,"href":"https:\/\/chemneo.com\/pt\/wp-json\/wp\/v2\/media\/7621"}],"wp:attachment":[{"href":"https:\/\/chemneo.com\/pt\/wp-json\/wp\/v2\/media?parent=10868"}],"wp:term":[{"taxonomy":"product_brand","embeddable":true,"href":"https:\/\/chemneo.com\/pt\/wp-json\/wp\/v2\/product_brand?post=10868"},{"taxonomy":"product_cat","embeddable":true,"href":"https:\/\/chemneo.com\/pt\/wp-json\/wp\/v2\/product_cat?post=10868"},{"taxonomy":"product_tag","embeddable":true,"href":"https:\/\/chemneo.com\/pt\/wp-json\/wp\/v2\/product_tag?post=10868"}],"curies":[{"name":"wp","href":"https:\/\/api.w.org\/{rel}","templated":true}]}}