{"id":10872,"date":"2024-11-13T15:18:45","date_gmt":"2024-11-13T07:18:45","guid":{"rendered":"https:\/\/chemneo.com\/product\/10872.html"},"modified":"2024-11-13T15:18:46","modified_gmt":"2024-11-13T07:18:46","slug":"neodecanoyl-chloride-cas-40292-82-8-2","status":"publish","type":"product","link":"https:\/\/chemneo.com\/pt\/product\/10872.html","title":{"rendered":"Cloreto de neodecano\u00edlo Cas 40292-82-8"},"content":{"rendered":"<p>Descri\u00e7\u00e3o<\/p>\n<p>\tNeodecanoyl chloride Quick Details<br \/>\nChemical Name: Neodecanoyl chloride<br \/>\nOther Name: neodecanoic chloride<br \/>\nCAS No.: 40292-82-8<br \/>\nMolecular Fomula: C10H19ClO<br \/>\nChemical Structure:<\/p>\n<p>Molecular weight:\u00a0 190.71<br \/>\nAppearance:\u00a0Colorless or less yellow transparent liquid<br \/>\nEnsaio\uff1a\u226599.0%<br \/>\nNeodecanoyl chloride\u00a0Typical Properties<\/p>\n<p>ITEMS<br \/>\nSPECIFICATION<\/p>\n<p>Apar\u00eancia<br \/>\nColorless or less yellow transparent liquid<\/p>\n<p>Peroxide Content<br \/>\n\u226599%<\/p>\n<p>Color (Pt-Co)<br \/>\n\u2264100#<\/p>\n<p>Neodecanoyl chloride\u00a0application:<br \/>\nIt is widely used in industries such as coatings, initiators, polymers, etc<br \/>\nNeodecanoyl chloride\u00a0Packaging and Shipping\u00a0<br \/>\n200kg\/drum or customized according to customer needs.<br \/>\nNeodecanoyl chloride\u00a0Storage<br \/>\nIt should be stored in a clean, dry and cool place, preventing from sunlight, rain.<\/p>","protected":false},"excerpt":{"rendered":"<p>Chemical Name: Neodecanoyl chloride<br \/>\nOther Name: neodecanoic chloride<br \/>\nCAS No.: 40292-82-8<br \/>\nMolecular Fomula: C10H19ClO<br \/>\nMolecular weight:\u00a0 190.71<br \/>\nAppearance:\u00a0Colorless or less yellow transparent liquid<br \/>\nEnsaio\uff1a\u226599.0%<\/p>","protected":false},"featured_media":7629,"comment_status":"open","ping_status":"closed","template":"","meta":[],"product_brand":[],"product_cat":[17],"product_tag":[],"class_list":{"0":"post-10872","1":"product","2":"type-product","3":"status-publish","4":"has-post-thumbnail","6":"product_cat-uncategorized","8":"first","9":"instock","10":"shipping-taxable","11":"product-type-simple"},"_links":{"self":[{"href":"https:\/\/chemneo.com\/pt\/wp-json\/wp\/v2\/product\/10872","targetHints":{"allow":["GET"]}}],"collection":[{"href":"https:\/\/chemneo.com\/pt\/wp-json\/wp\/v2\/product"}],"about":[{"href":"https:\/\/chemneo.com\/pt\/wp-json\/wp\/v2\/types\/product"}],"replies":[{"embeddable":true,"href":"https:\/\/chemneo.com\/pt\/wp-json\/wp\/v2\/comments?post=10872"}],"wp:featuredmedia":[{"embeddable":true,"href":"https:\/\/chemneo.com\/pt\/wp-json\/wp\/v2\/media\/7629"}],"wp:attachment":[{"href":"https:\/\/chemneo.com\/pt\/wp-json\/wp\/v2\/media?parent=10872"}],"wp:term":[{"taxonomy":"product_brand","embeddable":true,"href":"https:\/\/chemneo.com\/pt\/wp-json\/wp\/v2\/product_brand?post=10872"},{"taxonomy":"product_cat","embeddable":true,"href":"https:\/\/chemneo.com\/pt\/wp-json\/wp\/v2\/product_cat?post=10872"},{"taxonomy":"product_tag","embeddable":true,"href":"https:\/\/chemneo.com\/pt\/wp-json\/wp\/v2\/product_tag?post=10872"}],"curies":[{"name":"wp","href":"https:\/\/api.w.org\/{rel}","templated":true}]}}