{"id":10875,"date":"2024-11-13T15:18:46","date_gmt":"2024-11-13T07:18:46","guid":{"rendered":"https:\/\/chemneo.com\/product\/10875.html"},"modified":"2024-11-13T15:18:46","modified_gmt":"2024-11-13T07:18:46","slug":"zinc-2-mercaptobenzothiazole-cas-155-04-4-2","status":"publish","type":"product","link":"https:\/\/chemneo.com\/pt\/product\/10875.html","title":{"rendered":"2-mercaptobenzotiazol de zinco CAS 155-04-4"},"content":{"rendered":"<p>Descri\u00e7\u00e3o<\/p>\n<p>\tZinc 2-mercaptobenzothiazole\u00a0Quick Details<br \/>\nDenomina\u00e7\u00e3o qu\u00edmica: 2-mercaptobenzotiazol de zinco<br \/>\nN.\u00ba CAS: 155-04-4<br \/>\nF\u00f3rmula molecular: C14H8N2S4Zn<br \/>\nChemical Structure:<\/p>\n<p>Peso molecular: 397,88<br \/>\nAspeto: P\u00f3 branco<br \/>\nEnsaio: 99% (m\u00e9todo potenciom\u00e9trico)<br \/>\nTypical Properties<\/p>\n<p>Melting point<br \/>\n330 \u00b0C<\/p>\n<p>densidade<br \/>\n1.7 g\/cm3(Temp: 25 \u00b0C)<\/p>\n<p>storage temp.<br \/>\nRefrigerator<\/p>\n<p>solubility<br \/>\nAcidic Methanol (Slightly, Heated)<\/p>\n<p>forma<br \/>\nSolid<\/p>\n<p>pka<br \/>\n7.03[at 20 \u2103]<\/p>\n<p>color<br \/>\nWhite to Off-White<\/p>\n<p>Water Solubility<br \/>\n20.6mg\/L at 20\u2103<\/p>\n<p>LogP<br \/>\n2.42 at 20\u2103<\/p>\n<p>\u00a0<br \/>\nZinc 2-mercaptobenzothiazole Application:<br \/>\nHigh-speed vulcanization accelerator, non-rubber staining. Suitable for NR, IR, BR, SBR, NBR, EPDM and latex. When used in dry rubber, it has the same performance as WILLINGMBT and has low scorch resistance. Used in latex systems with mild activity and usually used in combination with super accelerators. The critical temperature of vulcanization is relatively high (138\u00b0C). It is not easy to produce early vulcanization, and the vulcanization flatness is wider. It is suitable for latex systems and has the function of adjusting the viscosity of the system. Suitable for injection molding and foam rubber products. Safe to operate, easy to disperse, no pollution, no discoloration. Resistant to aging when used in combination with TP. Mainly used in the manufacture of tires, rubber hoses, rubber shoes, tape and other general industrial products.<br \/>\nPackaging and Shipping\u00a0<br \/>\ncustomized according to customer needs.<br \/>\nZinc 2-mercaptobenzothiazole Storage<br \/>\nIt should be stored in a clean, dry and cool place, preventing from sunlight, rain.<\/p>","protected":false},"excerpt":{"rendered":"<p>Denomina\u00e7\u00e3o qu\u00edmica: 2-mercaptobenzotiazol de zinco<br \/>\nN.\u00ba CAS: 155-04-4<br \/>\nF\u00f3rmula molecular: C14H8N2S4Zn<br \/>\nPeso molecular: 397,88<br \/>\nAspeto: P\u00f3 branco<br \/>\nEnsaio: 99% (m\u00e9todo potenciom\u00e9trico)<\/p>","protected":false},"featured_media":7635,"comment_status":"open","ping_status":"closed","template":"","meta":[],"product_brand":[],"product_cat":[17],"product_tag":[],"class_list":{"0":"post-10875","1":"product","2":"type-product","3":"status-publish","4":"has-post-thumbnail","6":"product_cat-uncategorized","8":"first","9":"instock","10":"shipping-taxable","11":"product-type-simple"},"_links":{"self":[{"href":"https:\/\/chemneo.com\/pt\/wp-json\/wp\/v2\/product\/10875","targetHints":{"allow":["GET"]}}],"collection":[{"href":"https:\/\/chemneo.com\/pt\/wp-json\/wp\/v2\/product"}],"about":[{"href":"https:\/\/chemneo.com\/pt\/wp-json\/wp\/v2\/types\/product"}],"replies":[{"embeddable":true,"href":"https:\/\/chemneo.com\/pt\/wp-json\/wp\/v2\/comments?post=10875"}],"wp:featuredmedia":[{"embeddable":true,"href":"https:\/\/chemneo.com\/pt\/wp-json\/wp\/v2\/media\/7635"}],"wp:attachment":[{"href":"https:\/\/chemneo.com\/pt\/wp-json\/wp\/v2\/media?parent=10875"}],"wp:term":[{"taxonomy":"product_brand","embeddable":true,"href":"https:\/\/chemneo.com\/pt\/wp-json\/wp\/v2\/product_brand?post=10875"},{"taxonomy":"product_cat","embeddable":true,"href":"https:\/\/chemneo.com\/pt\/wp-json\/wp\/v2\/product_cat?post=10875"},{"taxonomy":"product_tag","embeddable":true,"href":"https:\/\/chemneo.com\/pt\/wp-json\/wp\/v2\/product_tag?post=10875"}],"curies":[{"name":"wp","href":"https:\/\/api.w.org\/{rel}","templated":true}]}}