{"id":10876,"date":"2024-11-13T15:18:46","date_gmt":"2024-11-13T07:18:46","guid":{"rendered":"https:\/\/chemneo.com\/product\/10876.html"},"modified":"2024-11-13T15:18:46","modified_gmt":"2024-11-13T07:18:46","slug":"26-dichlorophenol-cas-87-65-0-2","status":"publish","type":"product","link":"https:\/\/chemneo.com\/pt\/product\/10876.html","title":{"rendered":"2,6-Diclorofenol CAS 87-65-0"},"content":{"rendered":"<p>Descri\u00e7\u00e3o<\/p>\n<p>\t2,6-Dichlorophenol Details<br \/>\nChemical Name: 2,6-Dichlorophenol<br \/>\nSynonyms: 2,6-DCP<br \/>\nCAS No.: 87-65-0<br \/>\nF\u00f3rmula molecular: C6H4Cl2O<br \/>\nPeso molecular: 163<br \/>\nMolecular\u00a0Structure:<br \/>\nAspeto: P\u00f3<br \/>\n2,6-Dichlorophenol Typical Properties<\/p>\n<p>Ponto de fus\u00e3o<br \/>\n64-66 \u00b0C (lit.)<\/p>\n<p>Ponto de ebuli\u00e7\u00e3o<br \/>\n218-220 \u00b0C (lit.)<\/p>\n<p>Densidade<br \/>\n1.6530<\/p>\n<p>\u00cdndice de refra\u00e7\u00e3o<br \/>\n1.4430 (estimate)<\/p>\n<p>Ponto de inflama\u00e7\u00e3o<br \/>\n218-220\u00b0C<\/p>\n<p>Armazenamento<br \/>\n2-8\u00b0C<\/p>\n<p>Solubilidade<br \/>\nSoluble in water<\/p>\n<p>Apar\u00eancia<br \/>\nP\u00f3<\/p>\n<p>Colour<br \/>\nBranco<\/p>\n<p>Estabilidade<br \/>\nStable<\/p>\n<p>\u00a0<br \/>\n2,6-Dichlorophenol Usage<br \/>\nMainly used as organic synthesis intermediates.<br \/>\n2,6-Dichlorophenol Packaging and Shipping<br \/>\nPacking: 25KG\/Drum<br \/>\n2,6-Dichlorophenol Storage<br \/>\nThe warehouse is ventilated and dried at low temperature; stored separately from oxidants, food chemical additives and acids.<\/p>","protected":false},"excerpt":{"rendered":"<p>Chemical Name: 2,6-Dichlorophenol<br \/>\nSynonyms: 2,6-DCP<br \/>\nCAS No.: 87-65-0<br \/>\nF\u00f3rmula molecular: C6H4Cl2O<br \/>\nPeso molecular: 163<br \/>\nAspeto: P\u00f3<\/p>","protected":false},"featured_media":7637,"comment_status":"open","ping_status":"closed","template":"","meta":[],"product_brand":[],"product_cat":[17],"product_tag":[],"class_list":{"0":"post-10876","1":"product","2":"type-product","3":"status-publish","4":"has-post-thumbnail","6":"product_cat-uncategorized","8":"first","9":"instock","10":"shipping-taxable","11":"product-type-simple"},"_links":{"self":[{"href":"https:\/\/chemneo.com\/pt\/wp-json\/wp\/v2\/product\/10876","targetHints":{"allow":["GET"]}}],"collection":[{"href":"https:\/\/chemneo.com\/pt\/wp-json\/wp\/v2\/product"}],"about":[{"href":"https:\/\/chemneo.com\/pt\/wp-json\/wp\/v2\/types\/product"}],"replies":[{"embeddable":true,"href":"https:\/\/chemneo.com\/pt\/wp-json\/wp\/v2\/comments?post=10876"}],"wp:featuredmedia":[{"embeddable":true,"href":"https:\/\/chemneo.com\/pt\/wp-json\/wp\/v2\/media\/7637"}],"wp:attachment":[{"href":"https:\/\/chemneo.com\/pt\/wp-json\/wp\/v2\/media?parent=10876"}],"wp:term":[{"taxonomy":"product_brand","embeddable":true,"href":"https:\/\/chemneo.com\/pt\/wp-json\/wp\/v2\/product_brand?post=10876"},{"taxonomy":"product_cat","embeddable":true,"href":"https:\/\/chemneo.com\/pt\/wp-json\/wp\/v2\/product_cat?post=10876"},{"taxonomy":"product_tag","embeddable":true,"href":"https:\/\/chemneo.com\/pt\/wp-json\/wp\/v2\/product_tag?post=10876"}],"curies":[{"name":"wp","href":"https:\/\/api.w.org\/{rel}","templated":true}]}}