{"id":10877,"date":"2024-11-13T15:18:46","date_gmt":"2024-11-13T07:18:46","guid":{"rendered":"https:\/\/chemneo.com\/product\/10877.html"},"modified":"2024-11-13T15:18:46","modified_gmt":"2024-11-13T07:18:46","slug":"1-decene-cas-872-05-9-2","status":"publish","type":"product","link":"https:\/\/chemneo.com\/pt\/product\/10877.html","title":{"rendered":"1-Deceno CAS 872-05-9"},"content":{"rendered":"<p>Descri\u00e7\u00e3o<\/p>\n<p>\t1-Decene Details<br \/>\nChemical Name: 1-Decene<br \/>\nSynonyms: Dec-1-ene; Decylene<br \/>\nCAS No.: 872-05-9<br \/>\nMolecular Formula: C10H20<br \/>\nMolecular Weight: 140.27<br \/>\nMolecular\u00a0Structure:<br \/>\nAspeto: L\u00edquido<br \/>\n1-Decene Typical Properties<\/p>\n<p>Ponto de fus\u00e3o<br \/>\n-66.3 \u00b0C<\/p>\n<p>Ponto de ebuli\u00e7\u00e3o<br \/>\n169 \u00b0C<\/p>\n<p>Densidade<br \/>\n0.741\u00a0g\/mL\u00a0at 25\u00a0\u00b0C(lit.)<\/p>\n<p>Vapor Pressure<br \/>\n1.6 mm Hg ( 23.8 \u00b0C)<\/p>\n<p>\u00cdndice de refra\u00e7\u00e3o<br \/>\nn20\/D 1.421(lit.)<\/p>\n<p>Ponto de inflama\u00e7\u00e3o<br \/>\n118\u00a0\u00b0F<\/p>\n<p>Armazenamento<br \/>\nStore below +30\u00b0C.<\/p>\n<p>Solubilidade<br \/>\nInsoluble in water<\/p>\n<p>Apar\u00eancia<br \/>\nL\u00edquido<\/p>\n<p>Colour<br \/>\nColorless<\/p>\n<p>Estabilidade<br \/>\nStable<\/p>\n<p>\u00a0<br \/>\n1-Decene Usage<br \/>\nMainly used as raw materials for the production of plasticizers, lubricants, fatty acids, flavors and fragrances, dyes and pharmaceuticals.<br \/>\n1-Decene Packaging and Shipping<br \/>\nPacking: 25KG\/Drum<br \/>\n1-Decene Storage<br \/>\nThe warehouse is ventilated and dried at low temperature, and stored separately from oxidants and acids.<\/p>","protected":false},"excerpt":{"rendered":"<p>Chemical Name: 1-Decene<br \/>\nSynonyms: Dec-1-ene; Decylene<br \/>\nCAS No.: 872-05-9<br \/>\nMolecular Formula: C10H20<br \/>\nMolecular Weight: 140.27<br \/>\nAspeto: L\u00edquido<\/p>","protected":false},"featured_media":7639,"comment_status":"open","ping_status":"closed","template":"","meta":[],"product_brand":[],"product_cat":[17],"product_tag":[],"class_list":{"0":"post-10877","1":"product","2":"type-product","3":"status-publish","4":"has-post-thumbnail","6":"product_cat-uncategorized","8":"first","9":"instock","10":"shipping-taxable","11":"product-type-simple"},"_links":{"self":[{"href":"https:\/\/chemneo.com\/pt\/wp-json\/wp\/v2\/product\/10877","targetHints":{"allow":["GET"]}}],"collection":[{"href":"https:\/\/chemneo.com\/pt\/wp-json\/wp\/v2\/product"}],"about":[{"href":"https:\/\/chemneo.com\/pt\/wp-json\/wp\/v2\/types\/product"}],"replies":[{"embeddable":true,"href":"https:\/\/chemneo.com\/pt\/wp-json\/wp\/v2\/comments?post=10877"}],"wp:featuredmedia":[{"embeddable":true,"href":"https:\/\/chemneo.com\/pt\/wp-json\/wp\/v2\/media\/7639"}],"wp:attachment":[{"href":"https:\/\/chemneo.com\/pt\/wp-json\/wp\/v2\/media?parent=10877"}],"wp:term":[{"taxonomy":"product_brand","embeddable":true,"href":"https:\/\/chemneo.com\/pt\/wp-json\/wp\/v2\/product_brand?post=10877"},{"taxonomy":"product_cat","embeddable":true,"href":"https:\/\/chemneo.com\/pt\/wp-json\/wp\/v2\/product_cat?post=10877"},{"taxonomy":"product_tag","embeddable":true,"href":"https:\/\/chemneo.com\/pt\/wp-json\/wp\/v2\/product_tag?post=10877"}],"curies":[{"name":"wp","href":"https:\/\/api.w.org\/{rel}","templated":true}]}}