{"id":10886,"date":"2024-11-13T15:18:47","date_gmt":"2024-11-13T07:18:47","guid":{"rendered":"https:\/\/chemneo.com\/product\/10886.html"},"modified":"2024-11-13T15:18:48","modified_gmt":"2024-11-13T07:18:48","slug":"15-crown-5-cas-33100-27-5-2","status":"publish","type":"product","link":"https:\/\/chemneo.com\/pt\/product\/10886.html","title":{"rendered":"15-Crown-5 CAS 33100-27-5"},"content":{"rendered":"<p>Descri\u00e7\u00e3o<\/p>\n<p>\t15-Crown-5 Details<br \/>\nChemical Name: 15-Crown-5<br \/>\nSynonyms: 1,4,7,10,13-Pentaoxacyclopentadecane; Lead ionophore V<br \/>\nCAS No.: 33100-27-5<br \/>\nMolecular Formula: C10H20O5<br \/>\nMolecular Weight: 220.26<br \/>\nMolecular\u00a0Structure:<br \/>\nAspeto: L\u00edquido<br \/>\n15-Crown-5 Typical Properties<\/p>\n<p>Ponto de fus\u00e3o<br \/>\n-20\u00b0C(lit.)<\/p>\n<p>Ponto de ebuli\u00e7\u00e3o<br \/>\n93-96 \u00b0C\/0.05 mmHg (lit.)<\/p>\n<p>Densidade<br \/>\n1.113 g\/mL at 20 \u00b0C (lit.)<\/p>\n<p>Vapor Pressure<br \/>\n0.5-0.82Pa at 20-25\u2103<\/p>\n<p>\u00cdndice de refra\u00e7\u00e3o<br \/>\nn20\/D 1.465(lit.)<\/p>\n<p>Ponto de inflama\u00e7\u00e3o<br \/>\n>230\u00a0\u00b0F<\/p>\n<p>Armazenamento<br \/>\nRoom temp<\/p>\n<p>Solubilidade<br \/>\nSoluble in water<\/p>\n<p>Apar\u00eancia<br \/>\nL\u00edquido<\/p>\n<p>Colour<br \/>\nColorless<\/p>\n<p>Estabilidade<br \/>\nStable<\/p>\n<p>\u00a0<br \/>\n15-Crown-5 Usage<br \/>\nMainly used as catalysts, ion conductive materials in the electronics industry, and liquid crystal display element manufacturing materials.<br \/>\n15-Crown-5 Packaging and Shipping<br \/>\nPacking: 25KG\/Drum<\/p>","protected":false},"excerpt":{"rendered":"<p>Chemical Name: 15-Crown-5<br \/>\nSynonyms: 1,4,7,10,13-Pentaoxacyclopentadecane; Lead ionophore V<br \/>\nCAS No.: 33100-27-5<br \/>\nMolecular Formula: C10H20O5<br \/>\nMolecular Weight: 220.26<br \/>\nAspeto: L\u00edquido<\/p>","protected":false},"featured_media":7657,"comment_status":"open","ping_status":"closed","template":"","meta":[],"product_brand":[],"product_cat":[17],"product_tag":[],"class_list":{"0":"post-10886","1":"product","2":"type-product","3":"status-publish","4":"has-post-thumbnail","6":"product_cat-uncategorized","8":"first","9":"instock","10":"shipping-taxable","11":"product-type-simple"},"_links":{"self":[{"href":"https:\/\/chemneo.com\/pt\/wp-json\/wp\/v2\/product\/10886","targetHints":{"allow":["GET"]}}],"collection":[{"href":"https:\/\/chemneo.com\/pt\/wp-json\/wp\/v2\/product"}],"about":[{"href":"https:\/\/chemneo.com\/pt\/wp-json\/wp\/v2\/types\/product"}],"replies":[{"embeddable":true,"href":"https:\/\/chemneo.com\/pt\/wp-json\/wp\/v2\/comments?post=10886"}],"wp:featuredmedia":[{"embeddable":true,"href":"https:\/\/chemneo.com\/pt\/wp-json\/wp\/v2\/media\/7657"}],"wp:attachment":[{"href":"https:\/\/chemneo.com\/pt\/wp-json\/wp\/v2\/media?parent=10886"}],"wp:term":[{"taxonomy":"product_brand","embeddable":true,"href":"https:\/\/chemneo.com\/pt\/wp-json\/wp\/v2\/product_brand?post=10886"},{"taxonomy":"product_cat","embeddable":true,"href":"https:\/\/chemneo.com\/pt\/wp-json\/wp\/v2\/product_cat?post=10886"},{"taxonomy":"product_tag","embeddable":true,"href":"https:\/\/chemneo.com\/pt\/wp-json\/wp\/v2\/product_tag?post=10886"}],"curies":[{"name":"wp","href":"https:\/\/api.w.org\/{rel}","templated":true}]}}