{"id":10893,"date":"2024-11-13T15:18:48","date_gmt":"2024-11-13T07:18:48","guid":{"rendered":"https:\/\/chemneo.com\/product\/10893.html"},"modified":"2024-11-13T15:18:49","modified_gmt":"2024-11-13T07:18:49","slug":"acetic-acid-anhydride-with-phosphoric-acid-11-ammonium-salt-12-cas-55660-58-7-2","status":"publish","type":"product","link":"https:\/\/chemneo.com\/pt\/product\/10893.html","title":{"rendered":"\u00c1cido ac\u00e9tico, anidrido com \u00e1cido fosf\u00f3rico (1:1), sal de am\u00f3nio (1:2) CAS 55660-58-7"},"content":{"rendered":"<p>Descri\u00e7\u00e3o<\/p>\n<p>\tCAS 55660-58-7 Quick Details<br \/>\nNome qu\u00edmico: \u00c1cido ac\u00e9tico, anidrido com \u00e1cido fosf\u00f3rico (1:1), sal de am\u00f3nio (1:2)<br \/>\nN.\u00ba CAS: 55660-58-7<br \/>\nF\u00f3mula molecular: C2H5O5P.2H3N<br \/>\nChemical Structure:<\/p>\n<p>Peso molecular: 157,06<br \/>\nAspeto: p\u00f3 branco<br \/>\nEnsaio: \u226598.0%<br \/>\nTypical Properties<\/p>\n<p>ITEMS<br \/>\nSPECIFICATION<\/p>\n<p>Ensaio<br \/>\n\u226598.0%<\/p>\n<p>Moisture<br \/>\n\u22640.5<\/p>\n<p>\u00a0<br \/>\n55660-58-7 application:<br \/>\nPharmaceutical intermediates<br \/>\nPackaging and Shipping\u00a0<br \/>\ncustomized according to customer needs.<br \/>\n55660-58-7 Storage<br \/>\nIt should be stored in a clean, dry and cool place, preventing from sunlight, rain.<\/p>","protected":false},"excerpt":{"rendered":"<p>Nome qu\u00edmico: \u00c1cido ac\u00e9tico, anidrido com \u00e1cido fosf\u00f3rico (1:1), sal de am\u00f3nio (1:2)<br \/>\nN.\u00ba CAS: 55660-58-7<br \/>\nF\u00f3mula molecular: C2H5O5P.2H3N<br \/>\nPeso molecular: 157,06<br \/>\nAspeto: p\u00f3 branco<br \/>\nEnsaio: \u226598.0%<\/p>","protected":false},"featured_media":7671,"comment_status":"open","ping_status":"closed","template":"","meta":[],"product_brand":[],"product_cat":[17],"product_tag":[],"class_list":{"0":"post-10893","1":"product","2":"type-product","3":"status-publish","4":"has-post-thumbnail","6":"product_cat-uncategorized","8":"first","9":"instock","10":"shipping-taxable","11":"product-type-simple"},"_links":{"self":[{"href":"https:\/\/chemneo.com\/pt\/wp-json\/wp\/v2\/product\/10893","targetHints":{"allow":["GET"]}}],"collection":[{"href":"https:\/\/chemneo.com\/pt\/wp-json\/wp\/v2\/product"}],"about":[{"href":"https:\/\/chemneo.com\/pt\/wp-json\/wp\/v2\/types\/product"}],"replies":[{"embeddable":true,"href":"https:\/\/chemneo.com\/pt\/wp-json\/wp\/v2\/comments?post=10893"}],"wp:featuredmedia":[{"embeddable":true,"href":"https:\/\/chemneo.com\/pt\/wp-json\/wp\/v2\/media\/7671"}],"wp:attachment":[{"href":"https:\/\/chemneo.com\/pt\/wp-json\/wp\/v2\/media?parent=10893"}],"wp:term":[{"taxonomy":"product_brand","embeddable":true,"href":"https:\/\/chemneo.com\/pt\/wp-json\/wp\/v2\/product_brand?post=10893"},{"taxonomy":"product_cat","embeddable":true,"href":"https:\/\/chemneo.com\/pt\/wp-json\/wp\/v2\/product_cat?post=10893"},{"taxonomy":"product_tag","embeddable":true,"href":"https:\/\/chemneo.com\/pt\/wp-json\/wp\/v2\/product_tag?post=10893"}],"curies":[{"name":"wp","href":"https:\/\/api.w.org\/{rel}","templated":true}]}}