{"id":10900,"date":"2024-11-13T15:18:50","date_gmt":"2024-11-13T07:18:50","guid":{"rendered":"https:\/\/chemneo.com\/product\/10900.html"},"modified":"2024-11-13T15:18:50","modified_gmt":"2024-11-13T07:18:50","slug":"polyquaternium-39-cas-25136-75-8-2","status":"publish","type":"product","link":"https:\/\/chemneo.com\/pt\/product\/10900.html","title":{"rendered":"Poliquat\u00e9rnio-39 CAS 25136-75-8"},"content":{"rendered":"<p>Descri\u00e7\u00e3o<\/p>\n<p>\tPolyquaternium-39 Details<br \/>\nChemical Name: Polyquaternium-39<br \/>\nSynonyms: Dimethyldiallylammonium chloride acrylic acid acrylamide copolymer<br \/>\nCAS No.: 25136-75-8<br \/>\nMolecular Formula: C14H25ClN2O3<br \/>\nMolecular Weight: 304.8129<br \/>\nMolecular Structure:<br \/>\nAspeto: L\u00edquido<br \/>\nPolyquaternium-39 Typical Properties<\/p>\n<p>Apar\u00eancia<br \/>\nL\u00edquido<\/p>\n<p>Colour<br \/>\nColorless<\/p>\n<p>Polyquaternium-39 Usage<br \/>\nMainly used as cosmetic raw materials.<br \/>\nPolyquaternium-39 Packaging and Shipping<br \/>\nPacking: 25KG\/Drum<br \/>\nPolyquaternium-39 Storage<br \/>\nKeep in a well-closed,light-resistant, dry and cool place.<\/p>","protected":false},"excerpt":{"rendered":"<p>Chemical Name: Polyquaternium-39<br \/>\nSynonyms: Dimethyldiallylammonium chloride acrylic acid acrylamide copolymer<br \/>\nCAS No.: 25136-75-8<br \/>\nMolecular Formula: C14H25ClN2O3<br \/>\nMolecular Weight: 304.8129<br \/>\nAspeto: L\u00edquido<\/p>","protected":false},"featured_media":7685,"comment_status":"open","ping_status":"closed","template":"","meta":[],"product_brand":[],"product_cat":[17],"product_tag":[],"class_list":{"0":"post-10900","1":"product","2":"type-product","3":"status-publish","4":"has-post-thumbnail","6":"product_cat-uncategorized","8":"first","9":"instock","10":"shipping-taxable","11":"product-type-simple"},"_links":{"self":[{"href":"https:\/\/chemneo.com\/pt\/wp-json\/wp\/v2\/product\/10900","targetHints":{"allow":["GET"]}}],"collection":[{"href":"https:\/\/chemneo.com\/pt\/wp-json\/wp\/v2\/product"}],"about":[{"href":"https:\/\/chemneo.com\/pt\/wp-json\/wp\/v2\/types\/product"}],"replies":[{"embeddable":true,"href":"https:\/\/chemneo.com\/pt\/wp-json\/wp\/v2\/comments?post=10900"}],"wp:featuredmedia":[{"embeddable":true,"href":"https:\/\/chemneo.com\/pt\/wp-json\/wp\/v2\/media\/7685"}],"wp:attachment":[{"href":"https:\/\/chemneo.com\/pt\/wp-json\/wp\/v2\/media?parent=10900"}],"wp:term":[{"taxonomy":"product_brand","embeddable":true,"href":"https:\/\/chemneo.com\/pt\/wp-json\/wp\/v2\/product_brand?post=10900"},{"taxonomy":"product_cat","embeddable":true,"href":"https:\/\/chemneo.com\/pt\/wp-json\/wp\/v2\/product_cat?post=10900"},{"taxonomy":"product_tag","embeddable":true,"href":"https:\/\/chemneo.com\/pt\/wp-json\/wp\/v2\/product_tag?post=10900"}],"curies":[{"name":"wp","href":"https:\/\/api.w.org\/{rel}","templated":true}]}}