{"id":10906,"date":"2024-11-13T15:18:51","date_gmt":"2024-11-13T07:18:51","guid":{"rendered":"https:\/\/chemneo.com\/product\/10906.html"},"modified":"2024-11-13T15:18:51","modified_gmt":"2024-11-13T07:18:51","slug":"di-p-anisoyl-l-tartaric-acid-cas-50583-51-2-2","status":"publish","type":"product","link":"https:\/\/chemneo.com\/pt\/product\/10906.html","title":{"rendered":"\u00c1cido di-p-anisoil-L-tart\u00e1rico Cas 50583-51-2"},"content":{"rendered":"<p>Descri\u00e7\u00e3o<\/p>\n<p>\tDi-p-anisoyl-L-tartaric acid\u00a0Quick Details<br \/>\nDenomina\u00e7\u00e3o qu\u00edmica: \u00c1cido di-p-anisoil-L-tart\u00e1rico; L-DATA<br \/>\nN.\u00ba CAS: 50583-51-2<br \/>\nF\u00f3rmula molecular: C20H18O10<br \/>\nChemical Structure:<\/p>\n<p>Peso molecular: 418,35<br \/>\nAspeto: P\u00f3 cristalino branco ou esbranqui\u00e7ado<br \/>\nEnsaio: 98.0-101.0%<br \/>\nDi-p-anisoyl-L-tartaric acid Typical Properties<\/p>\n<p>ITEMS<br \/>\nSPECIFICATION<\/p>\n<p>Apar\u00eancia<br \/>\nWhite or off-white crystalline powder<\/p>\n<p>Ensaio<br \/>\n98.0-101.0%<\/p>\n<p>Melting point(\u2103)<br \/>\n193~195\u2103<\/p>\n<p>Loss on drying<br \/>\n\u22640,5%<\/p>\n<p>Glare<br \/>\n-165 plus or minus 2 o (c=1,EtOH)<\/p>\n<p>Di-p-anisoyl-L-tartaric acid application:<br \/>\nDi-p-anisoyl-L-tartaric acid\u00a0is widely used for chiral resolution of amine compounds.<br \/>\nDi-p-anisoyl-L-tartaric acid Packaging and Shipping\u00a0<br \/>\n25KG\/drum.<br \/>\nDi-p-anisoyl-L-tartaric acid\u00a0Storage<br \/>\nThe warehouse needs to be low temperature, ventilated and dry.<\/p>","protected":false},"excerpt":{"rendered":"<p>Denomina\u00e7\u00e3o qu\u00edmica: \u00c1cido di-p-anisoil-L-tart\u00e1rico; L-DATA<br \/>\nN.\u00ba CAS: 50583-51-2<br \/>\nF\u00f3rmula molecular: C20H18O10<br \/>\nPeso molecular: 418,35<br \/>\nAspeto: P\u00f3 cristalino branco ou esbranqui\u00e7ado<br \/>\nEnsaio: 98.0-101.0%<\/p>","protected":false},"featured_media":7697,"comment_status":"open","ping_status":"closed","template":"","meta":[],"product_brand":[],"product_cat":[17],"product_tag":[],"class_list":{"0":"post-10906","1":"product","2":"type-product","3":"status-publish","4":"has-post-thumbnail","6":"product_cat-uncategorized","8":"first","9":"instock","10":"shipping-taxable","11":"product-type-simple"},"_links":{"self":[{"href":"https:\/\/chemneo.com\/pt\/wp-json\/wp\/v2\/product\/10906","targetHints":{"allow":["GET"]}}],"collection":[{"href":"https:\/\/chemneo.com\/pt\/wp-json\/wp\/v2\/product"}],"about":[{"href":"https:\/\/chemneo.com\/pt\/wp-json\/wp\/v2\/types\/product"}],"replies":[{"embeddable":true,"href":"https:\/\/chemneo.com\/pt\/wp-json\/wp\/v2\/comments?post=10906"}],"wp:featuredmedia":[{"embeddable":true,"href":"https:\/\/chemneo.com\/pt\/wp-json\/wp\/v2\/media\/7697"}],"wp:attachment":[{"href":"https:\/\/chemneo.com\/pt\/wp-json\/wp\/v2\/media?parent=10906"}],"wp:term":[{"taxonomy":"product_brand","embeddable":true,"href":"https:\/\/chemneo.com\/pt\/wp-json\/wp\/v2\/product_brand?post=10906"},{"taxonomy":"product_cat","embeddable":true,"href":"https:\/\/chemneo.com\/pt\/wp-json\/wp\/v2\/product_cat?post=10906"},{"taxonomy":"product_tag","embeddable":true,"href":"https:\/\/chemneo.com\/pt\/wp-json\/wp\/v2\/product_tag?post=10906"}],"curies":[{"name":"wp","href":"https:\/\/api.w.org\/{rel}","templated":true}]}}