{"id":10907,"date":"2024-11-13T15:18:51","date_gmt":"2024-11-13T07:18:51","guid":{"rendered":"https:\/\/chemneo.com\/product\/10907.html"},"modified":"2024-11-13T15:18:51","modified_gmt":"2024-11-13T07:18:51","slug":"tert-butyl-acetate-cas-540-88-5-2","status":"publish","type":"product","link":"https:\/\/chemneo.com\/pt\/product\/10907.html","title":{"rendered":"tert-Butyl acetate CAS 540-88-5"},"content":{"rendered":"<p>Descri\u00e7\u00e3o<\/p>\n<p>\ttert-Butyl acetate Details<br \/>\nChemical Name: tert-Butyl acetate<br \/>\nSynonyms: Acetic acid 1,1-dimethylethyl ester<br \/>\nCAS No.: 540-88-5<br \/>\nMolecular Formula: C6H12O2<br \/>\nMolecular Weight: 116.16<br \/>\nMolecular\u00a0Structure:<br \/>\nAspeto: L\u00edquido<br \/>\ntert-Butyl acetate Typical Properties<\/p>\n<p>Apar\u00eancia<br \/>\nL\u00edquido<\/p>\n<p>Colour<br \/>\nColorless<\/p>\n<p>Ponto de fus\u00e3o<br \/>\n-62\u00b0C<\/p>\n<p>Ponto de ebuli\u00e7\u00e3o<br \/>\n98 \u00b0C<\/p>\n<p>Densidade<br \/>\n0.866\u00a0g\/mL\u00a0at 20\u00a0\u00b0C(lit.)<\/p>\n<p>Vapor Pressure<br \/>\n41 hPa (20 \u00b0C)<\/p>\n<p>\u00cdndice de refra\u00e7\u00e3o<br \/>\nn20\/D 1.386(lit.)<\/p>\n<p>Ponto de inflama\u00e7\u00e3o<br \/>\n60\u00a0\u00b0F<\/p>\n<p>Armazenamento<br \/>\nStore below +30\u00b0C.<\/p>\n<p>Solubilidade<br \/>\nInsoluble in water<\/p>\n<p>\u00a0<br \/>\ntert-Butyl acetate Usage<br \/>\nIt can be used as chemical solvent, gasoline anti-shock agent, and nitrocellulose solvent.<br \/>\ntert-Butyl acetate Packaging and Shipping<br \/>\nPacking: 25KG\/Drum<br \/>\ntert-Butyl acetate Storage<br \/>\nThe warehouse is ventilated, low-temperature and dry, and stored separately from oxidants.<\/p>","protected":false},"excerpt":{"rendered":"<p>Chemical Name: tert-Butyl acetate<br \/>\nSynonyms: Acetic acid 1,1-dimethylethyl ester<br \/>\nCAS No.: 540-88-5<br \/>\nMolecular Formula: C6H12O2<br \/>\nMolecular Weight: 116.16<br \/>\nAspeto: L\u00edquido<\/p>","protected":false},"featured_media":7699,"comment_status":"open","ping_status":"closed","template":"","meta":[],"product_brand":[],"product_cat":[17],"product_tag":[],"class_list":{"0":"post-10907","1":"product","2":"type-product","3":"status-publish","4":"has-post-thumbnail","6":"product_cat-uncategorized","8":"first","9":"instock","10":"shipping-taxable","11":"product-type-simple"},"_links":{"self":[{"href":"https:\/\/chemneo.com\/pt\/wp-json\/wp\/v2\/product\/10907","targetHints":{"allow":["GET"]}}],"collection":[{"href":"https:\/\/chemneo.com\/pt\/wp-json\/wp\/v2\/product"}],"about":[{"href":"https:\/\/chemneo.com\/pt\/wp-json\/wp\/v2\/types\/product"}],"replies":[{"embeddable":true,"href":"https:\/\/chemneo.com\/pt\/wp-json\/wp\/v2\/comments?post=10907"}],"wp:featuredmedia":[{"embeddable":true,"href":"https:\/\/chemneo.com\/pt\/wp-json\/wp\/v2\/media\/7699"}],"wp:attachment":[{"href":"https:\/\/chemneo.com\/pt\/wp-json\/wp\/v2\/media?parent=10907"}],"wp:term":[{"taxonomy":"product_brand","embeddable":true,"href":"https:\/\/chemneo.com\/pt\/wp-json\/wp\/v2\/product_brand?post=10907"},{"taxonomy":"product_cat","embeddable":true,"href":"https:\/\/chemneo.com\/pt\/wp-json\/wp\/v2\/product_cat?post=10907"},{"taxonomy":"product_tag","embeddable":true,"href":"https:\/\/chemneo.com\/pt\/wp-json\/wp\/v2\/product_tag?post=10907"}],"curies":[{"name":"wp","href":"https:\/\/api.w.org\/{rel}","templated":true}]}}