{"id":10914,"date":"2024-11-13T15:18:52","date_gmt":"2024-11-13T07:18:52","guid":{"rendered":"https:\/\/chemneo.com\/product\/10914.html"},"modified":"2024-11-13T15:18:52","modified_gmt":"2024-11-13T07:18:52","slug":"pimelic-acid-cas-111-16-0-4","status":"publish","type":"product","link":"https:\/\/chemneo.com\/pt\/product\/10914.html","title":{"rendered":"\u00c1cido pim\u00e9lico Cas 111-16-0"},"content":{"rendered":"<p>Descri\u00e7\u00e3o<\/p>\n<p>\tPimelic acid Quick Details<br \/>\nChemical Name: Pimelic acid<br \/>\nSynonyms: pimelinic acid; Pileric acid; Dimelic acid; 1,5-Pentanedicarboxylic acid; 6-Carboxyhexanoate; Heptanedioic acid; heptanedioate<br \/>\nCAS No.: 111-16-0<br \/>\nMolecular\u00a0Fomula: C7H12O4<br \/>\nChemical Structure:<\/p>\n<p>Molecular weight:\u00a0160.17<br \/>\nAspeto: P\u00f3 branco<br \/>\nEnsaio\uff1a\u226598%<br \/>\nPimelic acid Typical Properties<\/p>\n<p>ITEMS<br \/>\nSPECIFICATION<\/p>\n<p>Apar\u00eancia<br \/>\nWhite to Off-white powder<\/p>\n<p>Pureza<br \/>\n\u226598%<\/p>\n<p>Ponto de fus\u00e3o<br \/>\n1 03~10 5C<\/p>\n<p>Water<br \/>\n\u2264 0.5%<\/p>\n<p>Pimelic acid application:<br \/>\nPimelic acid is generally used in biochemical research and in the preparation of polymers. It can also be used as a raw material for plasticizers.<br \/>\nPimelic acid Packaging and Shipping\u00a0<br \/>\ncustomized according to customer needs.<br \/>\nPimelic acid Storage<br \/>\nIt should be stored in a clean, dry and cool place, preventing from sunlight, rain.<\/p>","protected":false},"excerpt":{"rendered":"<p>Chemical Name: Pimelic acid<br \/>\nSynonyms: pimelinic acid; Pileric acid; Dimelic acid; 1,5-Pentanedicarboxylic acid; 6-Carboxyhexanoate; Heptanedioic acid; heptanedioate<br \/>\nCAS No.: 111-16-0<br \/>\nMolecular\u00a0Fomula: C7H12O4<br \/>\nMolecular weight:\u00a0160.17<br \/>\nAspeto: P\u00f3 branco<br \/>\nEnsaio\uff1a\u226598%<\/p>","protected":false},"featured_media":7713,"comment_status":"open","ping_status":"closed","template":"","meta":[],"product_brand":[],"product_cat":[17],"product_tag":[],"class_list":{"0":"post-10914","1":"product","2":"type-product","3":"status-publish","4":"has-post-thumbnail","6":"product_cat-uncategorized","8":"first","9":"instock","10":"shipping-taxable","11":"product-type-simple"},"_links":{"self":[{"href":"https:\/\/chemneo.com\/pt\/wp-json\/wp\/v2\/product\/10914","targetHints":{"allow":["GET"]}}],"collection":[{"href":"https:\/\/chemneo.com\/pt\/wp-json\/wp\/v2\/product"}],"about":[{"href":"https:\/\/chemneo.com\/pt\/wp-json\/wp\/v2\/types\/product"}],"replies":[{"embeddable":true,"href":"https:\/\/chemneo.com\/pt\/wp-json\/wp\/v2\/comments?post=10914"}],"wp:featuredmedia":[{"embeddable":true,"href":"https:\/\/chemneo.com\/pt\/wp-json\/wp\/v2\/media\/7713"}],"wp:attachment":[{"href":"https:\/\/chemneo.com\/pt\/wp-json\/wp\/v2\/media?parent=10914"}],"wp:term":[{"taxonomy":"product_brand","embeddable":true,"href":"https:\/\/chemneo.com\/pt\/wp-json\/wp\/v2\/product_brand?post=10914"},{"taxonomy":"product_cat","embeddable":true,"href":"https:\/\/chemneo.com\/pt\/wp-json\/wp\/v2\/product_cat?post=10914"},{"taxonomy":"product_tag","embeddable":true,"href":"https:\/\/chemneo.com\/pt\/wp-json\/wp\/v2\/product_tag?post=10914"}],"curies":[{"name":"wp","href":"https:\/\/api.w.org\/{rel}","templated":true}]}}