{"id":10915,"date":"2024-11-13T15:18:52","date_gmt":"2024-11-13T07:18:52","guid":{"rendered":"https:\/\/chemneo.com\/product\/10915.html"},"modified":"2024-11-13T15:18:52","modified_gmt":"2024-11-13T07:18:52","slug":"4-trifluoromethylthiobenzoyl-chloride-cas-330-14-3-2","status":"publish","type":"product","link":"https:\/\/chemneo.com\/pt\/product\/10915.html","title":{"rendered":"Cloreto de 4-(trifluorometiltio)benzo\u00edlo Cas 330-14-3"},"content":{"rendered":"<p>Descri\u00e7\u00e3o<\/p>\n<p>\t4-(Trifluoromethylthio)benzoyl chloride\u00a0Quick Details<br \/>\nChemical Name: 4-(Trifluoromethylthio)benzoyl chloride; 4-(Trifluoromethylthio)benzoic Chloride<br \/>\nCAS No.: 330-14-3<br \/>\nMolecular Fomula: C8H4ClF3OS<br \/>\nChemical Structure:<\/p>\n<p>Molecular weight:\u00a0240.63<br \/>\nAspeto: L\u00edquido transparente<br \/>\n4-(Trifluoromethylthio)benzoyl chloride Typical Properties<\/p>\n<p>ITEMS<br \/>\nSPECIFICATION<\/p>\n<p>Densidade<br \/>\n1.445 g\/mL at 25 \u00b0C (lit.)<\/p>\n<p>Ponto de ebuli\u00e7\u00e3o<br \/>\n229-230 \u00b0C (lit.)<\/p>\n<p>Solubilidade<br \/>\nSoluble in chloroform, ethyl acetate<\/p>\n<p>Ponto de inflama\u00e7\u00e3o<br \/>\n117\u00a0\u00b0F<\/p>\n<p>4-(Trifluoromethylthio)benzoyl chloride application:<br \/>\n4-(Trifluoromethylthio)benzoyl chloride\u00a0was Intermediates 4-(Trifluoromethylthio)benzoyl chloride Packaging and Shipping\u00a0<br \/>\ncustomized according to customer needs.<br \/>\n4-(Trifluoromethylthio)benzoyl chloride\u00a0Storage<br \/>\nIt should be stored in a clean, dry and cool place, preventing from sunlight, rain.<\/p>","protected":false},"excerpt":{"rendered":"<p>Chemical Name: 4-(Trifluoromethylthio)benzoyl chloride; 4-(Trifluoromethylthio)benzoic Chloride<br \/>\nCAS No.: 330-14-3<br \/>\nMolecular Fomula: C8H4ClF3OS<br \/>\nMolecular weight:\u00a0240.63<br \/>\nAspeto: L\u00edquido transparente<\/p>","protected":false},"featured_media":7715,"comment_status":"open","ping_status":"closed","template":"","meta":[],"product_brand":[],"product_cat":[17],"product_tag":[],"class_list":{"0":"post-10915","1":"product","2":"type-product","3":"status-publish","4":"has-post-thumbnail","6":"product_cat-uncategorized","8":"first","9":"instock","10":"shipping-taxable","11":"product-type-simple"},"_links":{"self":[{"href":"https:\/\/chemneo.com\/pt\/wp-json\/wp\/v2\/product\/10915","targetHints":{"allow":["GET"]}}],"collection":[{"href":"https:\/\/chemneo.com\/pt\/wp-json\/wp\/v2\/product"}],"about":[{"href":"https:\/\/chemneo.com\/pt\/wp-json\/wp\/v2\/types\/product"}],"replies":[{"embeddable":true,"href":"https:\/\/chemneo.com\/pt\/wp-json\/wp\/v2\/comments?post=10915"}],"wp:featuredmedia":[{"embeddable":true,"href":"https:\/\/chemneo.com\/pt\/wp-json\/wp\/v2\/media\/7715"}],"wp:attachment":[{"href":"https:\/\/chemneo.com\/pt\/wp-json\/wp\/v2\/media?parent=10915"}],"wp:term":[{"taxonomy":"product_brand","embeddable":true,"href":"https:\/\/chemneo.com\/pt\/wp-json\/wp\/v2\/product_brand?post=10915"},{"taxonomy":"product_cat","embeddable":true,"href":"https:\/\/chemneo.com\/pt\/wp-json\/wp\/v2\/product_cat?post=10915"},{"taxonomy":"product_tag","embeddable":true,"href":"https:\/\/chemneo.com\/pt\/wp-json\/wp\/v2\/product_tag?post=10915"}],"curies":[{"name":"wp","href":"https:\/\/api.w.org\/{rel}","templated":true}]}}